{"id":185,"date":"2021-02-15T11:28:36","date_gmt":"2021-02-15T11:28:36","guid":{"rendered":"https:\/\/drmika.ch\/?page_id=185"},"modified":"2024-08-31T06:40:00","modified_gmt":"2024-08-31T06:40:00","slug":"dry-eye-syndrome","status":"publish","type":"page","link":"https:\/\/drmika.ch\/fr\/eye-disorders\/dry-eye-syndrome\/","title":{"rendered":"La s\u00e9cheresse oculaire"},"content":{"rendered":"<section class=\"wpb-content-wrapper\"><p>[vc_row][vc_column width=\u00a0\u00bb1\/6&Prime;][\/vc_column][vc_column width=\u00a0\u00bb2\/3&Prime;][vc_empty_space]<div class=\" agni-section-heading text-center ihda\" ><h2 class=\"section-heading-text \" style=\"font-size:30px;\"><span>La s\u00e9cheresse oculaire<\/span><\/h2><div class=\"section-divide-line divide-line text-center\"><span style=\"width:90px; height:1px; background-color:#ff655c\"><\/span><\/div><\/div>[vc_column_text]<\/p>\n<p style=\"text-align: justify;\"><strong>La s\u00e9cheresse oculaire<\/strong>\u00a0\u2013 est une s\u00e9cheresse au niveau de la corn\u00e9e et conjonctive de l\u2019\u0153il. Les facteurs de risques peuvent \u00eatre tr\u00e8s nombreux et peuvent aller de la prise d\u2019un certain m\u00e9dicament, \u00e0 des allergies, des facteurs environnementaux et m\u00eame, \u00e0 des dysfonctions des glandes lacrymales. Les sympt\u00f4mes de la s\u00e9cheresse: des br\u00fblements oculaires, des \u00e9coulements, une baisse de vision et des rougeurs. Il y a plusieurs traitements possibles, selon la cause de la s\u00e9cheresse.<\/p>\n<p>[\/vc_column_text][vc_empty_space]<div class=\" agni-image custom-image-container text-center\">\n\t\t\t<figure class=\"agni-image-figure\">\n\t\t\t\t<img loading=\"lazy\" decoding=\"async\" style=\"\" width=\"882\" height=\"299\" src=\"https:\/\/drmika.ch\/wp-content\/uploads\/2021\/03\/zespol-suchego-oka-e1621584003806.png\" class=\"fullwidth-image attachment-full  attachment-full\" alt=\"\" title=\"zespol suchego oka\" srcset=\"https:\/\/drmika.ch\/wp-content\/uploads\/2021\/03\/zespol-suchego-oka-e1621584003806.png 882w, https:\/\/drmika.ch\/wp-content\/uploads\/2021\/03\/zespol-suchego-oka-e1621584003806-300x102.png 300w, https:\/\/drmika.ch\/wp-content\/uploads\/2021\/03\/zespol-suchego-oka-e1621584003806-768x260.png 768w\" sizes=\"auto, (max-width: 882px) 100vw, 882px\" \/>\n\t\t\t\t<figcaption class=\"vc_figure-caption\"><\/figcaption>\n\t\t\t<\/figure>\n\t\t<\/div>[vc_empty_space][\/vc_column][vc_column width=\u00a0\u00bb1\/6&Prime;][\/vc_column][\/vc_row][vc_row][vc_column]<div class=\"agni-content-block\"><section class=\"wpb-content-wrapper\"><p>[vc_row][vc_column width=\u00a0\u00bb1\/6&Prime;][\/vc_column][vc_column width=\u00a0\u00bb2\/3&Prime;][vc_column_text]<\/p>\n<h5 id=\"tw-target-text\" class=\"tw-data-text tw-text-large tw-ta\" dir=\"ltr\" style=\"text-align: center;\" data-placeholder=\"T\u0142umaczenie\" aria-label=\"Przet\u0142umaczony tekst\" data-ved=\"2ahUKEwi6verBuYqHAxWNSvEDHRgtBMQQ3ewLegQIBxAU\"><span class=\"Y2IQFc\" lang=\"fr\">En savoir plus sur les traitements<\/span><\/h5>\n<p>[\/vc_column_text][vc_empty_space][vc_row_inner][vc_column_inner width=\u00a0\u00bb1\/3&Prime;][\/vc_column_inner][vc_column_inner bg_color=\u00a0\u00bb#f4f4f4&Prime; width=\u00a0\u00bb1\/3&Prime;][vc_empty_space]<div class=\" agni-image custom-image-container text-center\">\n\t\t\t<figure class=\"agni-image-figure\">\n\t\t\t\t<a href=\"https:\/\/drmika.ch\/fr\/treatment\/\"  target=\"_self\"><img loading=\"lazy\" decoding=\"async\" style=\"\" width=\"263\" height=\"146\" src=\"https:\/\/drmika.ch\/wp-content\/uploads\/2021\/06\/pikto-1.png\" class=\"fullwidth-image attachment-full  attachment-full\" alt=\"\" title=\"Treatment\" \/><\/a>\n\t\t\t\t<figcaption class=\"vc_figure-caption\"><\/figcaption>\n\t\t\t<\/figure>\n\t\t<\/div>[vc_empty_space][vc_column_text el_class=\u00a0\u00bbtext_element\u00a0\u00bb]<\/p>\n<h5 class=\"section-heading-text \" style=\"text-align: center;\"><a href=\"https:\/\/drmika.ch\/fr\/treatment\/\">Traitement<\/a><\/h5>\n<p>[\/vc_column_text][\/vc_column_inner][vc_column_inner width=\u00a0\u00bb1\/3&Prime;][\/vc_column_inner][\/vc_row_inner][\/vc_column][vc_column width=\u00a0\u00bb1\/6&Prime;][\/vc_column][\/vc_row]<\/p>\n<\/section><\/div>[\/vc_column][\/vc_row][vc_row][vc_column][vc_empty_space height=\u00a0\u00bb50&Prime;][\/vc_column][\/vc_row]<\/p>\n<\/section>","protected":false},"excerpt":{"rendered":"<p>[vc_row][vc_column width=\u00a0\u00bb1\/6&Prime;][\/vc_column][vc_column width=\u00a0\u00bb2\/3&Prime;][vc_empty_space][vc_column_text] La s\u00e9cheresse oculaire\u00a0\u2013 est une s\u00e9cheresse au niveau de la corn\u00e9e et conjonctive de l\u2019\u0153il. Les facteurs de risques peuvent \u00eatre tr\u00e8s nombreux et peuvent aller de la prise d\u2019un certain m\u00e9dicament, \u00e0 des allergies, des facteurs environnementaux et m\u00eame, \u00e0 des dysfonctions des glandes lacrymales. Les sympt\u00f4mes de la s\u00e9cheresse: des [&hellip;]<\/p>\n","protected":false},"author":1,"featured_media":0,"parent":20,"menu_order":0,"comment_status":"closed","ping_status":"closed","template":"","meta":{"footnotes":""},"class_list":["post-185","page","type-page","status-publish","hentry"],"_links":{"self":[{"href":"https:\/\/drmika.ch\/fr\/wp-json\/wp\/v2\/pages\/185","targetHints":{"allow":["GET"]}}],"collection":[{"href":"https:\/\/drmika.ch\/fr\/wp-json\/wp\/v2\/pages"}],"about":[{"href":"https:\/\/drmika.ch\/fr\/wp-json\/wp\/v2\/types\/page"}],"author":[{"embeddable":true,"href":"https:\/\/drmika.ch\/fr\/wp-json\/wp\/v2\/users\/1"}],"replies":[{"embeddable":true,"href":"https:\/\/drmika.ch\/fr\/wp-json\/wp\/v2\/comments?post=185"}],"version-history":[{"count":3,"href":"https:\/\/drmika.ch\/fr\/wp-json\/wp\/v2\/pages\/185\/revisions"}],"predecessor-version":[{"id":3519,"href":"https:\/\/drmika.ch\/fr\/wp-json\/wp\/v2\/pages\/185\/revisions\/3519"}],"up":[{"embeddable":true,"href":"https:\/\/drmika.ch\/fr\/wp-json\/wp\/v2\/pages\/20"}],"wp:attachment":[{"href":"https:\/\/drmika.ch\/fr\/wp-json\/wp\/v2\/media?parent=185"}],"curies":[{"name":"wp","href":"https:\/\/api.w.org\/{rel}","templated":true}]}}