{"id":3087,"date":"2021-02-25T14:13:58","date_gmt":"2021-02-25T14:13:58","guid":{"rendered":"https:\/\/drmika.ch\/?page_id=3087"},"modified":"2025-02-06T05:55:05","modified_gmt":"2025-02-06T05:55:05","slug":"cataract-surgery-laser","status":"publish","type":"page","link":"https:\/\/drmika.ch\/fr\/cataract-surgery-laser\/","title":{"rendered":"Chirurgie de la cataracte assist\u00e9e par laser FEMTOseconde"},"content":{"rendered":"<section class=\"wpb-content-wrapper\"><p><\/p>\n<p>[vc_row][vc_column width=\u00a0\u00bb1\/6&Prime;][\/vc_column][vc_column width=\u00a0\u00bb2\/3&Prime;][vc_empty_space]<div class=\" agni-section-heading text-center ihda\" ><h2 class=\"section-heading-text \" style=\"font-size:30px;\"><span>Chirurgie de la cataracte assist\u00e9e par laser FEMTOseconde<\/span><\/h2><div class=\"section-sub-heading-text\" style=\"font-size:18px;\">FLACS<\/div><div class=\"section-divide-line divide-line text-center\"><span style=\"width:90px; height:1px; background-color:#ff655c\"><\/span><\/div><\/div>[vc_column_text]<\/p>\n<p style=\"text-align: justify;\">L\u2019intervention de la cataracte consiste \u00e0 remplacer le cristallin naturel opacifi\u00e9 avec l\u2019\u00e2ge par une lentille artificielle. Il s\u2019agit d\u2019ouvrir la capsule ant\u00e9rieure du cristallin, d\u2019en retirer la cataracte nom d\u00e9signant le cristallin opaque avec une sonde \u00e0 ultrasons (phaco\u00e9mulsification) qui permet ainsi de fragmenter et d\u2019aspirer le cristallin \u00e0 travers une micro incision de 1,5 \u00e0 3,0 mm. Un cristallin artificiel pli\u00e9 pour son introduction est implant\u00e9. L\u2019acte chirurgical dure de 20 \u00e0 30 minutes. On op\u00e8re d\u2019abord un \u0153il, puis l\u2019autre ou, si n\u00e9cessaire, l\u2019un et l\u2019autre \u00e0 deux semaines d\u2019intervalle.<\/p>\n<p>[\/vc_column_text][vc_empty_space][vc_column_text]<\/p>\n<p style=\"text-align: justify;\">Nous vous proposons l&rsquo;op\u00e9ration de la cataracte avec assistance de <strong>laser FEMTOseconde par Ziemer LDV Z8\u00ae<\/strong>. La chirurgie \u00ab FEMTO cataracte \u00bb est une nouvelle technique d&rsquo;ouverture du cristallin, des incisions corn\u00e9ennes (capsulorexie) et de fragmentation du noyau cristallinien au <strong>laser FEMTOseconde<\/strong>. Elle permet de r\u00e9aliser un acte plus pr\u00e9cis afin d\u2019obtenir des r\u00e9sultats visuels encore plus performants. L&rsquo;utilisation du laser augmente la s\u00e9curit\u00e9 de la proc\u00e9dure chirurgicale et permet des incisions corn\u00e9ennes pr\u00e9cises, une capsulorexie, c&rsquo;est-\u00e0-dire une ouverture ronde dans la capsule ant\u00e9rieure du cristallin et une fragmentation du cristallin du patient.<\/p>\n<p>[\/vc_column_text][vc_column_text]<\/p>\n<p style=\"text-align: center;\"><video id=\"my-video\" class=\"video-js vjs-big-play-centered vjs-fluid\" width=\"300\" height=\"150\" data-setup=\"{&quot;controls&quot;: true, &quot;autoplay&quot;: false, &quot;preload&quot;: &quot;auto&quot;}\"><br \/><source src=\"https:\/\/drmika.ch\/wp-content\/uploads\/movies\/Cat_Anim_Femto_Surgery.mp4\" type=\"video\/mp4\" \/><br \/><track kind=\"captions\" src=\"https:\/\/drmika.ch\/wp-content\/uploads\/2021\/05\/Cat_Anim_Femto_Surgery_FR.vtt\" srclang=\"fr\" label=\"French\" default=\"\" \/><\/video><\/p>\n<p>[\/vc_column_text][vc_empty_space][vc_column_text]<\/p>\n<p style=\"text-align: justify;\"><strong><u>Il existe aujourd\u2019hui plusieurs implants (lentilles) permettant de corriger simultan\u00e9ment diff\u00e9rents troubles de la vue. Trouvez ci-dessous les diff\u00e9rents types d\u2019implants propos\u00e9s:<\/u><\/strong><\/p>\n<p style=\"text-align: justify;\"><strong>Une lentille standard<\/strong>,\u00a0sph\u00e9rique, con\u00e7ue pour restaurer la vision \u00e0 distance unique. Elle est prise en charge par l&rsquo;assurance de base.<\/p>\n<p style=\"text-align: justify;\"><strong>Une lentille basique monofocale asph\u00e9rique<\/strong> restaure la vision de pr\u00e8s ou la vision de loin en focalisant toute la lumi\u00e8re sur un seul foyer (de loin ou de pr\u00e8s). Elle a l&rsquo;inconv\u00e9nient d&rsquo;obliger, dans la majorit\u00e9 des cas, le port des lunettes pour la lecture (vision de pr\u00e8s) et devant l&rsquo;ordinateur (vision interm\u00e9diaire). Elle permet la perception des contrastes avec une sensibilit\u00e9 sup\u00e9rieure \u00e0 l&rsquo;implant standard et surtout dans les conditions de faible luminosit\u00e9 (scotopique).<\/p>\n<p style=\"text-align: justify;\"><strong>Une lentille torique<\/strong> pr\u00e9conis\u00e9e en cas d&rsquo;astigmatisme corn\u00e9en important, permet d&rsquo;am\u00e9liorer la vision sans lunettes.<\/p>\n<p style=\"text-align: justify;\"><strong>Une lentille avanc\u00e9e c\u2019est-\u00e0-dire un implant multifocal ou \u00ab implant EDOF \u00bb (pseudo progressive &#8211; extended depth of focus).<\/strong> Ces lentilles poss\u00e8dent une profondeur de champ qui permet d&rsquo;\u00eatre moins d\u00e9pendant des lunettes \u00e0 pratiquement toutes les distances. Bien que dans certains cas elles soient tout de m\u00eame n\u00e9cessaires pour certaines activit\u00e9s (la lecture prolong\u00e9e, la conduite prolong\u00e9e etc.), les implants avanc\u00e9s permettent de r\u00e9duire le port de lunettes au quotidien. Ces lentilles sont indiqu\u00e9es chez les patients qui, apr\u00e8s l&rsquo;op\u00e9ration de la cataracte, pr\u00e9f\u00e8rent rester ind\u00e9pendants des lunettes ou des lentilles de contact. Les implants sont propos\u00e9s chez le patient atteint de la cataracte, m\u00eame d\u00e9butante. Les implants avanc\u00e9s sont aussi une alternative chez le patient voulant se d\u00e9barrasser des lunettes mais ne pouvant pas subir de chirurgie r\u00e9fractive corn\u00e9enne au laser (la proc\u00e9dure est nomm\u00e9e par acronyme <strong>CLE<\/strong> &#8211; clear lens exchange \/ \u00e9change d&rsquo;une lentille transparente). La correction de l&rsquo;astigmatisme et de la presbytie (la proc\u00e9dure est nomm\u00e9e par acronyme <strong>PRELEX<\/strong> &#8211; presbyopic lens exchange \/ \u00e9change d&rsquo;une lentille chez les presbytes) est aussi possible avec des lentilles avanc\u00e9es.<\/p>\n<p style=\"text-align: justify;\"><strong>Le laser FEMTOseconde<\/strong> optimise les performances de ces nouveaux implants avanc\u00e9s.<\/p>\n<p>[\/vc_column_text][vc_empty_space][vc_column_text]<\/p>\n<h6 style=\"color: #ff655c;\">ATTENTION<\/h6>\n<p style=\"text-align: justify;\">Il est recommand\u00e9 de rester dans le calme apr\u00e8s la chirurgie et ce durant quelques jours.<\/p>\n<p style=\"text-align: justify;\">Ces traitements sont pratiqu\u00e9s en ambulatoire, sous anesth\u00e9sie locale. Le patient ne peut pas conduire apr\u00e8s l&rsquo;intervention. Il est de plus recommand\u00e9 de venir accompagn\u00e9.<\/p>\n<p>[\/vc_column_text][vc_empty_space][vc_column_text]<\/p>\n<h4 style=\"text-align: center;\"><a style=\"color: #ff655c; text-size: 15px; line-height: normal;\" href=\"https:\/\/drmika.ch\/contact\/\">Prenez soin de vos yeux<br \/>\nprenez rendez-vous d\u00e8s aujourd\u2019hui<\/a><\/h4>\n<p>[\/vc_column_text][vc_row_inner][vc_column_inner width=\u00a0\u00bb1\/4&Prime;][\/vc_column_inner][vc_column_inner align=\u00a0\u00bbcenter\u00a0\u00bb width=\u00a0\u00bb1\/4&Prime;][vc_column_text]<div class=\"_df_thumb \" id=\"df_3959\"  _slug=\"cataract-surgery-with-laser-flasc-fr\" data-title=\"chirurgie-de-la-cataracte-au-laser-femto\" wpoptions=\"true\" thumb=\"https:\/\/drmika.ch\/wp-content\/uploads\/2024\/12\/FR-laser-screen.png\" thumbtype=\"\" >Chirurgie de la cataracte au laser FEMTO<\/div><script class=\"df-shortcode-script\" nowprocket type=\"application\/javascript\">window.option_df_3959 = {\"outline\":[],\"autoEnableOutline\":\"false\",\"autoEnableThumbnail\":\"false\",\"overwritePDFOutline\":\"false\",\"direction\":\"1\",\"pageSize\":\"0\",\"source\":\"https:\\\/\\\/drmika.ch\\\/wp-content\\\/uploads\\\/2024\\\/12\\\/FR-Cataract-surgery-with-laser-flasc.pdf\",\"wpOptions\":\"true\"}; if(window.DFLIP && window.DFLIP.parseBooks){window.DFLIP.parseBooks();}<\/script>[\/vc_column_text][\/vc_column_inner][vc_column_inner align=\u00a0\u00bbcenter\u00a0\u00bb width=\u00a0\u00bb1\/4&Prime;][vc_column_text]<div class=\"_df_thumb \" id=\"df_4120\"  _slug=\"ziemer-cataract-brochure\" data-title=\"ziemer-cataract-brochure\" wpoptions=\"true\" thumb=\"https:\/\/drmika.ch\/wp-content\/uploads\/2024\/12\/ziemer_cover.jpg\" thumbtype=\"\" >Ziemer &#8211; Cataract Brochure<\/div><script class=\"df-shortcode-script\" nowprocket type=\"application\/javascript\">window.option_df_4120 = {\"outline\":[],\"autoEnableOutline\":\"false\",\"autoEnableThumbnail\":\"false\",\"overwritePDFOutline\":\"false\",\"direction\":\"1\",\"pageSize\":\"0\",\"source\":\"https:\\\/\\\/drmika.ch\\\/wp-content\\\/uploads\\\/2024\\\/12\\\/Ziemer-Cataract_Patient_Brochure.pdf\",\"wpOptions\":\"true\"}; if(window.DFLIP && window.DFLIP.parseBooks){window.DFLIP.parseBooks();}<\/script>[\/vc_column_text][\/vc_column_inner][vc_column_inner width=\u00a0\u00bb1\/4&Prime;][\/vc_column_inner][\/vc_row_inner][vc_empty_space][\/vc_column][vc_column width=\u00a0\u00bb1\/6&Prime;][\/vc_column][\/vc_row][vc_row][vc_column]<div class=\" agni-section-heading text-center ihda\" ><h2 class=\"section-heading-text \" style=\"font-size:24px;\"><span>En savoir plus<\/span><\/h2><div class=\"section-divide-line divide-line text-center\"><span style=\"width:90px; height:1px; background-color:#ff655c\"><\/span><\/div><\/div>\n\t\t\t<!-- START seemorelasercataract REVOLUTION SLIDER 6.6.5 --><p class=\"rs-p-wp-fix\"><\/p>\n\t\t\t<rs-module-wrap id=\"rev_slider_97_1_wrapper\" data-source=\"gallery\" style=\"visibility:hidden;background:transparent;padding:0;margin:0px auto;margin-top:0;margin-bottom:0;\">\n\t\t\t\t<rs-module id=\"rev_slider_97_1\" style=\"\" data-version=\"6.6.5\">\n\t\t\t\t\t<rs-slides style=\"overflow: hidden; position: absolute;\">\n\t\t\t\t\t\t<rs-slide style=\"position: absolute;\" data-key=\"rs-185\" data-title=\"Slide\" data-in=\"o:0;\" data-out=\"a:false;\">\n\t\t\t\t\t\t\t<img decoding=\"async\" src=\"\/\/drmika.ch\/wp-content\/plugins\/revslider\/public\/assets\/assets\/dummy.png\" alt=\"Slide\" title=\"Chirurgie de la cataracte assist\u00e9e par laser FEMTOseconde\" class=\"rev-slidebg tp-rs-img rs-lazyload\" data-lazyload=\"\/\/drmika.ch\/wp-content\/plugins\/revslider\/public\/assets\/assets\/transparent.png\" data-no-retina>\n<!--\n\t\t\t\t\t\t\t--><a\n\t\t\t\t\t\t\t\tid=\"slider-97-slide-185-layer-4\" \n\t\t\t\t\t\t\t\tclass=\"rs-layer\"\n\t\t\t\t\t\t\t\thref=\"https:\/\/drmika.ch\/more-about-eye-treatment\/#movie2\" target=\"_self\"\n\t\t\t\t\t\t\t\tdata-type=\"image\"\n\t\t\t\t\t\t\t\tdata-rsp_ch=\"on\"\n\t\t\t\t\t\t\t\tdata-xy=\"x:c;xo:2px,2px,6px,0;\"\n\t\t\t\t\t\t\t\tdata-text=\"w:normal;s:20,20,62,38;l:0,0,77,47;\"\n\t\t\t\t\t\t\t\tdata-dim=\"w:250px,250px,778px,458px;h:137px,137px,426px,252px;\"\n\t\t\t\t\t\t\t\tdata-frame_999=\"o:0;st:w;\"\n\t\t\t\t\t\t\t\tstyle=\"z-index:28;\"\n\t\t\t\t\t\t\t><img decoding=\"async\" src=\"\/\/drmika.ch\/wp-content\/plugins\/revslider\/public\/assets\/assets\/dummy.png\" alt=\"\" class=\"tp-rs-img rs-lazyload\" width=\"2559\" height=\"1412\" data-lazyload=\"\/\/drmika.ch\/wp-content\/uploads\/2024\/12\/laser-assisted_cataract_surgery_with_a_monofocal_lens-1.jpg\" data-no-retina> \n\t\t\t\t\t\t\t<\/a><!--\n-->\t\t\t\t\t\t<\/rs-slide>\n\t\t\t\t\t<\/rs-slides>\n\t\t\t\t<\/rs-module>\n\t\t\t\t<script>\n\t\t\t\t\tsetREVStartSize({c: 'rev_slider_97_1',rl:[1240,1240,778,480],el:[200,200,560,350],gw:[250,250,778,480],gh:[200,200,560,350],type:'hero',justify:'',layout:'fullwidth',mh:\"0\"});if (window.RS_MODULES!==undefined && window.RS_MODULES.modules!==undefined && window.RS_MODULES.modules[\"revslider971\"]!==undefined) {window.RS_MODULES.modules[\"revslider971\"].once = false;window.revapi97 = undefined;if (window.RS_MODULES.checkMinimal!==undefined) window.RS_MODULES.checkMinimal()}\n\t\t\t\t<\/script>\n\t\t\t<\/rs-module-wrap>\n\t\t\t<!-- END REVOLUTION SLIDER -->\n[vc_empty_space][\/vc_column][\/vc_row][vc_row][vc_column width=\u00a0\u00bb1\/5&Prime;][\/vc_column][vc_column width=\u00a0\u00bb1\/5&Prime;][\/vc_column][vc_column width=\u00a0\u00bb1\/5&Prime;]<div class=\" agni-image custom-image-container text-left\">\n\t\t\t<figure class=\"agni-image-figure\">\n\t\t\t\t<a href=\"https:\/\/www.ziemergroup.com\/en\/patients\/z-cataract\/\"  target=\"_blank\"><img loading=\"lazy\" decoding=\"async\" style=\"\" width=\"2396\" height=\"695\" src=\"https:\/\/drmika.ch\/wp-content\/uploads\/2024\/12\/FEMTO-LDV-Z8_Logo-transparent_with-addon_no-effect.png\" class=\"fullwidth-image attachment-full  attachment-full\" alt=\"\" title=\"FEMTO LDV Z8_Logo transparent_with addon_no effect\" srcset=\"https:\/\/drmika.ch\/wp-content\/uploads\/2024\/12\/FEMTO-LDV-Z8_Logo-transparent_with-addon_no-effect.png 2396w, https:\/\/drmika.ch\/wp-content\/uploads\/2024\/12\/FEMTO-LDV-Z8_Logo-transparent_with-addon_no-effect-300x87.png 300w, https:\/\/drmika.ch\/wp-content\/uploads\/2024\/12\/FEMTO-LDV-Z8_Logo-transparent_with-addon_no-effect-1024x297.png 1024w, https:\/\/drmika.ch\/wp-content\/uploads\/2024\/12\/FEMTO-LDV-Z8_Logo-transparent_with-addon_no-effect-768x223.png 768w, https:\/\/drmika.ch\/wp-content\/uploads\/2024\/12\/FEMTO-LDV-Z8_Logo-transparent_with-addon_no-effect-1536x446.png 1536w, https:\/\/drmika.ch\/wp-content\/uploads\/2024\/12\/FEMTO-LDV-Z8_Logo-transparent_with-addon_no-effect-2048x594.png 2048w, https:\/\/drmika.ch\/wp-content\/uploads\/2024\/12\/FEMTO-LDV-Z8_Logo-transparent_with-addon_no-effect-960x278.png 960w\" sizes=\"auto, (max-width: 2396px) 100vw, 2396px\" \/><\/a>\n\t\t\t\t<figcaption class=\"vc_figure-caption\"><\/figcaption>\n\t\t\t<\/figure>\n\t\t<\/div>[\/vc_column][vc_column width=\u00a0\u00bb1\/5&Prime;][\/vc_column][vc_column width=\u00a0\u00bb1\/5&Prime;][\/vc_column][\/vc_row][vc_row][vc_column][vc_empty_space height=\u00a0\u00bb50px\u00a0\u00bb][\/vc_column][\/vc_row]<\/p>\n<p><\/p>\n<\/section>","protected":false},"excerpt":{"rendered":"<p>[vc_row][vc_column width=\u00a0\u00bb1\/6&Prime;][\/vc_column][vc_column width=\u00a0\u00bb2\/3&Prime;][vc_empty_space][vc_column_text] L\u2019intervention de la cataracte consiste \u00e0 remplacer le cristallin naturel opacifi\u00e9 avec l\u2019\u00e2ge par une lentille artificielle. Il s\u2019agit d\u2019ouvrir la capsule ant\u00e9rieure du cristallin, d\u2019en retirer la cataracte nom d\u00e9signant le cristallin opaque avec une sonde \u00e0 ultrasons (phaco\u00e9mulsification) qui permet ainsi de fragmenter et d\u2019aspirer le cristallin \u00e0 travers une [&hellip;]<\/p>\n","protected":false},"author":1,"featured_media":0,"parent":0,"menu_order":0,"comment_status":"closed","ping_status":"closed","template":"","meta":{"footnotes":""},"class_list":["post-3087","page","type-page","status-publish","hentry"],"_links":{"self":[{"href":"https:\/\/drmika.ch\/fr\/wp-json\/wp\/v2\/pages\/3087","targetHints":{"allow":["GET"]}}],"collection":[{"href":"https:\/\/drmika.ch\/fr\/wp-json\/wp\/v2\/pages"}],"about":[{"href":"https:\/\/drmika.ch\/fr\/wp-json\/wp\/v2\/types\/page"}],"author":[{"embeddable":true,"href":"https:\/\/drmika.ch\/fr\/wp-json\/wp\/v2\/users\/1"}],"replies":[{"embeddable":true,"href":"https:\/\/drmika.ch\/fr\/wp-json\/wp\/v2\/comments?post=3087"}],"version-history":[{"count":37,"href":"https:\/\/drmika.ch\/fr\/wp-json\/wp\/v2\/pages\/3087\/revisions"}],"predecessor-version":[{"id":4267,"href":"https:\/\/drmika.ch\/fr\/wp-json\/wp\/v2\/pages\/3087\/revisions\/4267"}],"wp:attachment":[{"href":"https:\/\/drmika.ch\/fr\/wp-json\/wp\/v2\/media?parent=3087"}],"curies":[{"name":"wp","href":"https:\/\/api.w.org\/{rel}","templated":true}]}}