{"id":3091,"date":"2021-02-25T14:07:56","date_gmt":"2021-02-25T14:07:56","guid":{"rendered":"https:\/\/drmika.ch\/?page_id=3091"},"modified":"2025-01-12T09:53:46","modified_gmt":"2025-01-12T09:53:46","slug":"yag-iridotomy","status":"publish","type":"page","link":"https:\/\/drmika.ch\/fr\/treatment\/yag-iridotomy\/","title":{"rendered":"YAG laser iridotomie"},"content":{"rendered":"<section class=\"wpb-content-wrapper\"><p>[vc_row][vc_column width=\u00a0\u00bb1\/6&Prime;][\/vc_column][vc_column width=\u00a0\u00bb2\/3&Prime;][vc_empty_space]<div class=\" agni-section-heading text-center ihda\" ><h2 class=\"section-heading-text \" style=\"font-size:30px;\"><span>YAG laser iridotomie<\/span><\/h2><div class=\"section-divide-line divide-line text-center\"><span style=\"width:90px; height:1px; background-color:#ff655c\"><\/span><\/div><\/div>[vc_column_text]<\/p>\n<p style=\"text-align: justify;\">La th\u00e9rapie de l\u2019iris au laser YAG, ou iridotomie, est r\u00e9alis\u00e9e dans le cadre du glaucome \u00e0 angle ferm\u00e9. L&rsquo;iridotomie au laser consiste \u00e0 faire un petit trou dans la partie p\u00e9riph\u00e9rique de l&rsquo;iris, qui am\u00e9liore le flux d&rsquo;humeur aqueuse dans l&rsquo;\u0153il et maintient une pression oculaire normale.<\/p>\n<p>[\/vc_column_text][vc_empty_space][vc_column_text]<\/p>\n<h6 style=\"color: #ff655c;\">REMARQUE<\/h6>\n<p style=\"text-align: justify;\">Ces traitements sont pratiqu\u00e9s en ambulatoire, sous anesth\u00e9sie locale. Le patient ne peut pas conduire apr\u00e8s l&rsquo;intervention. Il est de plus recommand\u00e9 de venir accompagn\u00e9.<\/p>\n<p>[\/vc_column_text][vc_empty_space][vc_column_text]<\/p>\n<h4 style=\"text-align: center;\"><a style=\"color: #ff655c; text-size: 15px; line-height: normal;\" href=\"https:\/\/drmika.ch\/contact\/\">Prenez soin de vos yeux &#8211;<br \/>\nprenez rendez-vous d\u00e8s aujourd&rsquo;hui<\/a><\/h4>\n<p>[\/vc_column_text][\/vc_column][vc_column width=\u00a0\u00bb1\/6&Prime;][\/vc_column][\/vc_row][vc_row][vc_column][vc_empty_space height=\u00a0\u00bb50px\u00a0\u00bb][\/vc_column][\/vc_row]<\/p>\n<\/section>","protected":false},"excerpt":{"rendered":"<p>[vc_row][vc_column width=\u00a0\u00bb1\/6&Prime;][\/vc_column][vc_column width=\u00a0\u00bb2\/3&Prime;][vc_empty_space][vc_column_text] La th\u00e9rapie de l\u2019iris au laser YAG, ou iridotomie, est r\u00e9alis\u00e9e dans le cadre du glaucome \u00e0 angle ferm\u00e9. L&rsquo;iridotomie au laser consiste \u00e0 faire un petit trou dans la partie p\u00e9riph\u00e9rique de l&rsquo;iris, qui am\u00e9liore le flux d&rsquo;humeur aqueuse dans l&rsquo;\u0153il et maintient une pression oculaire normale. [\/vc_column_text][vc_empty_space][vc_column_text] REMARQUE Ces traitements [&hellip;]<\/p>\n","protected":false},"author":1,"featured_media":0,"parent":26,"menu_order":0,"comment_status":"closed","ping_status":"closed","template":"","meta":{"footnotes":""},"class_list":["post-3091","page","type-page","status-publish","hentry"],"_links":{"self":[{"href":"https:\/\/drmika.ch\/fr\/wp-json\/wp\/v2\/pages\/3091","targetHints":{"allow":["GET"]}}],"collection":[{"href":"https:\/\/drmika.ch\/fr\/wp-json\/wp\/v2\/pages"}],"about":[{"href":"https:\/\/drmika.ch\/fr\/wp-json\/wp\/v2\/types\/page"}],"author":[{"embeddable":true,"href":"https:\/\/drmika.ch\/fr\/wp-json\/wp\/v2\/users\/1"}],"replies":[{"embeddable":true,"href":"https:\/\/drmika.ch\/fr\/wp-json\/wp\/v2\/comments?post=3091"}],"version-history":[{"count":5,"href":"https:\/\/drmika.ch\/fr\/wp-json\/wp\/v2\/pages\/3091\/revisions"}],"predecessor-version":[{"id":4239,"href":"https:\/\/drmika.ch\/fr\/wp-json\/wp\/v2\/pages\/3091\/revisions\/4239"}],"up":[{"embeddable":true,"href":"https:\/\/drmika.ch\/fr\/wp-json\/wp\/v2\/pages\/26"}],"wp:attachment":[{"href":"https:\/\/drmika.ch\/fr\/wp-json\/wp\/v2\/media?parent=3091"}],"curies":[{"name":"wp","href":"https:\/\/api.w.org\/{rel}","templated":true}]}}