{"id":3110,"date":"2021-02-25T14:19:21","date_gmt":"2021-02-25T14:19:21","guid":{"rendered":"https:\/\/drmika.ch\/?page_id=3110"},"modified":"2025-01-18T12:55:14","modified_gmt":"2025-01-18T12:55:14","slug":"icl","status":"publish","type":"page","link":"https:\/\/drmika.ch\/fr\/laser-surgery\/icl\/","title":{"rendered":"ICL"},"content":{"rendered":"<section class=\"wpb-content-wrapper\"><p>[vc_row][vc_column width=\u00a0\u00bb1\/6&Prime;][\/vc_column][vc_column width=\u00a0\u00bb2\/3&Prime;][vc_empty_space]<div class=\" agni-section-heading text-center ihda\" ><h2 class=\"section-heading-text \" style=\"font-size:30px;\"><span>ICL<\/span><\/h2><div class=\"section-divide-line divide-line text-center\"><span style=\"width:90px; height:1px; background-color:#ff655c\"><\/span><\/div><\/div>[vc_column_text]<\/p>\n<h5><strong>Implantation de lentille intraoculaire (ICL)<\/strong><\/h5>\n<p style=\"text-align: justify;\">Implantation d&rsquo;une lentille similaire \u00e0 une lentille de contact, mais \u00e0 l&rsquo;int\u00e9rieur de l&rsquo;\u0153il dans l&rsquo;espace entre l&rsquo;iris et la lentille naturelle (sans retirer la lentille naturelle du patient).<br \/>\nC&rsquo;est une m\u00e9thode de correction de n\u2019importe quel d\u00e9faut de vision (myopie, hyperm\u00e9tropie et astigmatisme). Cette m\u00e9thode est une solution qui s&rsquo;adresse principalement aux jeunes patients atteints de myopie ou d&rsquo;hyperm\u00e9tropie \u00e9lev\u00e9es ou d&rsquo;astigmatisme.<\/p>\n<p>[\/vc_column_text][vc_empty_space][vc_column_text]<\/p>\n<h6><a style=\"color: #ff655c;\">REMARQUE<\/a><\/h6>\n<div id=\"\" class=\"agni_text_column agni-text-block \">\n<p>Ces traitements sont pratiqu\u00e9s en ambulatoire, sous anesth\u00e9sie locale. Le patient ne peut pas conduire apr\u00e8s l\u2019intervention. Il est de plus recommand\u00e9 de venir accompagn\u00e9.<\/p>\n<\/div>\n<p style=\"text-align: justify;\">La correction de la vue au laser est une m\u00e9thode rapide, s\u00fbre et pratiquement indolore pour se d\u00e9barrasser d&rsquo;un d\u00e9faut de vision. Le patient peut r\u00e9cup\u00e9rer une bonne vision le lendemain de l&rsquo;intervention. Mais de l\u00e9g\u00e8res fluctuations de la vision peuvent persister pendant environ un mois. L\u2019am\u00e9lioration visuelle se poursuit progressivement environ 6 mois apr\u00e8s le traitement.<\/p>\n<p>[\/vc_column_text][vc_empty_space][vc_column_text]<\/p>\n<h4 style=\"text-align: center;\"><a style=\"color: #ff655c; text-size: 15px; line-height: normal;\" href=\"https:\/\/drmika.ch\/contact\/\">Prenez soin de vos yeux<br \/>\nprenez rendez-vous d\u00e8s aujourd\u2019hui<\/a><\/h4>\n<p>[\/vc_column_text][\/vc_column][vc_column width=\u00a0\u00bb1\/6&Prime;][\/vc_column][\/vc_row]<\/p>\n<\/section>","protected":false},"excerpt":{"rendered":"<p>[vc_row][vc_column width=\u00a0\u00bb1\/6&Prime;][\/vc_column][vc_column width=\u00a0\u00bb2\/3&Prime;][vc_empty_space][vc_column_text] Implantation de lentille intraoculaire (ICL) Implantation d&rsquo;une lentille similaire \u00e0 une lentille de contact, mais \u00e0 l&rsquo;int\u00e9rieur de l&rsquo;\u0153il dans l&rsquo;espace entre l&rsquo;iris et la lentille naturelle (sans retirer la lentille naturelle du patient). C&rsquo;est une m\u00e9thode de correction de n\u2019importe quel d\u00e9faut de vision (myopie, hyperm\u00e9tropie et astigmatisme). Cette m\u00e9thode est [&hellip;]<\/p>\n","protected":false},"author":1,"featured_media":0,"parent":3613,"menu_order":0,"comment_status":"closed","ping_status":"closed","template":"","meta":{"footnotes":""},"class_list":["post-3110","page","type-page","status-publish","hentry"],"_links":{"self":[{"href":"https:\/\/drmika.ch\/fr\/wp-json\/wp\/v2\/pages\/3110","targetHints":{"allow":["GET"]}}],"collection":[{"href":"https:\/\/drmika.ch\/fr\/wp-json\/wp\/v2\/pages"}],"about":[{"href":"https:\/\/drmika.ch\/fr\/wp-json\/wp\/v2\/types\/page"}],"author":[{"embeddable":true,"href":"https:\/\/drmika.ch\/fr\/wp-json\/wp\/v2\/users\/1"}],"replies":[{"embeddable":true,"href":"https:\/\/drmika.ch\/fr\/wp-json\/wp\/v2\/comments?post=3110"}],"version-history":[{"count":10,"href":"https:\/\/drmika.ch\/fr\/wp-json\/wp\/v2\/pages\/3110\/revisions"}],"predecessor-version":[{"id":4261,"href":"https:\/\/drmika.ch\/fr\/wp-json\/wp\/v2\/pages\/3110\/revisions\/4261"}],"up":[{"embeddable":true,"href":"https:\/\/drmika.ch\/fr\/wp-json\/wp\/v2\/pages\/3613"}],"wp:attachment":[{"href":"https:\/\/drmika.ch\/fr\/wp-json\/wp\/v2\/media?parent=3110"}],"curies":[{"name":"wp","href":"https:\/\/api.w.org\/{rel}","templated":true}]}}