{"id":329,"date":"2021-02-25T13:04:47","date_gmt":"2021-02-25T13:04:47","guid":{"rendered":"https:\/\/drmika.ch\/?page_id=329"},"modified":"2024-07-05T06:55:54","modified_gmt":"2024-07-05T06:55:54","slug":"adult-eye-examination-and-treatment","status":"publish","type":"page","link":"https:\/\/drmika.ch\/fr\/treatment\/adult-eye-examination-and-treatment\/","title":{"rendered":"L&rsquo;examen et le traitement des yeux chez les adultes"},"content":{"rendered":"<section class=\"wpb-content-wrapper\"><p>[vc_row][vc_column width=\u00a0\u00bb1\/6&Prime;][\/vc_column][vc_column width=\u00a0\u00bb2\/3&Prime;][vc_empty_space]<div class=\" agni-section-heading text-center ihda\" ><h2 class=\"section-heading-text \" style=\"font-size:30px;\"><span>L'examen et le traitement des yeux chez les adultes<\/span><\/h2><div class=\"section-divide-line divide-line text-center\"><span style=\"width:90px; height:1px; background-color:#ff655c\"><\/span><\/div><\/div>[vc_column_text]<\/p>\n<p style=\"text-align: justify;\">L\u2019\u00e9quipement de notre cabinet est adapt\u00e9 pour examiner les adultes de tout \u00e2ge. L&rsquo;examen \u00e0 la lampe \u00e0 fente et l&rsquo;examen du fond de l&rsquo;\u0153il permettront une \u00e9valuation pr\u00e9cise de l&rsquo;\u00e9tat de l&rsquo;\u0153il, confort\u00e9e par notre exp\u00e9rience, ainsi que le diagnostic des maladies oculaires.<\/p>\n<p style=\"text-align: justify;\">L\u2019\u00e9tude de la fonction visuelle permet de d\u00e9celer les d\u00e9fauts de la vision tels que la myopie, l\u2019hyperm\u00e9tropie, l\u2019astigmatisme, la presbytie etc\u2026 et ainsi de prescrire des lunettes ou des lentilles de contact en fonction des besoins du patient.<\/p>\n<p style=\"text-align: justify;\">Nous pouvons aussi analyser les structures oculaires, depuis la surface (conjonctive, scl\u00e9rotique et corn\u00e9e), jusqu\u2019au fond de l\u2019\u0153il (r\u00e9tine, choro\u00efde et nerf optique) en passant par les milieux transparents (cristallin et corps vitr\u00e9).<\/p>\n<p style=\"text-align: justify;\">Au terme de l\u2019examen, un diagnostic est retenu et nous proposons le traitement adapt\u00e9 et n\u00e9cessaire. Des investigations suppl\u00e9mentaires peuvent \u00eatre recommand\u00e9es.<\/p>\n<p style=\"text-align: justify;\">Nous disposons \u00e9galement du mat\u00e9riel de mesure n\u00e9cessaire aux examens demand\u00e9s par les offices f\u00e9d\u00e9raux et cantonaux (bureau des autos, police, militaire, aviation, etc).<\/p>\n<p style=\"text-align: justify;\">S\u2019il est utile de compl\u00e9ter l\u2019examen, nous devrons instiller dans vos yeux un collyre pour dilater vos pupilles. Vous verrez flou pendant au moins 4 heures, c\u2019est pourquoi vous ne pourrez pas conduire et il est pr\u00e9f\u00e9rable de vous faire accompagner. Il est aussi fortement recommand\u00e9 de porter des lunettes de soleil. Vos yeux seront tr\u00e8s sensibles \u00e0 la lumi\u00e8re.<\/p>\n<p>[\/vc_column_text][vc_empty_space][vc_column_text]<\/p>\n<h4 style=\"text-align: center;\"><a style=\"color: #ff655c; text-size: 15px; line-height: normal;\" href=\"https:\/\/drmika.ch\/contact\/\">Prenez soin de vos yeux &#8211;<br \/>\nprenez rendez-vous d\u00e8s aujourd&rsquo;hui<\/a><\/h4>\n<p>[\/vc_column_text][vc_empty_space height=\u00a0\u00bb50px\u00a0\u00bb][\/vc_column][vc_column width=\u00a0\u00bb1\/6&Prime;][\/vc_column][\/vc_row]<\/p>\n<\/section>","protected":false},"excerpt":{"rendered":"<p>[vc_row][vc_column width=\u00a0\u00bb1\/6&Prime;][\/vc_column][vc_column width=\u00a0\u00bb2\/3&Prime;][vc_empty_space][vc_column_text] L\u2019\u00e9quipement de notre cabinet est adapt\u00e9 pour examiner les adultes de tout \u00e2ge. L&rsquo;examen \u00e0 la lampe \u00e0 fente et l&rsquo;examen du fond de l&rsquo;\u0153il permettront une \u00e9valuation pr\u00e9cise de l&rsquo;\u00e9tat de l&rsquo;\u0153il, confort\u00e9e par notre exp\u00e9rience, ainsi que le diagnostic des maladies oculaires. L\u2019\u00e9tude de la fonction visuelle permet de d\u00e9celer [&hellip;]<\/p>\n","protected":false},"author":1,"featured_media":0,"parent":26,"menu_order":0,"comment_status":"closed","ping_status":"closed","template":"","meta":{"footnotes":""},"class_list":["post-329","page","type-page","status-publish","hentry"],"_links":{"self":[{"href":"https:\/\/drmika.ch\/fr\/wp-json\/wp\/v2\/pages\/329","targetHints":{"allow":["GET"]}}],"collection":[{"href":"https:\/\/drmika.ch\/fr\/wp-json\/wp\/v2\/pages"}],"about":[{"href":"https:\/\/drmika.ch\/fr\/wp-json\/wp\/v2\/types\/page"}],"author":[{"embeddable":true,"href":"https:\/\/drmika.ch\/fr\/wp-json\/wp\/v2\/users\/1"}],"replies":[{"embeddable":true,"href":"https:\/\/drmika.ch\/fr\/wp-json\/wp\/v2\/comments?post=329"}],"version-history":[{"count":3,"href":"https:\/\/drmika.ch\/fr\/wp-json\/wp\/v2\/pages\/329\/revisions"}],"predecessor-version":[{"id":3176,"href":"https:\/\/drmika.ch\/fr\/wp-json\/wp\/v2\/pages\/329\/revisions\/3176"}],"up":[{"embeddable":true,"href":"https:\/\/drmika.ch\/fr\/wp-json\/wp\/v2\/pages\/26"}],"wp:attachment":[{"href":"https:\/\/drmika.ch\/fr\/wp-json\/wp\/v2\/media?parent=329"}],"curies":[{"name":"wp","href":"https:\/\/api.w.org\/{rel}","templated":true}]}}