{"id":3291,"date":"2024-06-27T11:03:54","date_gmt":"2024-06-27T11:03:54","guid":{"rendered":"https:\/\/drmika.ch\/?page_id=3291"},"modified":"2024-07-05T07:04:11","modified_gmt":"2024-07-05T07:04:11","slug":"what-does-lasik-eye-surgery-involve","status":"publish","type":"page","link":"https:\/\/drmika.ch\/fr\/what-does-lasik-eye-surgery-involve\/","title":{"rendered":"En quoi consiste la chirurgie oculaire au LASIK?"},"content":{"rendered":"<section class=\"wpb-content-wrapper\"><p>[vc_row][vc_column width=\u00a0\u00bb1\/6&Prime;][\/vc_column][vc_column width=\u00a0\u00bb2\/3&Prime;][vc_empty_space]<div class=\" agni-section-heading text-center ihda\" ><h2 class=\"section-heading-text \" style=\"font-size:48px;\"><span>En quoi consiste la chirurgie oculaire au LASIK?<\/span><\/h2><div class=\"section-divide-line divide-line text-center\"><span style=\"width:90px; height:1px; background-color:#ff655c\"><\/span><\/div><\/div>[vc_column_text]<em><strong>Il existe plusieurs variantes de chirurgie r\u00e9fractive au laser. Le LASIK est le plus connu et le plus pratiqu\u00e9. De nombreux articles, dont celui-ci, utiliseront le terme \u00ab LASIK \u00bb pour d\u00e9signer tous les types de chirurgie oculaire au laser.<\/strong><\/em><\/p>\n<p>Normalement, les images sont focalis\u00e9es sur la r\u00e9tine situ\u00e9e au fond de l\u2019\u0153il. En cas de myopie, d&rsquo;hyperm\u00e9tropie ou d&rsquo;astigmatisme, ils finissent par \u00eatre focalis\u00e9s ailleurs, entra\u00eenant une vision floue.<\/p>\n<p>&nbsp;<\/p>\n<ul>\n<li><a href=\"https:\/\/drmika.ch\/fr\/eye-disorders\/shortsightedness\/\"><strong><u>La myopie<\/u><\/strong><\/a> est une condition dans laquelle vous voyez clairement les objets proches, mais les objets \u00e9loign\u00e9s sont flous. Lorsque votre globe oculaire est l\u00e9g\u00e8rement plus long que la normale ou lorsque la corn\u00e9e se courbe trop brusquement, les rayons lumineux se concentrent devant la r\u00e9tine et brouillent la vision de loin. Vous pouvez voir plus clairement les objets proches, mais pas ceux qui sont \u00e9loign\u00e9s.<\/li>\n<li><a href=\"https:\/\/drmika.ch\/fr\/eye-disorders\/farsightedness\/\"><strong><u>L&rsquo;hyperm\u00e9tropie<\/u><\/strong><\/a> est une condition dans laquelle vous pouvez voir clairement les objets \u00e9loign\u00e9s, mais les objets proches sont flous. Lorsque vous avez un globe oculaire plus court que la moyenne ou une corn\u00e9e trop plate, la lumi\u00e8re se concentre derri\u00e8re la r\u00e9tine plut\u00f4t que sur elle. Cela brouille la vision de pr\u00e8s et parfois la vision de loin.<\/li>\n<li><a href=\"https:\/\/drmika.ch\/fr\/eye-disorders\/astigmatism\/\"><strong><u>L&rsquo;astigmatisme<\/u><\/strong><\/a> provoque une vision globalement floue. Lorsque la corn\u00e9e se courbe ou s\u2019aplatit de mani\u00e8re in\u00e9gale, il en r\u00e9sulte un astigmatisme qui perturbe la vision de pr\u00e8s et de loin. Traditionnellement, la vision floue est corrig\u00e9e en courbant (r\u00e9fractant) les rayons lumineux avec des lunettes ou des lentilles de contact. Le remodelage de la corn\u00e9e fournira \u00e9galement la r\u00e9fraction et la correction de la vision n\u00e9cessaires.<\/li>\n<\/ul>\n<p>&nbsp;<\/p>\n<p>Avant une proc\u00e9dure LASIK, votre chirurgien ophtalmologiste \u00e9valuera les mesures d\u00e9taill\u00e9es de votre \u0153il (y compris l&rsquo;examen de la biom\u00e9trie oculaire et de la topographie corn\u00e9enne). Ensuite, un chirurgien utilisera un type sp\u00e9cial de laser de coupe (laser excimer) pour remodeler avec pr\u00e9cision la courbure de votre corn\u00e9e. \u00c0 chaque impulsion du faisceau laser, une infime quantit\u00e9 de tissu corn\u00e9en est retir\u00e9e, permettant \u00e0 votre chirurgien ophtalmologiste d&rsquo;aplatir la courbe de votre corn\u00e9e ou de la rendre plus raide.<\/p>\n<p>Le plus souvent, le chirurgien cr\u00e9e un lambeau dans la corn\u00e9e (proc\u00e9dure FEMTO LASIK ou LASIK), puis le soul\u00e8ve avant de remodeler la corn\u00e9e. Il existe \u00e9galement des variantes dans lesquelles un lambeau tr\u00e8s fin est cr\u00e9\u00e9 (proc\u00e9dure \u00e9pi-LASIK) ou aucun lambeau du tout (proc\u00e9dure PKR). Chaque technique pr\u00e9sente des avantages et des inconv\u00e9nients.<\/p>\n<p>Les chirurgiens ophtalmologistes individuels peuvent se sp\u00e9cialiser dans des types sp\u00e9cifiques de proc\u00e9dures oculaires au laser. Les diff\u00e9rences entre eux sont g\u00e9n\u00e9ralement mineures et aucun n\u2019est clairement meilleur que les autres.<\/p>\n<p>&nbsp;<\/p>\n<h4 style=\"text-align: center;\"><em><strong>En fonction de votre situation personnelle et de vos pr\u00e9f\u00e9rences, vous pouvez envisager\u00a0:<\/strong><\/em><\/h4>\n<p>&nbsp;<\/p>\n<ul>\n<li><strong>FEMTO LASIK (ALL LASER LASIK &#8211; femtosecond LASIK) <\/strong>&#8211; le laser femtoseconde cr\u00e9e une incision corn\u00e9enne en d\u00e9livrant des impulsions laser \u00e0 une profondeur pr\u00e9d\u00e9termin\u00e9e dans la corn\u00e9e. Ces impulsions provoquent une microphotoperturbation, une bulle de gaz (CO2) et d\u2019eau en expansion qui brise le tissu et cr\u00e9e un plan de s\u00e9paration. Compar\u00e9s aux microk\u00e9ratomes m\u00e9caniques conventionnels, les lasers femtoseconde cr\u00e9ent des lambeaux LASIK avec une \u00e9paisseur plus pr\u00e9visible et uniforme, et moins de complications. Cependant, des effets secondaires propres au laser femtoseconde, tels que le syndrome de sensibilit\u00e9 \u00e0 la lumi\u00e8re transitoire, ont \u00e9t\u00e9 rapport\u00e9s. Il a \u00e9t\u00e9 d\u00e9montr\u00e9 que le LASIK assist\u00e9 par laser femtoseconde offre une meilleure pr\u00e9visibilit\u00e9 des r\u00e9sultats de r\u00e9fraction et des taux d&rsquo;am\u00e9lioration inf\u00e9rieurs \u00e0 ceux du LASIK r\u00e9alis\u00e9 \u00e0 l&rsquo;aide d&rsquo;un microk\u00e9ratome, de l&rsquo;\u00e9pi-LASIK, du PRK et du LASEK.<\/li>\n<\/ul>\n<p>&nbsp;<\/p>\n<ul>\n<li><strong>K\u00e9ratectomie photor\u00e9fractive (PKR)<\/strong> \u2013 avec la PKR, la surface sup\u00e9rieure (l&rsquo;\u00e9pith\u00e9lium corn\u00e9en, la surface sup\u00e9rieure de la corn\u00e9e) est gratt\u00e9e ou enlev\u00e9e \u00e0 l&rsquo;aide d&rsquo;alcool concentr\u00e9. Cette abrasion corn\u00e9enne met trois ou quatre jours \u00e0 gu\u00e9rir, entra\u00eenant une douleur mod\u00e9r\u00e9e et une vision floue \u00e0 court terme. On pensait que ces inconv\u00e9nients \u00e9taient contrebalanc\u00e9s par l&rsquo;avantage th\u00e9orique selon lequel la PKR \u00e9tait plus s\u00fbre pour les personnes les plus susceptibles d&rsquo;\u00eatre touch\u00e9es \u00e0 l&rsquo;\u0153il, par exemple celles qui pratiquent des sports de contact, les forces de l&rsquo;ordre et\/ou l&rsquo;arm\u00e9e. Mais m\u00eame avec le FEMTO LASIK, le risque de rupture du globe oculaire reste tr\u00e8s, tr\u00e8s faible, il n\u2019y a donc probablement aucun avantage significatif avec la PKR. Le LASIK, en raison de la n\u00e9cessit\u00e9 de cr\u00e9er un lambeau de la couche externe de la corn\u00e9e, est \u00e9galement th\u00e9oriquement une m\u00e9thode chirurgicale pire que la PKR dans le cas de correction d&rsquo;une tr\u00e8s \u00a0grande myopie.<\/li>\n<\/ul>\n<p>&nbsp;<\/p>\n<ul>\n<li><strong>K\u00e9ratectomie sous-\u00e9pith\u00e9liale assist\u00e9e par laser (LASEK)<\/strong> &#8211; le LASEK est similaire \u00e0 la chirurgie FEMTO LASIK, mais le lambeau est cr\u00e9\u00e9 en utilisant un dispositif de coupe sp\u00e9cial (microk\u00e9ratome) et en exposant la corn\u00e9e \u00e0 20% l&rsquo;\u00e9thanol. La proc\u00e9dure permet au chirurgien d\u2019enlever moins de corn\u00e9e, ce qui en fait une bonne option pour les personnes ayant une corn\u00e9e tr\u00e8s fine. Pour les personnes pr\u00e9sentant un risque plus \u00e9lev\u00e9 de blessures aux yeux, le LASEK ne pr\u00e9sente aucun avantage significatif par rapport au FEMTO LASIK.<\/li>\n<\/ul>\n<p>&nbsp;<\/p>\n<ul>\n<li><strong>K\u00e9ratomileusie \u00e9pith\u00e9liale in situ assist\u00e9e par laser (\u00e9pi-LASIK)<\/strong> &#8211; dans une proc\u00e9dure \u00e9pi-LASIK, votre chirurgien s\u00e9pare l&rsquo;\u00e9pith\u00e9lium de la partie m\u00e9diane de la corn\u00e9e (stroma) \u00e0 l&rsquo;aide d&rsquo;un dispositif m\u00e9canis\u00e9 \u00e0 lame \u00e9mouss\u00e9e (\u00e9pik\u00e9ratome) et remod\u00e8le la corn\u00e9e avec un laser. Cette proc\u00e9dure est similaire au LASEK.<\/li>\n<\/ul>\n<p>&nbsp;<\/p>\n<ul>\n<li><strong>Lentilles implantables<\/strong> \u2013 des lentilles correctrices peuvent \u00eatre ins\u00e9r\u00e9es chirurgicalement dans l&rsquo;\u0153il pour am\u00e9liorer la vision. Cela se fait r\u00e9guli\u00e8rement dans le cadre de la chirurgie de la cataracte (au cours de laquelle le vieux cristallin naturel trouble est retir\u00e9). Il peut \u00e9galement constituer une alternative au LASIK pour les personnes \u00e2g\u00e9es qui pourraient avoir besoin d\u2019une op\u00e9ration de la cataracte \u00e0 l\u2019avenir. Les personnes plus jeunes pr\u00e9sentant un degr\u00e9 \u00e9lev\u00e9 de myopie qui ne peut \u00eatre trait\u00e9e de mani\u00e8re satisfaisante avec des verres correcteurs peuvent \u00e9galement se voir proposer des lentilles implantables. Mais ce n\u2019est pas une option courante pour la plupart des gens.<\/li>\n<\/ul>\n<p>&nbsp;<\/p>\n<ul>\n<li><strong>Biooptiques<\/strong> &#8211; la biooptique combine une ou plusieurs techniques, comme les lentilles implantables et le LASIK, pour traiter la myopie ou l&rsquo;hyperm\u00e9tropie. Encore une fois, ce n\u2019est pas une option pour la plupart des personnes souhaitant subir une chirurgie oculaire r\u00e9fractive.<\/li>\n<\/ul>\n<p>[\/vc_column_text][vc_empty_space][vc_column_text]<\/p>\n<h4 style=\"text-align: center;\"><a style=\"color: #ff655c;\">Lisez la suite pour en savoir plus sur les \u00e9l\u00e9ments \u00e0 prendre en compte lorsque vous d\u00e9cidez si cette chirurgie r\u00e9fractive vous convient<br \/>\n<\/a><\/h4>\n<p>[\/vc_column_text][vc_empty_space][\/vc_column][vc_column width=\u00a0\u00bb1\/6&Prime;][\/vc_column][\/vc_row][vc_row][vc_column]<div class=\"agni-content-block\"><section class=\"wpb-content-wrapper\"><p>[vc_row][vc_column width=\u00a0\u00bb1\/6&Prime;][\/vc_column][vc_column width=\u00a0\u00bb2\/3&Prime;][vc_row_inner][vc_column_inner width=\u00a0\u00bb1\/3&Prime;][vc_column_text]<\/p>\n<ul>\n<li><a href=\"https:\/\/drmika.ch\/what-does-lasik-eye-surgery-involve\/\"><u>En quoi consiste la chirurgie oculaire au LASIK?<\/u><\/a><\/li>\n<\/ul>\n<p>[\/vc_column_text][vc_column_text]<\/p>\n<ul>\n<li><a href=\"https:\/\/drmika.ch\/are-your-eyes-healthy\/\"><u>Vos yeux sont-ils en bonne sant\u00e9?<\/u><\/a><\/li>\n<\/ul>\n<p>[\/vc_column_text][vc_column_text]<\/p>\n<ul>\n<li><a href=\"https:\/\/drmika.ch\/are-you-healthy\/\"><u>\u00cates-vous en bonne sant\u00e9?<\/u><\/a><\/li>\n<\/ul>\n<p>[\/vc_column_text][vc_column_text]<\/p>\n<ul>\n<li><a href=\"https:\/\/drmika.ch\/is-your-vision-stable\/\"><u>Votre vision est-elle stable?<\/u><\/a><\/li>\n<\/ul>\n<p>[\/vc_column_text][\/vc_column_inner][vc_column_inner width=\u00a0\u00bb1\/3&Prime;][vc_column_text]<\/p>\n<ul>\n<li><a href=\"https:\/\/drmika.ch\/can-you-afford-the-surgery\/\"><u>Pouvez-vous vous permettre l&rsquo;op\u00e9ration?<\/u><\/a><\/li>\n<\/ul>\n<p>[\/vc_column_text][vc_column_text]<\/p>\n<ul>\n<li><a href=\"https:\/\/drmika.ch\/do-you-understand-possible-side-effects-and-complications\/\"><u>Comprenez-vous les effets secondaires et les complications possibles?<\/u><\/a><\/li>\n<\/ul>\n<p>[\/vc_column_text][vc_column_text]<\/p>\n<ul>\n<li><a href=\"https:\/\/drmika.ch\/lasik-versus-reading-glasses\/\"><u>LASIK versus lunettes de lecture.<\/u><\/a><\/li>\n<\/ul>\n<p>[\/vc_column_text][\/vc_column_inner][vc_column_inner width=\u00a0\u00bb1\/3&Prime;][vc_column_text]<\/p>\n<ul>\n<li><a href=\"https:\/\/drmika.ch\/refractive-surgery-and-contact-lenses\/\"><u>Chirurgie r\u00e9fractive et lentilles de contact. <\/u><\/a><\/li>\n<\/ul>\n<p>[\/vc_column_text][vc_column_text]<\/p>\n<ul>\n<li><a href=\"https:\/\/drmika.ch\/what-are-your-expectations-for-lasik\/\"><u>Quelles sont vos attentes pour le LASIK?<\/u><\/a><\/li>\n<\/ul>\n<p>[\/vc_column_text][vc_column_text]<\/p>\n<ul>\n<li><a href=\"https:\/\/drmika.ch\/how-do-you-choose-an-eye-surgeon\/\"><u>Comment choisir un chirurgien ophtalmologue?<\/u><\/a><\/li>\n<\/ul>\n<p>[\/vc_column_text][vc_column_text]<\/p>\n<ul>\n<li><a href=\"https:\/\/drmika.ch\/the-final-decision\/\"><u>La d\u00e9cision finale.<\/u><\/a><\/li>\n<\/ul>\n<p>[\/vc_column_text][\/vc_column_inner][\/vc_row_inner][\/vc_column][vc_column width=\u00a0\u00bb1\/6&Prime;][\/vc_column][\/vc_row]<\/p>\n<\/section><\/div>[\/vc_column][\/vc_row][vc_row][vc_column width=\u00a0\u00bb1\/6&Prime;][\/vc_column][vc_column width=\u00a0\u00bb2\/3&Prime;][vc_empty_space][vc_column_text]<\/p>\n<h4 style=\"text-align: center;\"><a style=\"color: #ff655c; text-size: 15px; line-height: normal;\" href=\"https:\/\/drmika.ch\/contact\/\">Prenez soin de vos yeux<br \/>\nprenez rendez-vous d\u00e8s aujourd\u2019hui<\/a><\/h4>\n<p>[\/vc_column_text][vc_empty_space][\/vc_column][vc_column width=\u00a0\u00bb1\/6&Prime;][\/vc_column][\/vc_row]<\/p>\n<\/section>","protected":false},"excerpt":{"rendered":"<p>[vc_row][vc_column width=\u00a0\u00bb1\/6&Prime;][\/vc_column][vc_column width=\u00a0\u00bb2\/3&Prime;][vc_empty_space][vc_column_text]Il existe plusieurs variantes de chirurgie r\u00e9fractive au laser. Le LASIK est le plus connu et le plus pratiqu\u00e9. De nombreux articles, dont celui-ci, utiliseront le terme \u00ab LASIK \u00bb pour d\u00e9signer tous les types de chirurgie oculaire au laser. Normalement, les images sont focalis\u00e9es sur la r\u00e9tine situ\u00e9e au fond de l\u2019\u0153il. [&hellip;]<\/p>\n","protected":false},"author":2,"featured_media":0,"parent":0,"menu_order":0,"comment_status":"closed","ping_status":"closed","template":"","meta":{"footnotes":""},"class_list":["post-3291","page","type-page","status-publish","hentry"],"_links":{"self":[{"href":"https:\/\/drmika.ch\/fr\/wp-json\/wp\/v2\/pages\/3291","targetHints":{"allow":["GET"]}}],"collection":[{"href":"https:\/\/drmika.ch\/fr\/wp-json\/wp\/v2\/pages"}],"about":[{"href":"https:\/\/drmika.ch\/fr\/wp-json\/wp\/v2\/types\/page"}],"author":[{"embeddable":true,"href":"https:\/\/drmika.ch\/fr\/wp-json\/wp\/v2\/users\/2"}],"replies":[{"embeddable":true,"href":"https:\/\/drmika.ch\/fr\/wp-json\/wp\/v2\/comments?post=3291"}],"version-history":[{"count":36,"href":"https:\/\/drmika.ch\/fr\/wp-json\/wp\/v2\/pages\/3291\/revisions"}],"predecessor-version":[{"id":3484,"href":"https:\/\/drmika.ch\/fr\/wp-json\/wp\/v2\/pages\/3291\/revisions\/3484"}],"wp:attachment":[{"href":"https:\/\/drmika.ch\/fr\/wp-json\/wp\/v2\/media?parent=3291"}],"curies":[{"name":"wp","href":"https:\/\/api.w.org\/{rel}","templated":true}]}}