{"id":3340,"date":"2024-06-28T07:47:07","date_gmt":"2024-06-28T07:47:07","guid":{"rendered":"https:\/\/drmika.ch\/?page_id=3340"},"modified":"2024-07-05T07:04:32","modified_gmt":"2024-07-05T07:04:32","slug":"are-you-healthy","status":"publish","type":"page","link":"https:\/\/drmika.ch\/fr\/are-you-healthy\/","title":{"rendered":"\u00cates-vous en bonne sant\u00e9?"},"content":{"rendered":"<section class=\"wpb-content-wrapper\"><p>[vc_row][vc_column width=\u00a0\u00bb1\/6&Prime;][\/vc_column][vc_column width=\u00a0\u00bb2\/3&Prime;][vc_empty_space]<div class=\" agni-section-heading text-center ihda\" ><h2 class=\"section-heading-text \" style=\"font-size:48px;\"><span>\u00cates-vous en bonne sant\u00e9?<\/span><\/h2><div class=\"section-divide-line divide-line text-center\"><span style=\"width:90px; height:1px; background-color:#ff655c\"><\/span><\/div><\/div>[vc_column_text]Votre chirurgien ophtalmologue vous posera \u00e9galement des questions d\u00e9taill\u00e9es sur votre \u00e9tat de sant\u00e9 g\u00e9n\u00e9ral. Certaines conditions m\u00e9dicales, sans rapport avec vos yeux, peuvent augmenter les risques associ\u00e9s \u00e0 la chirurgie LASIK ou rendre le r\u00e9sultat moins pr\u00e9visible. Ceux-ci inclus:<\/p>\n<ul>\n<li><strong>Toute maladie ou affection qui affecte votre syst\u00e8me immunitaire et alt\u00e8re votre capacit\u00e9 \u00e0 gu\u00e9rir ou vous rend plus vuln\u00e9rable aux infections<\/strong>, comme la polyarthrite rhumato\u00efde, le lupus, le SIDA et d&rsquo;autres maladies auto-immunes.<\/li>\n<li><strong>Prendre un m\u00e9dicament immunosuppresseur pour quelque raison que ce soit.<\/strong><\/li>\n<li><strong>Diab\u00e8te.<\/strong><\/li>\n<li><strong>D\u00e9pression ou certaines douleurs chroniques<\/strong>, comme la migraine, le syndrome du c\u00f4lon irritable et la fibromyalgie. Si vous souffrez d\u2019une ou plusieurs de ces affections, vous pourriez avoir plus de probl\u00e8mes de s\u00e9cheresse oculaire et de douleurs postop\u00e9ratoires que les autres personnes. Les raisons ne sont pas tout \u00e0 fait claires, mais peuvent \u00eatre li\u00e9es \u00e0 la fa\u00e7on dont vous percevez la douleur.<\/li>\n<\/ul>\n<p>[\/vc_column_text][vc_empty_space][vc_column_text]<\/p>\n<h4 style=\"text-align: center;\"><a style=\"color: #ff655c;\">Lisez la suite pour en savoir plus sur les \u00e9l\u00e9ments \u00e0 prendre en compte lorsque vous d\u00e9cidez si cette chirurgie r\u00e9fractive vous convient<\/a><\/h4>\n<p>[\/vc_column_text][vc_empty_space][\/vc_column][vc_column width=\u00a0\u00bb1\/6&Prime;][\/vc_column][\/vc_row][vc_row][vc_column]<div class=\"agni-content-block\"><section class=\"wpb-content-wrapper\"><p>[vc_row][vc_column width=\u00a0\u00bb1\/6&Prime;][\/vc_column][vc_column width=\u00a0\u00bb2\/3&Prime;][vc_row_inner][vc_column_inner width=\u00a0\u00bb1\/3&Prime;][vc_column_text]<\/p>\n<ul>\n<li><a href=\"https:\/\/drmika.ch\/what-does-lasik-eye-surgery-involve\/\"><u>En quoi consiste la chirurgie oculaire au LASIK?<\/u><\/a><\/li>\n<\/ul>\n<p>[\/vc_column_text][vc_column_text]<\/p>\n<ul>\n<li><a href=\"https:\/\/drmika.ch\/are-your-eyes-healthy\/\"><u>Vos yeux sont-ils en bonne sant\u00e9?<\/u><\/a><\/li>\n<\/ul>\n<p>[\/vc_column_text][vc_column_text]<\/p>\n<ul>\n<li><a href=\"https:\/\/drmika.ch\/are-you-healthy\/\"><u>\u00cates-vous en bonne sant\u00e9?<\/u><\/a><\/li>\n<\/ul>\n<p>[\/vc_column_text][vc_column_text]<\/p>\n<ul>\n<li><a href=\"https:\/\/drmika.ch\/is-your-vision-stable\/\"><u>Votre vision est-elle stable?<\/u><\/a><\/li>\n<\/ul>\n<p>[\/vc_column_text][\/vc_column_inner][vc_column_inner width=\u00a0\u00bb1\/3&Prime;][vc_column_text]<\/p>\n<ul>\n<li><a href=\"https:\/\/drmika.ch\/can-you-afford-the-surgery\/\"><u>Pouvez-vous vous permettre l&rsquo;op\u00e9ration?<\/u><\/a><\/li>\n<\/ul>\n<p>[\/vc_column_text][vc_column_text]<\/p>\n<ul>\n<li><a href=\"https:\/\/drmika.ch\/do-you-understand-possible-side-effects-and-complications\/\"><u>Comprenez-vous les effets secondaires et les complications possibles?<\/u><\/a><\/li>\n<\/ul>\n<p>[\/vc_column_text][vc_column_text]<\/p>\n<ul>\n<li><a href=\"https:\/\/drmika.ch\/lasik-versus-reading-glasses\/\"><u>LASIK versus lunettes de lecture.<\/u><\/a><\/li>\n<\/ul>\n<p>[\/vc_column_text][\/vc_column_inner][vc_column_inner width=\u00a0\u00bb1\/3&Prime;][vc_column_text]<\/p>\n<ul>\n<li><a href=\"https:\/\/drmika.ch\/refractive-surgery-and-contact-lenses\/\"><u>Chirurgie r\u00e9fractive et lentilles de contact. <\/u><\/a><\/li>\n<\/ul>\n<p>[\/vc_column_text][vc_column_text]<\/p>\n<ul>\n<li><a href=\"https:\/\/drmika.ch\/what-are-your-expectations-for-lasik\/\"><u>Quelles sont vos attentes pour le LASIK?<\/u><\/a><\/li>\n<\/ul>\n<p>[\/vc_column_text][vc_column_text]<\/p>\n<ul>\n<li><a href=\"https:\/\/drmika.ch\/how-do-you-choose-an-eye-surgeon\/\"><u>Comment choisir un chirurgien ophtalmologue?<\/u><\/a><\/li>\n<\/ul>\n<p>[\/vc_column_text][vc_column_text]<\/p>\n<ul>\n<li><a href=\"https:\/\/drmika.ch\/the-final-decision\/\"><u>La d\u00e9cision finale.<\/u><\/a><\/li>\n<\/ul>\n<p>[\/vc_column_text][\/vc_column_inner][\/vc_row_inner][\/vc_column][vc_column width=\u00a0\u00bb1\/6&Prime;][\/vc_column][\/vc_row]<\/p>\n<\/section><\/div>[\/vc_column][\/vc_row][vc_row][vc_column width=\u00a0\u00bb1\/6&Prime;][\/vc_column][vc_column width=\u00a0\u00bb2\/3&Prime;][vc_empty_space][vc_column_text]<\/p>\n<h4 style=\"text-align: center;\"><a style=\"color: #ff655c; text-size: 15px; line-height: normal;\" href=\"https:\/\/drmika.ch\/contact\/\">Prenez soin de vos yeux<br \/>\nprenez rendez-vous d\u00e8s aujourd\u2019hui<\/a><\/h4>\n<p>[\/vc_column_text][vc_empty_space][\/vc_column][vc_column width=\u00a0\u00bb1\/6&Prime;][\/vc_column][\/vc_row]<\/p>\n<\/section>","protected":false},"excerpt":{"rendered":"<p>[vc_row][vc_column width=\u00a0\u00bb1\/6&Prime;][\/vc_column][vc_column width=\u00a0\u00bb2\/3&Prime;][vc_empty_space][vc_column_text]Votre chirurgien ophtalmologue vous posera \u00e9galement des questions d\u00e9taill\u00e9es sur votre \u00e9tat de sant\u00e9 g\u00e9n\u00e9ral. Certaines conditions m\u00e9dicales, sans rapport avec vos yeux, peuvent augmenter les risques associ\u00e9s \u00e0 la chirurgie LASIK ou rendre le r\u00e9sultat moins pr\u00e9visible. Ceux-ci inclus: Toute maladie ou affection qui affecte votre syst\u00e8me immunitaire et alt\u00e8re votre capacit\u00e9 [&hellip;]<\/p>\n","protected":false},"author":2,"featured_media":0,"parent":0,"menu_order":0,"comment_status":"closed","ping_status":"closed","template":"","meta":{"footnotes":""},"class_list":["post-3340","page","type-page","status-publish","hentry"],"_links":{"self":[{"href":"https:\/\/drmika.ch\/fr\/wp-json\/wp\/v2\/pages\/3340","targetHints":{"allow":["GET"]}}],"collection":[{"href":"https:\/\/drmika.ch\/fr\/wp-json\/wp\/v2\/pages"}],"about":[{"href":"https:\/\/drmika.ch\/fr\/wp-json\/wp\/v2\/types\/page"}],"author":[{"embeddable":true,"href":"https:\/\/drmika.ch\/fr\/wp-json\/wp\/v2\/users\/2"}],"replies":[{"embeddable":true,"href":"https:\/\/drmika.ch\/fr\/wp-json\/wp\/v2\/comments?post=3340"}],"version-history":[{"count":10,"href":"https:\/\/drmika.ch\/fr\/wp-json\/wp\/v2\/pages\/3340\/revisions"}],"predecessor-version":[{"id":3342,"href":"https:\/\/drmika.ch\/fr\/wp-json\/wp\/v2\/pages\/3340\/revisions\/3342"}],"wp:attachment":[{"href":"https:\/\/drmika.ch\/fr\/wp-json\/wp\/v2\/media?parent=3340"}],"curies":[{"name":"wp","href":"https:\/\/api.w.org\/{rel}","templated":true}]}}