{"id":3372,"date":"2024-06-28T07:47:07","date_gmt":"2024-06-28T07:47:07","guid":{"rendered":"https:\/\/drmika.ch\/?page_id=3372"},"modified":"2024-07-05T07:02:17","modified_gmt":"2024-07-05T07:02:17","slug":"do-you-understand-possible-side-effects-and-complications","status":"publish","type":"page","link":"https:\/\/drmika.ch\/fr\/do-you-understand-possible-side-effects-and-complications\/","title":{"rendered":"Comprenez-vous les effets secondaires et les complications possibles?"},"content":{"rendered":"<section class=\"wpb-content-wrapper\"><p>[vc_row][vc_column width=\u00a0\u00bb1\/6&Prime;][\/vc_column][vc_column width=\u00a0\u00bb2\/3&Prime;][vc_empty_space]<div class=\" agni-section-heading text-center ihda\" ><h2 class=\"section-heading-text \" style=\"font-size:48px;\"><span>Comprenez-vous les effets secondaires et les complications possibles?<\/span><\/h2><div class=\"section-divide-line divide-line text-center\"><span style=\"width:90px; height:1px; background-color:#ff655c\"><\/span><\/div><\/div>[vc_column_text]Si les complications entra\u00eenant une perte de vision sont excr\u00e9ment rares, certains effets secondaires, notamment la s\u00e9cheresse oculaire et les troubles visuels temporaires, sont assez fr\u00e9quents. Ceux-ci disparaissent g\u00e9n\u00e9ralement apr\u00e8s quelques semaines ou dans le tr\u00e8s rare cas apr\u00e8s quelques mois, et tr\u00e8s peu de gens les consid\u00e8rent comme un probl\u00e8me \u00e0 long terme.<br \/>\nLes complications possibles incluent :<\/p>\n<p>\u2022 <strong>Yeux secs<\/strong> &#8211; la chirurgie LASIK entra\u00eene une diminution temporaire de la production de larmes. Pendant environ six mois apr\u00e8s votre chirurgie, vos yeux peuvent \u00eatre inhabituellement secs pendant leur gu\u00e9rison compl\u00e8te (m\u00eame plusieurs mois). M\u00eame apr\u00e8s la gu\u00e9rison, vous pourriez ressentir une augmentation de la s\u00e9cheresse oculaire. Votre ophtalmologue vous recommanderai d\u2019utiliser des gouttes pour les yeux secs pendant cette p\u00e9riode post-op\u00e9ratoire. Si vous souffrez d&rsquo;une s\u00e9cheresse oculaire s\u00e9v\u00e8re, vous pouvez opter pour une autre proc\u00e9dure consistant \u00e0 placer des bouchons sp\u00e9ciaux dans vos points lacrymaux pour emp\u00eacher les larmes de s&rsquo;\u00e9couler de la surface de vos yeux.<\/p>\n<p>\u2022 <strong>\u00c9blouissement, halos et vision double<\/strong> &#8211; apr\u00e8s la chirurgie, vous pourriez avoir des difficult\u00e9s \u00e0 voir la nuit. Vous remarquerez peut-\u00eatre des \u00e9blouissements, des halos autour des lumi\u00e8res vives ou une vision double. Cela dure g\u00e9n\u00e9ralement quelques jours \u00e0 quelques semaines.<\/p>\n<p>\u2022 <strong>Sous-corrections<\/strong> &#8211; si le laser enl\u00e8ve trop peu de tissu de la corn\u00e9e de votre \u0153il, vous n\u2019obtiendrez pas les r\u00e9sultats de vision plus clairs que vous esp\u00e9riez. Les sous-corrections sont plus fr\u00e9quentes chez les personnes myopes. Vous pourriez avoir besoin d\u2019une autre chirurgie r\u00e9fractive d\u2019ici un an pour retirer davantage de tissus. Pour d\u00e9terminer si le probl\u00e8me persiste et n\u00e9cessite un traitement suppl\u00e9mentaire, une p\u00e9riode de plusieurs mois doit s&rsquo;\u00e9couler apr\u00e8s le premier traitement.<\/p>\n<p>\u2022 <strong>Sur-corrections<\/strong> &#8211; il est \u00e9galement possible que le laser enl\u00e8ve trop de tissu de la corn\u00e9e de votre \u0153il. Les sur-corrections peuvent \u00eatre plus difficiles \u00e0 corriger que les sous-corrections. Pour d\u00e9terminer si le probl\u00e8me persiste et n\u00e9cessite un traitement suppl\u00e9mentaire, une p\u00e9riode de plusieurs mois doit s&rsquo;\u00e9couler apr\u00e8s le premier traitement.<\/p>\n<p>\u2022 <strong>Astigmatisme<\/strong> &#8211; l&rsquo;astigmatisme peut \u00eatre caus\u00e9 par un retrait in\u00e9gal des tissus. Cela peut n\u00e9cessiter une intervention chirurgicale suppl\u00e9mentaire, des lunettes ou des lentilles de contact. Pour d\u00e9terminer si le probl\u00e8me persiste et n\u00e9cessite un traitement suppl\u00e9mentaire, une p\u00e9riode de plusieurs mois doit s&rsquo;\u00e9couler apr\u00e8s le premier traitement.<\/p>\n<p>\u2022 <strong>Probl\u00e8mes de volet (lambeau)<\/strong> &#8211; replier ou retirer le lambeau de la corn\u00e9e de votre \u0153il pendant la chirurgie peut entra\u00eener des complications, notamment une infection et des larmes excessives. La couche de tissu corn\u00e9en la plus externe (\u00e9pith\u00e9lium) peut se d\u00e9velopper anormalement sous le lambeau pendant le processus de gu\u00e9rison.<\/p>\n<p>\u2022 <strong>Perte ou changements de vision<\/strong> &#8211; dans de rares cas, vous pouvez subir une perte de vision en raison de complications chirurgicales. Certaines personnes peuvent \u00e9galement ne pas voir aussi clairement qu\u2019auparavant.[\/vc_column_text][vc_empty_space][vc_column_text]<\/p>\n<h4 style=\"text-align: center;\"><a style=\"color: #ff655c;\">Lisez la suite pour en savoir plus sur les \u00e9l\u00e9ments \u00e0 prendre en compte lorsque vous d\u00e9cidez si cette chirurgie r\u00e9fractive vous convient<\/a><\/h4>\n<p>[\/vc_column_text][vc_empty_space][\/vc_column][vc_column width=\u00a0\u00bb1\/6&Prime;][\/vc_column][\/vc_row][vc_row][vc_column]<div class=\"agni-content-block\"><section class=\"wpb-content-wrapper\"><p>[vc_row][vc_column width=\u00a0\u00bb1\/6&Prime;][\/vc_column][vc_column width=\u00a0\u00bb2\/3&Prime;][vc_row_inner][vc_column_inner width=\u00a0\u00bb1\/3&Prime;][vc_column_text]<\/p>\n<ul>\n<li><a href=\"https:\/\/drmika.ch\/what-does-lasik-eye-surgery-involve\/\"><u>En quoi consiste la chirurgie oculaire au LASIK?<\/u><\/a><\/li>\n<\/ul>\n<p>[\/vc_column_text][vc_column_text]<\/p>\n<ul>\n<li><a href=\"https:\/\/drmika.ch\/are-your-eyes-healthy\/\"><u>Vos yeux sont-ils en bonne sant\u00e9?<\/u><\/a><\/li>\n<\/ul>\n<p>[\/vc_column_text][vc_column_text]<\/p>\n<ul>\n<li><a href=\"https:\/\/drmika.ch\/are-you-healthy\/\"><u>\u00cates-vous en bonne sant\u00e9?<\/u><\/a><\/li>\n<\/ul>\n<p>[\/vc_column_text][vc_column_text]<\/p>\n<ul>\n<li><a href=\"https:\/\/drmika.ch\/is-your-vision-stable\/\"><u>Votre vision est-elle stable?<\/u><\/a><\/li>\n<\/ul>\n<p>[\/vc_column_text][\/vc_column_inner][vc_column_inner width=\u00a0\u00bb1\/3&Prime;][vc_column_text]<\/p>\n<ul>\n<li><a href=\"https:\/\/drmika.ch\/can-you-afford-the-surgery\/\"><u>Pouvez-vous vous permettre l&rsquo;op\u00e9ration?<\/u><\/a><\/li>\n<\/ul>\n<p>[\/vc_column_text][vc_column_text]<\/p>\n<ul>\n<li><a href=\"https:\/\/drmika.ch\/do-you-understand-possible-side-effects-and-complications\/\"><u>Comprenez-vous les effets secondaires et les complications possibles?<\/u><\/a><\/li>\n<\/ul>\n<p>[\/vc_column_text][vc_column_text]<\/p>\n<ul>\n<li><a href=\"https:\/\/drmika.ch\/lasik-versus-reading-glasses\/\"><u>LASIK versus lunettes de lecture.<\/u><\/a><\/li>\n<\/ul>\n<p>[\/vc_column_text][\/vc_column_inner][vc_column_inner width=\u00a0\u00bb1\/3&Prime;][vc_column_text]<\/p>\n<ul>\n<li><a href=\"https:\/\/drmika.ch\/refractive-surgery-and-contact-lenses\/\"><u>Chirurgie r\u00e9fractive et lentilles de contact. <\/u><\/a><\/li>\n<\/ul>\n<p>[\/vc_column_text][vc_column_text]<\/p>\n<ul>\n<li><a href=\"https:\/\/drmika.ch\/what-are-your-expectations-for-lasik\/\"><u>Quelles sont vos attentes pour le LASIK?<\/u><\/a><\/li>\n<\/ul>\n<p>[\/vc_column_text][vc_column_text]<\/p>\n<ul>\n<li><a href=\"https:\/\/drmika.ch\/how-do-you-choose-an-eye-surgeon\/\"><u>Comment choisir un chirurgien ophtalmologue?<\/u><\/a><\/li>\n<\/ul>\n<p>[\/vc_column_text][vc_column_text]<\/p>\n<ul>\n<li><a href=\"https:\/\/drmika.ch\/the-final-decision\/\"><u>La d\u00e9cision finale.<\/u><\/a><\/li>\n<\/ul>\n<p>[\/vc_column_text][\/vc_column_inner][\/vc_row_inner][\/vc_column][vc_column width=\u00a0\u00bb1\/6&Prime;][\/vc_column][\/vc_row]<\/p>\n<\/section><\/div>[\/vc_column][\/vc_row][vc_row][vc_column width=\u00a0\u00bb1\/6&Prime;][\/vc_column][vc_column width=\u00a0\u00bb2\/3&Prime;][vc_empty_space][vc_column_text]<\/p>\n<h4 style=\"text-align: center;\"><a style=\"color: #ff655c; text-size: 15px; line-height: normal;\" href=\"https:\/\/drmika.ch\/contact\/\">Prenez soin de vos yeux<br \/>\nprenez rendez-vous d\u00e8s aujourd\u2019hui<\/a><\/h4>\n<p>[\/vc_column_text][vc_empty_space][\/vc_column][vc_column width=\u00a0\u00bb1\/6&Prime;][\/vc_column][\/vc_row]<\/p>\n<\/section>","protected":false},"excerpt":{"rendered":"<p>[vc_row][vc_column width=\u00a0\u00bb1\/6&Prime;][\/vc_column][vc_column width=\u00a0\u00bb2\/3&Prime;][vc_empty_space][vc_column_text]Si les complications entra\u00eenant une perte de vision sont excr\u00e9ment rares, certains effets secondaires, notamment la s\u00e9cheresse oculaire et les troubles visuels temporaires, sont assez fr\u00e9quents. Ceux-ci disparaissent g\u00e9n\u00e9ralement apr\u00e8s quelques semaines ou dans le tr\u00e8s rare cas apr\u00e8s quelques mois, et tr\u00e8s peu de gens les consid\u00e8rent comme un probl\u00e8me \u00e0 long [&hellip;]<\/p>\n","protected":false},"author":2,"featured_media":0,"parent":0,"menu_order":0,"comment_status":"closed","ping_status":"closed","template":"","meta":{"footnotes":""},"class_list":["post-3372","page","type-page","status-publish","hentry"],"_links":{"self":[{"href":"https:\/\/drmika.ch\/fr\/wp-json\/wp\/v2\/pages\/3372","targetHints":{"allow":["GET"]}}],"collection":[{"href":"https:\/\/drmika.ch\/fr\/wp-json\/wp\/v2\/pages"}],"about":[{"href":"https:\/\/drmika.ch\/fr\/wp-json\/wp\/v2\/types\/page"}],"author":[{"embeddable":true,"href":"https:\/\/drmika.ch\/fr\/wp-json\/wp\/v2\/users\/2"}],"replies":[{"embeddable":true,"href":"https:\/\/drmika.ch\/fr\/wp-json\/wp\/v2\/comments?post=3372"}],"version-history":[{"count":14,"href":"https:\/\/drmika.ch\/fr\/wp-json\/wp\/v2\/pages\/3372\/revisions"}],"predecessor-version":[{"id":3556,"href":"https:\/\/drmika.ch\/fr\/wp-json\/wp\/v2\/pages\/3372\/revisions\/3556"}],"wp:attachment":[{"href":"https:\/\/drmika.ch\/fr\/wp-json\/wp\/v2\/media?parent=3372"}],"curies":[{"name":"wp","href":"https:\/\/api.w.org\/{rel}","templated":true}]}}