{"id":339,"date":"2021-02-25T13:59:43","date_gmt":"2021-02-25T13:59:43","guid":{"rendered":"https:\/\/drmika.ch\/?page_id=339"},"modified":"2024-07-05T07:16:18","modified_gmt":"2024-07-05T07:16:18","slug":"examination-and-treatment-of-childrens-eyes","status":"publish","type":"page","link":"https:\/\/drmika.ch\/fr\/treatment\/examination-and-treatment-of-childrens-eyes\/","title":{"rendered":"L&rsquo;examen et le traitement des yeux chez les enfants"},"content":{"rendered":"<section class=\"wpb-content-wrapper\"><p>[vc_row][vc_column width=\u00a0\u00bb1\/6&Prime;][\/vc_column][vc_column width=\u00a0\u00bb2\/3&Prime;][vc_empty_space]<div class=\" agni-section-heading text-center ihda\" ><h2 class=\"section-heading-text \" style=\"font-size:30px;\"><span>L'examen et le traitement des yeux chez les enfants<\/span><\/h2><div class=\"section-divide-line divide-line text-center\"><span style=\"width:90px; height:1px; background-color:#ff655c\"><\/span><\/div><\/div>[vc_column_text]<\/p>\n<p style=\"text-align: justify;\">Notre cabinet est con\u00e7u et \u00e9quip\u00e9 pour examiner et tester la vue des enfants.<\/p>\n<p style=\"text-align: justify;\">L&rsquo;examen \u00e0 la lampe \u00e0 fente et l&rsquo;examen du fond de l&rsquo;\u0153il permettront une \u00e9valuation pr\u00e9cise de l&rsquo;\u00e9tat de l&rsquo;\u0153il, confort\u00e9e par notre exp\u00e9rience, ainsi que le diagnostic des maladies oculaires.<\/p>\n<p style=\"text-align: justify;\">L\u2019\u00e9tude de la fonction visuelle permet de d\u00e9celer les d\u00e9fauts de la vision tels que la myopie, l\u2019hyperm\u00e9tropie, l\u2019astigmatisme, la presbytie etc\u2026 et ainsi de prescrire des lunettes ou des lentilles de contact en fonction des besoins du patient.<\/p>\n<p style=\"text-align: justify;\">Nous pouvons aussi analyser les structures oculaires, depuis la surface (conjonctive, scl\u00e9rotique et corn\u00e9e), jusqu\u2019au fond de l\u2019\u0153il (r\u00e9tine, choro\u00efde et nerf optique) en passant par les milieux transparents (cristallin et corps vitr\u00e9).<\/p>\n<p style=\"text-align: justify;\">Au terme de l\u2019examen, un diagnostic est retenu et nous proposons le traitement adapt\u00e9 et n\u00e9cessaire. Des investigations suppl\u00e9mentaires peuvent \u00eatre recommand\u00e9es.<\/p>\n<p style=\"text-align: justify;\">Au terme de l\u2019examen, un diagnostic est retenu et nous proposons le traitement adapt\u00e9 et n\u00e9cessaire. Des investigations suppl\u00e9mentaires peuvent \u00eatre recommand\u00e9es.<\/p>\n<p style=\"text-align: justify;\">Pour proc\u00e9der \u00e0 un examen complet, il est n\u00e9cessaire de dilater les pupilles avec des gouttes oculaires sp\u00e9ciales. Les gouttes g\u00eanent l\u00e9g\u00e8rement les yeux apr\u00e8s l&rsquo;instillation, mais l&rsquo;irritation dispara\u00eet apr\u00e8s plusieurs secondes. Apr\u00e8s avoir fait le test ci-dessus, il est fortement recommand\u00e9 de porter des lunettes de soleil car les yeux seront \u00e9blouis par la luminosit\u00e9 durant tout le reste de la journ\u00e9e.<\/p>\n<p>[\/vc_column_text][vc_empty_space][vc_column_text]<\/p>\n<h4 style=\"text-align: center;\"><a style=\"color: #ff655c; text-size: 15px; line-height: normal;\" href=\"https:\/\/drmika.ch\/contact\/\">Prenez soin des yeux de votre enfant &#8211;<br \/>\nprenez rendez-vous d\u00e8s aujourd&rsquo;hui<\/a><\/h4>\n<p>[\/vc_column_text][vc_empty_space height=\u00a0\u00bb50px\u00a0\u00bb][\/vc_column][vc_column width=\u00a0\u00bb1\/6&Prime;][\/vc_column][\/vc_row]<\/p>\n<\/section>","protected":false},"excerpt":{"rendered":"<p>[vc_row][vc_column width=\u00a0\u00bb1\/6&Prime;][\/vc_column][vc_column width=\u00a0\u00bb2\/3&Prime;][vc_empty_space][vc_column_text] Notre cabinet est con\u00e7u et \u00e9quip\u00e9 pour examiner et tester la vue des enfants. L&rsquo;examen \u00e0 la lampe \u00e0 fente et l&rsquo;examen du fond de l&rsquo;\u0153il permettront une \u00e9valuation pr\u00e9cise de l&rsquo;\u00e9tat de l&rsquo;\u0153il, confort\u00e9e par notre exp\u00e9rience, ainsi que le diagnostic des maladies oculaires. L\u2019\u00e9tude de la fonction visuelle permet de [&hellip;]<\/p>\n","protected":false},"author":1,"featured_media":0,"parent":26,"menu_order":0,"comment_status":"closed","ping_status":"closed","template":"","meta":{"footnotes":""},"class_list":["post-339","page","type-page","status-publish","hentry"],"_links":{"self":[{"href":"https:\/\/drmika.ch\/fr\/wp-json\/wp\/v2\/pages\/339","targetHints":{"allow":["GET"]}}],"collection":[{"href":"https:\/\/drmika.ch\/fr\/wp-json\/wp\/v2\/pages"}],"about":[{"href":"https:\/\/drmika.ch\/fr\/wp-json\/wp\/v2\/types\/page"}],"author":[{"embeddable":true,"href":"https:\/\/drmika.ch\/fr\/wp-json\/wp\/v2\/users\/1"}],"replies":[{"embeddable":true,"href":"https:\/\/drmika.ch\/fr\/wp-json\/wp\/v2\/comments?post=339"}],"version-history":[{"count":3,"href":"https:\/\/drmika.ch\/fr\/wp-json\/wp\/v2\/pages\/339\/revisions"}],"predecessor-version":[{"id":3252,"href":"https:\/\/drmika.ch\/fr\/wp-json\/wp\/v2\/pages\/339\/revisions\/3252"}],"up":[{"embeddable":true,"href":"https:\/\/drmika.ch\/fr\/wp-json\/wp\/v2\/pages\/26"}],"wp:attachment":[{"href":"https:\/\/drmika.ch\/fr\/wp-json\/wp\/v2\/media?parent=339"}],"curies":[{"name":"wp","href":"https:\/\/api.w.org\/{rel}","templated":true}]}}