{"id":342,"date":"2021-02-25T14:03:56","date_gmt":"2021-02-25T14:03:56","guid":{"rendered":"https:\/\/drmika.ch\/?page_id=342"},"modified":"2024-12-12T21:56:29","modified_gmt":"2024-12-12T21:56:29","slug":"adaptation-of-glasses-and-contact-lenses","status":"publish","type":"page","link":"https:\/\/drmika.ch\/fr\/treatment\/adaptation-of-glasses-and-contact-lenses\/","title":{"rendered":"L&rsquo;adaptation des lunettes et des lentilles de contact"},"content":{"rendered":"<section class=\"wpb-content-wrapper\"><p>[vc_row][vc_column width=\u00a0\u00bb1\/6&Prime;][\/vc_column][vc_column width=\u00a0\u00bb2\/3&Prime;][vc_empty_space]<div class=\" agni-section-heading text-center ihda\" ><h2 class=\"section-heading-text \" style=\"font-size:30px;\"><span>L'adaptation des lunettes et des lentilles de contact<\/span><\/h2><div class=\"section-divide-line divide-line text-center\"><span style=\"width:90px; height:1px; background-color:#ff655c\"><\/span><\/div><\/div>[vc_column_text]<\/p>\n<p style=\"text-align: justify;\">Les lunettes sont souvent la premi\u00e8re m\u00e9thode pour corriger un d\u00e9faut de vision. Il est important de savoir qu&rsquo;\u00e0 un certain \u00e2ge o\u00f9 l&rsquo;accommodation devient moins efficace, g\u00e9n\u00e9ralement vers l&rsquo;\u00e2ge de 40 ans, les lunettes de lecture deviennent un \u00e9l\u00e9ment n\u00e9cessaire pour voir de pr\u00e8s. Une absence de lunettes ou une correction optique inad\u00e9quate peut entra\u00eener une asth\u00e9nopie, c&rsquo;est-\u00e0-dire une fatigue oculaire.<\/p>\n<p style=\"text-align: justify;\">Si vous avez des sympt\u00f4mes tels que : maux de t\u00eate, douleur profonde dans le globe oculaire, photophobie (sensibilit\u00e9 accrue \u00e0 la lumi\u00e8re), diminution de l&rsquo;acuit\u00e9 visuelle, consultez un ophtalmologue.<\/p>\n<p style=\"text-align: justify;\">Il convient de mentionner que les lunettes sont pratiquement la seule proth\u00e8se que l&rsquo;homme ait pleinement accept\u00e9e et que le port de lunettes est souvent m\u00eame souhaitable pour des raisons esth\u00e9tiques, les tendances de la mode et le prestige. Nous vous proposons une adaptation m\u00e9ticuleuse de lunettes de vue, lunettes de lecture, lunettes progressives et lunettes de bureau.<\/p>\n<p style=\"text-align: justify;\">Nous sommes aussi sp\u00e9cialis\u00e9s dans l\u2019adaptation de lentilles de contact de diff\u00e9rents types. D\u2019un point de vue visuel, votre champ de vision est beaucoup plus large en portant des lentilles de contact qu\u2019avec des lunettes. Il est important de savoir que nous pouvons corriger tous les types de d\u00e9fauts visuels (myopie, hyperm\u00e9tropie, astigmatisme, presbytie) avec des lentilles de contact, m\u00eame les plus fortes corrections. Cela sans l\u2019inconv\u00e9nient de devoir porter des verres de lunettes, dont l\u2019\u00e9paisseur pourrait devenir un inconv\u00e9nient esth\u00e9tique. Elles sont donc tr\u00e8s pratiques pour faire du sport, ou tout simplement pour regarder sans avoir pour limite le bord de vos lunettes.<\/p>\n<p style=\"text-align: justify;\">N&rsquo;oubliez pas que des lunettes ou des lentilles de contact bien adapt\u00e9es sont essentielles pour la sant\u00e9 et le bien-\u00eatre des yeux.<\/p>\n<p>[\/vc_column_text][vc_empty_space][vc_column_text]<\/p>\n<h4 style=\"text-align: center;\"><a style=\"color: #ff655c; text-size: 15px; line-height: normal;\" href=\"https:\/\/drmika.ch\/contact\/\">Prenez soin de vos yeux &#8211;<br \/>\nprenez rendez-vous d\u00e8s aujourd&rsquo;hui<\/a><\/h4>\n<p>[\/vc_column_text][vc_empty_space height=\u00a0\u00bb50px\u00a0\u00bb][\/vc_column][vc_column width=\u00a0\u00bb1\/6&Prime;][\/vc_column][\/vc_row][vc_row][vc_column width=\u00a0\u00bb1\/5&Prime;][\/vc_column][vc_column bg_color=\u00a0\u00bb#f4f4f4&Prime; width=\u00a0\u00bb1\/5&Prime;][\/vc_column][vc_column bg_color=\u00a0\u00bb#f4f4f4&Prime; width=\u00a0\u00bb1\/5&Prime;]<div class=\" agni-image custom-image-container text-center\">\n\t\t\t<figure class=\"agni-image-figure\">\n\t\t\t\t<a href=\"https:\/\/drmika.ch\/wearing-contact-lenses\/\"  target=\"_self\"><img loading=\"lazy\" decoding=\"async\" style=\"\" width=\"571\" height=\"309\" src=\"https:\/\/drmika.ch\/wp-content\/uploads\/2021\/05\/noszenie_soczewek_kontaktowych-e1621243745225.jpg\" class=\"fullwidth-image attachment-full  attachment-full\" alt=\"\" title=\"Wearing contact lenses\" srcset=\"https:\/\/drmika.ch\/wp-content\/uploads\/2021\/05\/noszenie_soczewek_kontaktowych-e1621243745225.jpg 571w, https:\/\/drmika.ch\/wp-content\/uploads\/2021\/05\/noszenie_soczewek_kontaktowych-e1621243745225-300x162.jpg 300w\" sizes=\"auto, (max-width: 571px) 100vw, 571px\" \/><\/a>\n\t\t\t\t<figcaption class=\"vc_figure-caption\"><\/figcaption>\n\t\t\t<\/figure>\n\t\t<\/div>[vc_empty_space][vc_column_text el_class=\u00a0\u00bbtext_element\u00a0\u00bb]<\/p>\n<h5 class=\"section-heading-text \" style=\"text-align: center;\"><a href=\"https:\/\/drmika.ch\/wearing-contact-lenses\/\">Porter des lentilles de contact<\/a><\/h5>\n<p>[\/vc_column_text][\/vc_column][vc_column bg_color=\u00a0\u00bb#f4f4f4&Prime; width=\u00a0\u00bb1\/5&Prime;][\/vc_column][vc_column width=\u00a0\u00bb1\/5&Prime;][\/vc_column][\/vc_row][vc_row][vc_column][vc_empty_space height=\u00a0\u00bb50px\u00a0\u00bb][\/vc_column][\/vc_row]<\/p>\n<\/section>","protected":false},"excerpt":{"rendered":"<p>[vc_row][vc_column width=\u00a0\u00bb1\/6&Prime;][\/vc_column][vc_column width=\u00a0\u00bb2\/3&Prime;][vc_empty_space][vc_column_text] Les lunettes sont souvent la premi\u00e8re m\u00e9thode pour corriger un d\u00e9faut de vision. Il est important de savoir qu&rsquo;\u00e0 un certain \u00e2ge o\u00f9 l&rsquo;accommodation devient moins efficace, g\u00e9n\u00e9ralement vers l&rsquo;\u00e2ge de 40 ans, les lunettes de lecture deviennent un \u00e9l\u00e9ment n\u00e9cessaire pour voir de pr\u00e8s. Une absence de lunettes ou une correction [&hellip;]<\/p>\n","protected":false},"author":1,"featured_media":0,"parent":26,"menu_order":0,"comment_status":"closed","ping_status":"closed","template":"","meta":{"footnotes":""},"class_list":["post-342","page","type-page","status-publish","hentry"],"_links":{"self":[{"href":"https:\/\/drmika.ch\/fr\/wp-json\/wp\/v2\/pages\/342","targetHints":{"allow":["GET"]}}],"collection":[{"href":"https:\/\/drmika.ch\/fr\/wp-json\/wp\/v2\/pages"}],"about":[{"href":"https:\/\/drmika.ch\/fr\/wp-json\/wp\/v2\/types\/page"}],"author":[{"embeddable":true,"href":"https:\/\/drmika.ch\/fr\/wp-json\/wp\/v2\/users\/1"}],"replies":[{"embeddable":true,"href":"https:\/\/drmika.ch\/fr\/wp-json\/wp\/v2\/comments?post=342"}],"version-history":[{"count":17,"href":"https:\/\/drmika.ch\/fr\/wp-json\/wp\/v2\/pages\/342\/revisions"}],"predecessor-version":[{"id":4038,"href":"https:\/\/drmika.ch\/fr\/wp-json\/wp\/v2\/pages\/342\/revisions\/4038"}],"up":[{"embeddable":true,"href":"https:\/\/drmika.ch\/fr\/wp-json\/wp\/v2\/pages\/26"}],"wp:attachment":[{"href":"https:\/\/drmika.ch\/fr\/wp-json\/wp\/v2\/media?parent=342"}],"curies":[{"name":"wp","href":"https:\/\/api.w.org\/{rel}","templated":true}]}}