{"id":344,"date":"2021-02-25T14:07:56","date_gmt":"2021-02-25T14:07:56","guid":{"rendered":"https:\/\/drmika.ch\/?page_id=344"},"modified":"2025-01-13T16:21:31","modified_gmt":"2025-01-13T16:21:31","slug":"yag-capsulotomy","status":"publish","type":"page","link":"https:\/\/drmika.ch\/fr\/laser-surgery\/yag-capsulotomy\/","title":{"rendered":"YAG laser capsulotomie"},"content":{"rendered":"<section class=\"wpb-content-wrapper\"><p>[vc_row][vc_column width=\u00a0\u00bb1\/6&Prime;][\/vc_column][vc_column width=\u00a0\u00bb2\/3&Prime;][vc_empty_space]<div class=\" agni-section-heading text-center ihda\" ><h2 class=\"section-heading-text \" style=\"font-size:30px;\"><span>YAG laser capsulotomie<\/span><\/h2><div class=\"section-divide-line divide-line text-center\"><span style=\"width:90px; height:1px; background-color:#ff655c\"><\/span><\/div><\/div>[vc_column_text]<\/p>\n<h6><strong>YAG laser capsulotomie<\/strong><\/h6>\n<p style=\"text-align: justify;\">La th\u00e9rapie de la cataracte secondaire consiste \u00e0 ouvrir la capsule post\u00e9rieure de l&rsquo;\u0153il pour d\u00e9gager l&rsquo;axe optique et rendre sa transparence par un cristallin artificiel. L&rsquo;opacification secondaire de la capsule du cristallin survient apr\u00e8s une premi\u00e8re chirurgie de la cataracte pour environ 50% des patients (voire plus). La cataracte secondaire n&rsquo;est pas une complication de la chirurgie de la cataracte : elle peut appara\u00eetre plusieurs mois ou plusieurs ann\u00e9es apr\u00e8s ou pas du tout.<\/p>\n<p>[\/vc_column_text][vc_empty_space][vc_column_text]<\/p>\n<p style=\"text-align: center;\"><video id=\"my-video\" class=\"video-js vjs-big-play-centered vjs-fluid\" width=\"300\" height=\"150\" data-setup=\"{&quot;controls&quot;: true, &quot;autoplay&quot;: false, &quot;preload&quot;: &quot;auto&quot;}\"><source src=\"https:\/\/drmika.ch\/wp-content\/uploads\/movies\/Cat_Anim_Secondary_Cataract_YAG.mp4\" type=\"video\/mp4\" \/><track kind=\"captions\" src=\"https:\/\/drmika.ch\/wp-content\/uploads\/2021\/05\/Cat_Anim_Secondary_Cataract_YAG_FR.vtt\" srclang=\"fr\" label=\"French\" default=\"\" \/><\/video><\/p>\n<p>[\/vc_column_text][vc_empty_space][vc_column_text]<\/p>\n<h6 style=\"color: #ff655c;\">REMARQUE<\/h6>\n<p style=\"text-align: justify;\">Ces traitements sont pratiqu\u00e9s en ambulatoire, sous anesth\u00e9sie locale. Le patient ne peut pas conduire apr\u00e8s l&rsquo;intervention. Il est de plus recommand\u00e9 de venir accompagn\u00e9.<\/p>\n<p>[\/vc_column_text][vc_empty_space][vc_column_text]<\/p>\n<h4 style=\"text-align: center;\"><a style=\"color: #ff655c; text-size: 15px; line-height: normal;\" href=\"https:\/\/drmika.ch\/contact\/\">Prenez soin de vos yeux &#8211;<br \/>\nprenez rendez-vous d\u00e8s aujourd&rsquo;hui<\/a><\/h4>\n<p>[\/vc_column_text][\/vc_column][vc_column width=\u00a0\u00bb1\/6&Prime;][\/vc_column][\/vc_row][vc_row][vc_column][vc_empty_space height=\u00a0\u00bb50px\u00a0\u00bb][\/vc_column][\/vc_row]<\/p>\n<\/section>","protected":false},"excerpt":{"rendered":"<p>[vc_row][vc_column width=\u00a0\u00bb1\/6&Prime;][\/vc_column][vc_column width=\u00a0\u00bb2\/3&Prime;][vc_empty_space][vc_column_text] YAG laser capsulotomie La th\u00e9rapie de la cataracte secondaire consiste \u00e0 ouvrir la capsule post\u00e9rieure de l&rsquo;\u0153il pour d\u00e9gager l&rsquo;axe optique et rendre sa transparence par un cristallin artificiel. L&rsquo;opacification secondaire de la capsule du cristallin survient apr\u00e8s une premi\u00e8re chirurgie de la cataracte pour environ 50% des patients (voire plus). La [&hellip;]<\/p>\n","protected":false},"author":1,"featured_media":0,"parent":3613,"menu_order":0,"comment_status":"closed","ping_status":"closed","template":"","meta":{"footnotes":""},"class_list":["post-344","page","type-page","status-publish","hentry"],"_links":{"self":[{"href":"https:\/\/drmika.ch\/fr\/wp-json\/wp\/v2\/pages\/344","targetHints":{"allow":["GET"]}}],"collection":[{"href":"https:\/\/drmika.ch\/fr\/wp-json\/wp\/v2\/pages"}],"about":[{"href":"https:\/\/drmika.ch\/fr\/wp-json\/wp\/v2\/types\/page"}],"author":[{"embeddable":true,"href":"https:\/\/drmika.ch\/fr\/wp-json\/wp\/v2\/users\/1"}],"replies":[{"embeddable":true,"href":"https:\/\/drmika.ch\/fr\/wp-json\/wp\/v2\/comments?post=344"}],"version-history":[{"count":7,"href":"https:\/\/drmika.ch\/fr\/wp-json\/wp\/v2\/pages\/344\/revisions"}],"predecessor-version":[{"id":4242,"href":"https:\/\/drmika.ch\/fr\/wp-json\/wp\/v2\/pages\/344\/revisions\/4242"}],"up":[{"embeddable":true,"href":"https:\/\/drmika.ch\/fr\/wp-json\/wp\/v2\/pages\/3613"}],"wp:attachment":[{"href":"https:\/\/drmika.ch\/fr\/wp-json\/wp\/v2\/media?parent=344"}],"curies":[{"name":"wp","href":"https:\/\/api.w.org\/{rel}","templated":true}]}}