{"id":369,"date":"2021-02-26T07:25:20","date_gmt":"2021-02-26T07:25:20","guid":{"rendered":"https:\/\/drmika.ch\/?page_id=369"},"modified":"2024-08-30T04:33:55","modified_gmt":"2024-08-30T04:33:55","slug":"ophthalmic-oncological-surgery","status":"publish","type":"page","link":"https:\/\/drmika.ch\/fr\/surgery\/ophthalmic-oncological-surgery\/","title":{"rendered":"La chirurgie ophtalmique oncologique"},"content":{"rendered":"<section class=\"wpb-content-wrapper\"><p>[vc_row][vc_column width=\u00a0\u00bb1\/6&Prime;][\/vc_column][vc_column width=\u00a0\u00bb2\/3&Prime;][vc_empty_space]<div class=\" agni-section-heading text-center ihda\" ><h2 class=\"section-heading-text \" style=\"font-size:30px;\"><span>La chirurgie ophtalmique oncologique<\/span><\/h2><div class=\"section-divide-line divide-line text-center\"><span style=\"width:90px; height:1px; background-color:#ff655c\"><\/span><\/div><\/div>[vc_column_text]<\/p>\n<p style=\"text-align: justify;\">Nous proposons les proc\u00e9dures chirurgicales suivantes:<\/p>\n<ul>\n<li style=\"text-align: justify;\">Une ablation du pt\u00e9rygion conjonctival. La proc\u00e9dure implique l&rsquo;\u00e9limination de l\u2019exc\u00e8s de conjonctive formant le pt\u00e9rygion. En fonction de l&rsquo;avancement de la l\u00e9sion, nous proposons diverses m\u00e9thodes de traitement, notamment l&rsquo;ablation du pt\u00e9rygion simple ou avec une transplantation auto-conjonctivale et la fixation conjonctivale d&rsquo;un adh\u00e9sif tissulaire. Dans le cas de l\u00e9sions plus importantes, nous sugg\u00e9rons d&rsquo;utiliser la membrane amniotique. Nous avons \u00e9galement la possibilit\u00e9 d&rsquo;appliquer un traitement suppl\u00e9mentaire avec l&rsquo;utilisation d&rsquo;un antim\u00e9tabolite (Mitomycine C) qui r\u00e9duit consid\u00e9rablement le risque de r\u00e9cidive du pt\u00e9rygion.<\/li>\n<li style=\"text-align: justify;\">Une ablation des t\u00e2ches, nodules et tumeurs conjonctivales, de la paupi\u00e8re et de la zone p\u00e9riph\u00e9rique des yeux. Nous envoyons imm\u00e9diatement l\u2019\u00e9chantillon contenant le morceau de l\u00e9sion pour une analyse histopathologique. Nous proc\u00e9dons par la suite \u00e0 la chirurgie reconstructive.<\/li>\n<li style=\"text-align: justify;\">Une ablation du chalazion, de l\u2019orgelet.<\/li>\n<li style=\"text-align: justify;\">Une \u00e9limination du xanth\u00e9lasma \/ xanthome (des poches jaunes des d\u00e9p\u00f4ts de cholest\u00e9rol visible sur la peau des paupi\u00e8res).<\/li>\n<\/ul>\n<p>[\/vc_column_text][vc_empty_space][vc_column_text]<\/p>\n<h6><a style=\"color: #ff655c;\">REMARQUE<\/a><\/h6>\n<p style=\"text-align: justify;\">Ces traitements sont pratiqu\u00e9s en ambulatoire, sous anesth\u00e9sie locale. Le patient ne peut pas conduire apr\u00e8s l&rsquo;intervention. Il est de plus recommand\u00e9 de venir accompagn\u00e9.<\/p>\n<p>[\/vc_column_text][vc_empty_space][vc_column_text]<\/p>\n<h4 style=\"text-align: center;\"><a style=\"color: #ff655c; text-size: 15px; line-height: normal;\" href=\"https:\/\/drmika.ch\/contact\/\">Prenez soin de vos yeux<br \/>\nprenez rendez-vous d\u00e8s aujourd\u2019hui<\/a><\/h4>\n<p>[\/vc_column_text][vc_empty_space height=\u00a0\u00bb50px\u00a0\u00bb][\/vc_column][vc_column width=\u00a0\u00bb1\/6&Prime;][\/vc_column][\/vc_row]<\/p>\n<\/section>","protected":false},"excerpt":{"rendered":"<p>[vc_row][vc_column width=\u00a0\u00bb1\/6&Prime;][\/vc_column][vc_column width=\u00a0\u00bb2\/3&Prime;][vc_empty_space][vc_column_text] Nous proposons les proc\u00e9dures chirurgicales suivantes: Une ablation du pt\u00e9rygion conjonctival. La proc\u00e9dure implique l&rsquo;\u00e9limination de l\u2019exc\u00e8s de conjonctive formant le pt\u00e9rygion. En fonction de l&rsquo;avancement de la l\u00e9sion, nous proposons diverses m\u00e9thodes de traitement, notamment l&rsquo;ablation du pt\u00e9rygion simple ou avec une transplantation auto-conjonctivale et la fixation conjonctivale d&rsquo;un adh\u00e9sif tissulaire. [&hellip;]<\/p>\n","protected":false},"author":1,"featured_media":0,"parent":3598,"menu_order":0,"comment_status":"closed","ping_status":"closed","template":"","meta":{"footnotes":""},"class_list":["post-369","page","type-page","status-publish","hentry"],"_links":{"self":[{"href":"https:\/\/drmika.ch\/fr\/wp-json\/wp\/v2\/pages\/369","targetHints":{"allow":["GET"]}}],"collection":[{"href":"https:\/\/drmika.ch\/fr\/wp-json\/wp\/v2\/pages"}],"about":[{"href":"https:\/\/drmika.ch\/fr\/wp-json\/wp\/v2\/types\/page"}],"author":[{"embeddable":true,"href":"https:\/\/drmika.ch\/fr\/wp-json\/wp\/v2\/users\/1"}],"replies":[{"embeddable":true,"href":"https:\/\/drmika.ch\/fr\/wp-json\/wp\/v2\/comments?post=369"}],"version-history":[{"count":2,"href":"https:\/\/drmika.ch\/fr\/wp-json\/wp\/v2\/pages\/369\/revisions"}],"predecessor-version":[{"id":3256,"href":"https:\/\/drmika.ch\/fr\/wp-json\/wp\/v2\/pages\/369\/revisions\/3256"}],"up":[{"embeddable":true,"href":"https:\/\/drmika.ch\/fr\/wp-json\/wp\/v2\/pages\/3598"}],"wp:attachment":[{"href":"https:\/\/drmika.ch\/fr\/wp-json\/wp\/v2\/media?parent=369"}],"curies":[{"name":"wp","href":"https:\/\/api.w.org\/{rel}","templated":true}]}}