{"id":3738,"date":"2021-02-26T07:29:48","date_gmt":"2021-02-26T07:29:48","guid":{"rendered":"https:\/\/drmika.ch\/?page_id=3738"},"modified":"2024-12-12T17:31:52","modified_gmt":"2024-12-12T17:31:52","slug":"intraocular-vitreoretinal-surgery","status":"publish","type":"page","link":"https:\/\/drmika.ch\/fr\/surgery\/intraocular-vitreoretinal-surgery\/","title":{"rendered":"Chirurgie intraoculaire &#8211; vitr\u00e9o-r\u00e9tinienne"},"content":{"rendered":"<section class=\"wpb-content-wrapper\"><p>[vc_row][vc_column width=\u00a0\u00bb1\/6&Prime;][\/vc_column][vc_column width=\u00a0\u00bb2\/3&Prime;][vc_empty_space]<div class=\" agni-section-heading text-center ihda\" ><h2 class=\"section-heading-text \" style=\"font-size:30px;\"><span>Chirurgie intraoculaire - vitr\u00e9o-r\u00e9tinienne<\/span><\/h2><div class=\"section-divide-line divide-line text-center\"><span style=\"width:90px; height:1px; background-color:#ff655c\"><\/span><\/div><\/div>[vc_column_text]<\/p>\n<p style=\"text-align: justify;\">Dans le domaine de la chirurgie vitr\u00e9or\u00e9tinienne, nous proposons des consultations sur rendez-vous ou en urgence, r\u00e9alisant les examens n\u00e9cessaires et planifiant un traitement chirurgical imm\u00e9diat.<\/p>\n<p>[\/vc_column_text][vc_empty_space][vc_column_text]<\/p>\n<h6><a style=\"color: #ff655c;\">REMARQUE<\/a><\/h6>\n<p style=\"text-align: justify;\">Les traitements sont effectu\u00e9s en ambulatoire, sous anesth\u00e9sie locale. Le patient ne peut pas conduire apr\u00e8s l&rsquo;intervention et il est recommand\u00e9 de venir accompagn\u00e9.<\/p>\n<p>[\/vc_column_text][vc_empty_space][vc_column_text]<\/p>\n<h4 style=\"text-align: center;\"><a style=\"color: #ff655c; text-size: 15px;\" href=\"https:\/\/drmika.ch\/contact\/\">Prenez soin de vos yeux<br \/>\nprenez rendez-vous d\u00e8s aujourd\u2019hui<\/a><\/h4>\n<p>[\/vc_column_text][vc_empty_space height=\u00a0\u00bb50px\u00a0\u00bb][\/vc_column][vc_column width=\u00a0\u00bb1\/6&Prime;][\/vc_column][\/vc_row]<\/p>\n<\/section>","protected":false},"excerpt":{"rendered":"<p>[vc_row][vc_column width=\u00a0\u00bb1\/6&Prime;][\/vc_column][vc_column width=\u00a0\u00bb2\/3&Prime;][vc_empty_space][vc_column_text] Dans le domaine de la chirurgie vitr\u00e9or\u00e9tinienne, nous proposons des consultations sur rendez-vous ou en urgence, r\u00e9alisant les examens n\u00e9cessaires et planifiant un traitement chirurgical imm\u00e9diat. [\/vc_column_text][vc_empty_space][vc_column_text] REMARQUE Les traitements sont effectu\u00e9s en ambulatoire, sous anesth\u00e9sie locale. Le patient ne peut pas conduire apr\u00e8s l&rsquo;intervention et il est recommand\u00e9 de venir accompagn\u00e9. [&hellip;]<\/p>\n","protected":false},"author":1,"featured_media":0,"parent":3598,"menu_order":0,"comment_status":"closed","ping_status":"closed","template":"","meta":{"footnotes":""},"class_list":["post-3738","page","type-page","status-publish","hentry"],"_links":{"self":[{"href":"https:\/\/drmika.ch\/fr\/wp-json\/wp\/v2\/pages\/3738","targetHints":{"allow":["GET"]}}],"collection":[{"href":"https:\/\/drmika.ch\/fr\/wp-json\/wp\/v2\/pages"}],"about":[{"href":"https:\/\/drmika.ch\/fr\/wp-json\/wp\/v2\/types\/page"}],"author":[{"embeddable":true,"href":"https:\/\/drmika.ch\/fr\/wp-json\/wp\/v2\/users\/1"}],"replies":[{"embeddable":true,"href":"https:\/\/drmika.ch\/fr\/wp-json\/wp\/v2\/comments?post=3738"}],"version-history":[{"count":3,"href":"https:\/\/drmika.ch\/fr\/wp-json\/wp\/v2\/pages\/3738\/revisions"}],"predecessor-version":[{"id":4030,"href":"https:\/\/drmika.ch\/fr\/wp-json\/wp\/v2\/pages\/3738\/revisions\/4030"}],"up":[{"embeddable":true,"href":"https:\/\/drmika.ch\/fr\/wp-json\/wp\/v2\/pages\/3598"}],"wp:attachment":[{"href":"https:\/\/drmika.ch\/fr\/wp-json\/wp\/v2\/media?parent=3738"}],"curies":[{"name":"wp","href":"https:\/\/api.w.org\/{rel}","templated":true}]}}