{"id":384,"date":"2021-02-26T14:40:27","date_gmt":"2021-02-26T14:40:27","guid":{"rendered":"https:\/\/drmika.ch\/?page_id=384"},"modified":"2024-12-14T10:13:20","modified_gmt":"2024-12-14T10:13:20","slug":"pterygium","status":"publish","type":"page","link":"https:\/\/drmika.ch\/fr\/eye-disorders\/pterygium\/","title":{"rendered":"Le pt\u00e9rygion"},"content":{"rendered":"<section class=\"wpb-content-wrapper\"><p><\/p>\n<p>[vc_row][vc_column width=\u00a0\u00bb1\/6&Prime;][\/vc_column][vc_column width=\u00a0\u00bb2\/3&Prime;][vc_empty_space]<div class=\" agni-section-heading text-center ihda\" ><h2 class=\"section-heading-text \" style=\"font-size:30px;\"><span>Le pt\u00e9rygion<\/span><\/h2><div class=\"section-divide-line divide-line text-center\"><span style=\"width:90px; height:1px; background-color:#ff655c\"><\/span><\/div><\/div>[vc_column_text]<\/p>\n<p style=\"text-align: justify;\"><strong>Le pt\u00e9rygion<\/strong>\u00a0&#8211; est un \u00e9paississement de la conjonctive qui appara\u00eet au coin interne de l\u2019\u0153il, et progresse jusqu&rsquo;au centre de la corn\u00e9e. Le pt\u00e9rygion est souvent bilat\u00e9ral.<\/p>\n<p style=\"text-align: justify;\">Il existe certains facteurs de risque favorisant le d\u00e9veloppement du pt\u00e9rygion, sont entre autres: exposition aux rayons du soleil, au vent ou \u00e0 un climat sec. Les personnes qui souffrent de syndrome de l&rsquo;\u0153il sec et des maladies auto-immunologiques sont plus souvent touch\u00e9es. Si vous avez des irritations r\u00e9p\u00e9t\u00e9es de l\u2019\u0153il, l&rsquo;impression de corps \u00e9tranger dans l\u2019\u0153il, des d\u00e9mangeaisons ou rougeur conjonctivale persistante ou r\u00e9cidivante localis\u00e9e surtout sur le coin interne de l\u2019\u0153il &#8211; faites vous testez.<\/p>\n<p>[\/vc_column_text][vc_empty_space]<div class=\" agni-image custom-image-container text-center\">\n\t\t\t<figure class=\"agni-image-figure\">\n\t\t\t\t<img loading=\"lazy\" decoding=\"async\" style=\"\" width=\"882\" height=\"299\" src=\"https:\/\/drmika.ch\/wp-content\/uploads\/2021\/03\/Skrzydlik-spojowki-e1621584540329.png\" class=\"fullwidth-image attachment-full  attachment-full\" alt=\"\" title=\"Skrzydlik spojowki\" srcset=\"https:\/\/drmika.ch\/wp-content\/uploads\/2021\/03\/Skrzydlik-spojowki-e1621584540329.png 882w, https:\/\/drmika.ch\/wp-content\/uploads\/2021\/03\/Skrzydlik-spojowki-e1621584540329-300x102.png 300w, https:\/\/drmika.ch\/wp-content\/uploads\/2021\/03\/Skrzydlik-spojowki-e1621584540329-768x260.png 768w\" sizes=\"auto, (max-width: 882px) 100vw, 882px\" \/>\n\t\t\t\t<figcaption class=\"vc_figure-caption\"><\/figcaption>\n\t\t\t<\/figure>\n\t\t<\/div>[vc_empty_space][\/vc_column][vc_column width=\u00a0\u00bb1\/6&Prime;][\/vc_column][\/vc_row][vc_row][vc_column][vc_column_text]<\/p>\n<h5 id=\"tw-target-text\" class=\"tw-data-text tw-text-large tw-ta\" dir=\"ltr\" style=\"text-align: center;\" data-placeholder=\"T\u0142umaczenie\" aria-label=\"Przet\u0142umaczony tekst\" data-ved=\"2ahUKEwi6verBuYqHAxWNSvEDHRgtBMQQ3ewLegQIBxAU\"><span class=\"Y2IQFc\" lang=\"fr\">En savoir plus sur les traitements<\/span><\/h5>\n<p>[\/vc_column_text][\/vc_column][\/vc_row][vc_row][vc_column][vc_empty_space][\/vc_column][\/vc_row][vc_row][vc_column width=\u00a0\u00bb1\/6&Prime;][\/vc_column][vc_column width=\u00a0\u00bb2\/3&Prime;][vc_row_inner][vc_column_inner bg_color=\u00a0\u00bb#f4f4f4&Prime; width=\u00a0\u00bb1\/3&Prime;][\/vc_column_inner][vc_column_inner bg_color=\u00a0\u00bb#f4f4f4&Prime; width=\u00a0\u00bb1\/3&Prime;][vc_empty_space]<div class=\" agni-image custom-image-container text-center\">\n\t\t\t<figure class=\"agni-image-figure\">\n\t\t\t\t<a href=\"https:\/\/drmika.ch\/surgery\/ophthalmic-oncological-surgery\/\"  target=\"_self\"><img loading=\"lazy\" decoding=\"async\" style=\"\" width=\"263\" height=\"146\" src=\"https:\/\/drmika.ch\/wp-content\/uploads\/2021\/06\/pikto-5.png\" class=\"fullwidth-image attachment-full  attachment-full\" alt=\"\" title=\"Surgery\" \/><\/a>\n\t\t\t\t<figcaption class=\"vc_figure-caption\"><\/figcaption>\n\t\t\t<\/figure>\n\t\t<\/div>[vc_empty_space][vc_column_text el_class=\u00a0\u00bbtext_element\u00a0\u00bb]<\/p>\n<h5 class=\"section-heading-text \" style=\"text-align: center;\"><a href=\"https:\/\/drmika.ch\/surgery\/ophthalmic-oncological-surgery\/\">La chirurgie oncologique<\/a><\/h5>\n<p>[\/vc_column_text][\/vc_column_inner][vc_column_inner width=\u00a0\u00bb1\/3&Prime;][\/vc_column_inner][\/vc_row_inner][\/vc_column][vc_column width=\u00a0\u00bb1\/6&Prime;][\/vc_column][\/vc_row][vc_row][vc_column][vc_empty_space height=\u00a0\u00bb50&Prime;][\/vc_column][\/vc_row]<\/p>\n<p><\/p>\n<\/section>","protected":false},"excerpt":{"rendered":"<p>[vc_row][vc_column width=\u00a0\u00bb1\/6&Prime;][\/vc_column][vc_column width=\u00a0\u00bb2\/3&Prime;][vc_empty_space][vc_column_text] Le pt\u00e9rygion\u00a0&#8211; est un \u00e9paississement de la conjonctive qui appara\u00eet au coin interne de l\u2019\u0153il, et progresse jusqu&rsquo;au centre de la corn\u00e9e. Le pt\u00e9rygion est souvent bilat\u00e9ral. Il existe certains facteurs de risque favorisant le d\u00e9veloppement du pt\u00e9rygion, sont entre autres: exposition aux rayons du soleil, au vent ou \u00e0 un climat [&hellip;]<\/p>\n","protected":false},"author":1,"featured_media":0,"parent":20,"menu_order":0,"comment_status":"closed","ping_status":"closed","template":"","meta":{"footnotes":""},"class_list":["post-384","page","type-page","status-publish","hentry"],"_links":{"self":[{"href":"https:\/\/drmika.ch\/fr\/wp-json\/wp\/v2\/pages\/384","targetHints":{"allow":["GET"]}}],"collection":[{"href":"https:\/\/drmika.ch\/fr\/wp-json\/wp\/v2\/pages"}],"about":[{"href":"https:\/\/drmika.ch\/fr\/wp-json\/wp\/v2\/types\/page"}],"author":[{"embeddable":true,"href":"https:\/\/drmika.ch\/fr\/wp-json\/wp\/v2\/users\/1"}],"replies":[{"embeddable":true,"href":"https:\/\/drmika.ch\/fr\/wp-json\/wp\/v2\/comments?post=384"}],"version-history":[{"count":8,"href":"https:\/\/drmika.ch\/fr\/wp-json\/wp\/v2\/pages\/384\/revisions"}],"predecessor-version":[{"id":4117,"href":"https:\/\/drmika.ch\/fr\/wp-json\/wp\/v2\/pages\/384\/revisions\/4117"}],"up":[{"embeddable":true,"href":"https:\/\/drmika.ch\/fr\/wp-json\/wp\/v2\/pages\/20"}],"wp:attachment":[{"href":"https:\/\/drmika.ch\/fr\/wp-json\/wp\/v2\/media?parent=384"}],"curies":[{"name":"wp","href":"https:\/\/api.w.org\/{rel}","templated":true}]}}