{"id":389,"date":"2021-02-26T14:48:07","date_gmt":"2021-02-26T14:48:07","guid":{"rendered":"https:\/\/drmika.ch\/?page_id=389"},"modified":"2024-12-14T10:14:54","modified_gmt":"2024-12-14T10:14:54","slug":"subconjunctival-hemorrhage","status":"publish","type":"page","link":"https:\/\/drmika.ch\/fr\/eye-disorders\/subconjunctival-hemorrhage\/","title":{"rendered":"L&rsquo;h\u00e9morragie sous-conjonctivale"},"content":{"rendered":"<section class=\"wpb-content-wrapper\"><p><\/p>\n<p>[vc_row][vc_column width=\u00a0\u00bb1\/6&Prime;][\/vc_column][vc_column width=\u00a0\u00bb2\/3&Prime;][vc_empty_space]<div class=\" agni-section-heading text-center ihda\" ><h2 class=\"section-heading-text \" style=\"font-size:30px;\"><span>L'h\u00e9morragie sous-conjonctivale<\/span><\/h2><div class=\"section-divide-line divide-line text-center\"><span style=\"width:90px; height:1px; background-color:#ff655c\"><\/span><\/div><\/div>[vc_column_text]<\/p>\n<p style=\"text-align: justify;\"><strong>L&rsquo;h\u00e9morragie sous-conjonctivale<\/strong>\u00a0\u2013 c&rsquo;est le d\u00e9versement de sang sous la conjonctive de l&rsquo;\u0153il. La conjonctive contient de nombreux vaisseaux sanguins dont la continuit\u00e9 peut \u00eatre rompue, provoquant une rougeur de l&rsquo;\u0153il et une sensation de corps \u00e9tranger ou un gonflement sous la paupi\u00e8re. Une l\u00e9g\u00e8re douleur occasionnelle survient.<\/p>\n<p style=\"text-align: justify;\">Une h\u00e9morragie sous la conjonctive peut \u00eatre caus\u00e9e par de nombreux facteurs, notam: toux, vomissements, effort physique intense, fatigue, l\u00e9sions oculaires dues \u00e0 la pression ou \u00e0 un impact. Votre sant\u00e9 peut souvent contribuer au d\u00e9veloppement d&rsquo;h\u00e9morragies sous-conjonctivales r\u00e9currentes. Si vous souffrez d&rsquo;hypertension, d&rsquo;ath\u00e9roscl\u00e9rose ou d&rsquo;hypercholest\u00e9rol\u00e9mie ou si vous avez un trouble de la coagulation, une h\u00e9morragie sous-conjonctivale peut survenir sans autre raison apparente. Maladies oculaires, y compris la conjonctivite, telle que la conjonctivite allergique, bact\u00e9rienne ou virale, peut \u00eatre accompagn\u00e9e d&rsquo;\u00e9panchements sous-conjonctivaux. Il faut se rappeler que l&rsquo;h\u00e9morragie sous-conjonctivale est \u00e9galement un sympt\u00f4me qui survient souvent apr\u00e8s tous les types de chirurgie ophtalmique. Dans le cas mentionn\u00e9 ci-dessus, ne paniquez pas &#8211; l&rsquo;h\u00e9morragie sera r\u00e9sorb\u00e9 \u00e0 mesure que la plaie postop\u00e9ratoire gu\u00e9rira.<\/p>\n<p style=\"text-align: justify;\">Toute autre cause d&rsquo;h\u00e9morragie sous-conjonctivale devrait vous inciter \u00e0 un examen oculaire urgent.<\/p>\n<p>[\/vc_column_text][vc_empty_space]<div class=\" agni-image custom-image-container text-center\">\n\t\t\t<figure class=\"agni-image-figure\">\n\t\t\t\t<img loading=\"lazy\" decoding=\"async\" style=\"\" width=\"882\" height=\"299\" src=\"https:\/\/drmika.ch\/wp-content\/uploads\/2021\/03\/wylew-podspojowkowy-2-e1621584562287.jpg\" class=\"fullwidth-image attachment-full  attachment-full\" alt=\"\" title=\"wylew podspojowkowy (2)\" srcset=\"https:\/\/drmika.ch\/wp-content\/uploads\/2021\/03\/wylew-podspojowkowy-2-e1621584562287.jpg 882w, https:\/\/drmika.ch\/wp-content\/uploads\/2021\/03\/wylew-podspojowkowy-2-e1621584562287-300x102.jpg 300w, https:\/\/drmika.ch\/wp-content\/uploads\/2021\/03\/wylew-podspojowkowy-2-e1621584562287-768x260.jpg 768w\" sizes=\"auto, (max-width: 882px) 100vw, 882px\" \/>\n\t\t\t\t<figcaption class=\"vc_figure-caption\"><\/figcaption>\n\t\t\t<\/figure>\n\t\t<\/div>[vc_empty_space][\/vc_column][vc_column width=\u00a0\u00bb1\/6&Prime;][\/vc_column][\/vc_row][vc_row][vc_column][vc_column_text]<\/p>\n<h5 id=\"tw-target-text\" class=\"tw-data-text tw-text-large tw-ta\" dir=\"ltr\" style=\"text-align: center;\" data-placeholder=\"T\u0142umaczenie\" aria-label=\"Przet\u0142umaczony tekst\" data-ved=\"2ahUKEwi6verBuYqHAxWNSvEDHRgtBMQQ3ewLegQIBxAU\"><span class=\"Y2IQFc\" lang=\"fr\">En savoir plus sur les traitements<\/span><\/h5>\n<p>[\/vc_column_text][vc_empty_space][\/vc_column][\/vc_row][vc_row][vc_column bg_color=\u00a0\u00bb#f4f4f4&Prime; width=\u00a0\u00bb1\/3&Prime;][vc_empty_space]<div class=\" agni-image custom-image-container text-center\">\n\t\t\t<figure class=\"agni-image-figure\">\n\t\t\t\t<a href=\"https:\/\/drmika.ch\/treatment\/\"  target=\"_self\"><img loading=\"lazy\" decoding=\"async\" style=\"\" width=\"263\" height=\"146\" src=\"https:\/\/drmika.ch\/wp-content\/uploads\/2021\/06\/pikto-1.png\" class=\"fullwidth-image attachment-full  attachment-full\" alt=\"\" title=\"Treatment\" \/><\/a>\n\t\t\t\t<figcaption class=\"vc_figure-caption\"><\/figcaption>\n\t\t\t<\/figure>\n\t\t<\/div>[vc_empty_space][vc_column_text el_class=\u00a0\u00bbtext_element\u00a0\u00bb]<\/p>\n<h5 style=\"text-align: center;\"><a href=\"https:\/\/drmika.ch\/treatment\/\">Traitement<\/a><\/h5>\n<p>[\/vc_column_text][\/vc_column][vc_column width=\u00a0\u00bb1\/3&Prime;][\/vc_column][vc_column bg_color=\u00a0\u00bb#f4f4f4&Prime; width=\u00a0\u00bb1\/3&Prime;][vc_empty_space]<div class=\" agni-image custom-image-container text-center\">\n\t\t\t<figure class=\"agni-image-figure\">\n\t\t\t\t<a href=\"https:\/\/drmika.ch\/surgery\/intraocular-vitreoretinal-surgery\/\"  target=\"_self\"><img loading=\"lazy\" decoding=\"async\" style=\"\" width=\"263\" height=\"146\" src=\"https:\/\/drmika.ch\/wp-content\/uploads\/2021\/06\/pikto-5.png\" class=\"fullwidth-image attachment-full  attachment-full\" alt=\"\" title=\"Surgery\" \/><\/a>\n\t\t\t\t<figcaption class=\"vc_figure-caption\"><\/figcaption>\n\t\t\t<\/figure>\n\t\t<\/div>[vc_empty_space][vc_column_text el_class=\u00a0\u00bbtext_element\u00a0\u00bb]<\/p>\n<h5 class=\"section-heading-text \" style=\"text-align: center;\"><a href=\"https:\/\/drmika.ch\/surgery\/intraocular-vitreoretinal-surgery\/\">Chirurgie intraoculaire<\/a><\/h5>\n<p>[\/vc_column_text][\/vc_column][\/vc_row][vc_row][vc_column][vc_empty_space height=\u00a0\u00bb50&Prime;][\/vc_column][\/vc_row]<\/p>\n<p><\/p>\n<\/section>","protected":false},"excerpt":{"rendered":"<p>[vc_row][vc_column width=\u00a0\u00bb1\/6&Prime;][\/vc_column][vc_column width=\u00a0\u00bb2\/3&Prime;][vc_empty_space][vc_column_text] L&rsquo;h\u00e9morragie sous-conjonctivale\u00a0\u2013 c&rsquo;est le d\u00e9versement de sang sous la conjonctive de l&rsquo;\u0153il. La conjonctive contient de nombreux vaisseaux sanguins dont la continuit\u00e9 peut \u00eatre rompue, provoquant une rougeur de l&rsquo;\u0153il et une sensation de corps \u00e9tranger ou un gonflement sous la paupi\u00e8re. Une l\u00e9g\u00e8re douleur occasionnelle survient. Une h\u00e9morragie sous la conjonctive [&hellip;]<\/p>\n","protected":false},"author":1,"featured_media":0,"parent":20,"menu_order":0,"comment_status":"closed","ping_status":"closed","template":"","meta":{"footnotes":""},"class_list":["post-389","page","type-page","status-publish","hentry"],"_links":{"self":[{"href":"https:\/\/drmika.ch\/fr\/wp-json\/wp\/v2\/pages\/389","targetHints":{"allow":["GET"]}}],"collection":[{"href":"https:\/\/drmika.ch\/fr\/wp-json\/wp\/v2\/pages"}],"about":[{"href":"https:\/\/drmika.ch\/fr\/wp-json\/wp\/v2\/types\/page"}],"author":[{"embeddable":true,"href":"https:\/\/drmika.ch\/fr\/wp-json\/wp\/v2\/users\/1"}],"replies":[{"embeddable":true,"href":"https:\/\/drmika.ch\/fr\/wp-json\/wp\/v2\/comments?post=389"}],"version-history":[{"count":11,"href":"https:\/\/drmika.ch\/fr\/wp-json\/wp\/v2\/pages\/389\/revisions"}],"predecessor-version":[{"id":4118,"href":"https:\/\/drmika.ch\/fr\/wp-json\/wp\/v2\/pages\/389\/revisions\/4118"}],"up":[{"embeddable":true,"href":"https:\/\/drmika.ch\/fr\/wp-json\/wp\/v2\/pages\/20"}],"wp:attachment":[{"href":"https:\/\/drmika.ch\/fr\/wp-json\/wp\/v2\/media?parent=389"}],"curies":[{"name":"wp","href":"https:\/\/api.w.org\/{rel}","templated":true}]}}