{"id":196,"date":"2021-02-15T11:39:45","date_gmt":"2021-02-15T11:39:45","guid":{"rendered":"https:\/\/drmika.ch\/?page_id=196"},"modified":"2025-01-13T19:26:43","modified_gmt":"2025-01-13T19:26:43","slug":"shortsightedness","status":"publish","type":"page","link":"https:\/\/drmika.ch\/pl\/eye-disorders\/shortsightedness\/","title":{"rendered":"Kr\u00f3tkowzroczno\u015b\u0107"},"content":{"rendered":"<section class=\"wpb-content-wrapper\"><p>[vc_row][vc_column width=&#8221;1\/6&#8243;][\/vc_column][vc_column width=&#8221;2\/3&#8243;][vc_empty_space]<div class=\" agni-section-heading text-center ihda\" ><h2 class=\"section-heading-text \" style=\"font-size:30px;\"><span>Kr\u00f3tkowzroczno\u015b\u0107<\/span><\/h2><div class=\"section-divide-line divide-line text-center\"><span style=\"width:90px; height:1px; background-color:#ff655c\"><\/span><\/div><\/div>[vc_column_text]<\/p>\n<p style=\"text-align: justify;\"><strong>Kr\u00f3tkowzroczno\u015b\u0107 czyli miopia<\/strong>, to najcz\u0119\u015bciej obecnie wyst\u0119puj\u0105ca wada wzroku, polegaj\u0105ca na wyra\u017anym widzeniu przedmiot\u00f3w znajduj\u0105cych si\u0119 blisko, podczas gdy przedmioty znajduj\u0105ce si\u0119 w\u00a0oddali wydaj\u0105 si\u0119 by\u0107 zamazane. Schorzenie dotyczy g\u0142\u00f3wnie dzieci w wieku szkolnym i ludzi m\u0142odych. Wada jest uwarunkowana genetycznie ale na jej powstawanie olbrzymi wp\u0142yw ma r\u00f3wnie\u017c rodzaj wykonywanej pracy i styl \u017cycia.<\/p>\n<p>[\/vc_column_text][vc_empty_space]<div class=\" agni-image custom-image-container text-center\">\n\t\t\t<figure class=\"agni-image-figure\">\n\t\t\t\t<img loading=\"lazy\" decoding=\"async\" style=\"\" width=\"889\" height=\"500\" src=\"https:\/\/drmika.ch\/wp-content\/uploads\/2021\/03\/krotkowzrocznosc.jpg\" class=\"fullwidth-image attachment-full  attachment-full\" alt=\"\" title=\"krotkowzrocznosc\" srcset=\"https:\/\/drmika.ch\/wp-content\/uploads\/2021\/03\/krotkowzrocznosc.jpg 889w, https:\/\/drmika.ch\/wp-content\/uploads\/2021\/03\/krotkowzrocznosc-300x169.jpg 300w, https:\/\/drmika.ch\/wp-content\/uploads\/2021\/03\/krotkowzrocznosc-768x432.jpg 768w\" sizes=\"auto, (max-width: 889px) 100vw, 889px\" \/>\n\t\t\t\t<figcaption class=\"vc_figure-caption\"><\/figcaption>\n\t\t\t<\/figure>\n\t\t<\/div>[vc_empty_space][vc_column_text]<video id=\"my-video\" class=\"video-js vjs-big-play-centered vjs-fluid\" width=\"300\" height=\"150\" data-setup=\"{&quot;controls&quot;: true, &quot;autoplay&quot;: false, &quot;preload&quot;: &quot;auto&quot;}\"><source src=\"https:\/\/drmika.ch\/wp-content\/uploads\/movies\/Ref_Anim_Myopia.mp4\" type=\"video\/mp4\" \/><span data-mce-type=\"bookmark\" style=\"display: inline-block; width: 0px; overflow: hidden; line-height: 0;\" class=\"mce_SELRES_start\">\ufeff<\/span><track kind=\"captions\" src=\"https:\/\/drmika.ch\/wp-content\/uploads\/2021\/05\/Ref_Anim_Myopia_Captions_PL.vtt\" srclang=\"pl\" label=\"Polish\" default=\"\" \/><\/video>[\/vc_column_text][vc_empty_space][\/vc_column][vc_column width=&#8221;1\/6&#8243;][\/vc_column][\/vc_row][vc_row][vc_column]<div class=\"agni-content-block\"><section class=\"wpb-content-wrapper\"><p>[vc_row][vc_column width=&#8221;1\/6&#8243;][\/vc_column][vc_column width=&#8221;2\/3&#8243;][vc_column_text]<\/p>\n<h5 style=\"text-align: center;\">Przeczytaj wi\u0119cej o sposobach leczenia<\/h5>\n<p>[\/vc_column_text][vc_empty_space][vc_row_inner][vc_column_inner width=&#8221;1\/3&#8243;][\/vc_column_inner][vc_column_inner bg_color=&#8221;#f4f4f4&#8243; width=&#8221;1\/3&#8243;][vc_empty_space]<div class=\" agni-image custom-image-container text-center\">\n\t\t\t<figure class=\"agni-image-figure\">\n\t\t\t\t<a href=\"https:\/\/drmika.ch\/pl\/treatment\/refractive-surgery\/\"  target=\"_self\"><img loading=\"lazy\" decoding=\"async\" style=\"\" width=\"263\" height=\"146\" src=\"https:\/\/drmika.ch\/wp-content\/uploads\/2021\/06\/pikto-6.png\" class=\"fullwidth-image attachment-full  attachment-full\" alt=\"\" title=\"Laser cataract surgery\" \/><\/a>\n\t\t\t\t<figcaption class=\"vc_figure-caption\"><\/figcaption>\n\t\t\t<\/figure>\n\t\t<\/div>[vc_empty_space][vc_column_text el_class=&#8221;text_element&#8221;]<\/p>\n<h5 style=\"text-align: center;\"><a href=\"https:\/\/drmika.ch\/pl\/treatment\/refractive-surgery\/\"><strong>Chirurgia refrakcyjna<\/strong><\/a><\/h5>\n<p>[\/vc_column_text][\/vc_column_inner][vc_column_inner width=&#8221;1\/3&#8243;][\/vc_column_inner][\/vc_row_inner][\/vc_column][vc_column width=&#8221;1\/6&#8243;][\/vc_column][\/vc_row]<\/p>\n<\/section><\/div>[\/vc_column][\/vc_row][vc_row][vc_column][vc_empty_space height=&#8221;50&#8243;]\n\t\t\t<!-- START footerpl REVOLUTION SLIDER 6.6.5 --><p class=\"rs-p-wp-fix\"><\/p>\n\t\t\t<rs-module-wrap id=\"rev_slider_87_3_wrapper\" data-source=\"gallery\" style=\"visibility:hidden;background:transparent;padding:0;margin:0px auto;margin-top:0;margin-bottom:0;\">\n\t\t\t\t<rs-module id=\"rev_slider_87_3\" class=\"main-footer\" style=\"\" data-version=\"6.6.5\">\n\t\t\t\t\t<rs-slides style=\"overflow: hidden; position: absolute;\">\n\t\t\t\t\t\t<rs-slide style=\"position: absolute;\" data-key=\"rs-175\" data-title=\"Slide\" data-in=\"o:0;\" data-out=\"a:false;\">\n\t\t\t\t\t\t\t<img decoding=\"async\" src=\"\/\/drmika.ch\/wp-content\/plugins\/revslider\/public\/assets\/assets\/dummy.png\" alt=\"Slide\" title=\"Kr\u00f3tkowzroczno\u015b\u0107\" class=\"rev-slidebg tp-rs-img rs-lazyload\" data-lazyload=\"\/\/drmika.ch\/wp-content\/plugins\/revslider\/public\/assets\/assets\/transparent.png\" data-bg=\"c:#555555;\" data-no-retina>\n<!--\n\t\t\t\t\t\t\t--><a\n\t\t\t\t\t\t\t\tid=\"slider-87-slide-175-layer-0\" \n\t\t\t\t\t\t\t\tclass=\"rs-layer\"\n\t\t\t\t\t\t\t\thref=\"https:\/\/drmika.ch\/pl\/contact\/\" target=\"_self\"\n\t\t\t\t\t\t\t\tdata-type=\"shape\"\n\t\t\t\t\t\t\t\tdata-rsp_ch=\"on\"\n\t\t\t\t\t\t\t\tdata-xy=\"x:c;xo:-500px,-500px,-500px,-275px;yo:0,0,0,116px;\"\n\t\t\t\t\t\t\t\tdata-text=\"w:normal;s:20,20,20,4;l:0,0,0,6;\"\n\t\t\t\t\t\t\t\tdata-dim=\"w:300px,300px,300px,250px;h:300px,300px,300px,250px;\"\n\t\t\t\t\t\t\t\tdata-vbility=\"t,t,f,f\"\n\t\t\t\t\t\t\t\tdata-border=\"bos:solid;boc:#555555;bow:50px,50px,50px,50px;bor:150px,150px,150px,150px;\"\n\t\t\t\t\t\t\t\tdata-frame_999=\"o:0;st:w;\"\n\t\t\t\t\t\t\t\tdata-frame_hover=\"bgc:rgba(0,0,0,0);boc:#555;bor:150px,150px,150px,150px;bos:solid;bow:0px,0px,0px,0px;sp:100ms;e:power0.inOut;iC:true;\"\n\t\t\t\t\t\t\t\tstyle=\"z-index:14;background-color:rgba(0,0,0,0);\"\n\t\t\t\t\t\t\t> \n\t\t\t\t\t\t\t<\/a><!--\n\n\t\t\t\t\t\t\t--><a\n\t\t\t\t\t\t\t\tid=\"slider-87-slide-175-layer-1\" \n\t\t\t\t\t\t\t\tclass=\"rs-layer\"\n\t\t\t\t\t\t\t\thref=\"https:\/\/drmika.ch\/pl\/contact\/\" target=\"_self\"\n\t\t\t\t\t\t\t\tdata-type=\"image\"\n\t\t\t\t\t\t\t\tdata-rsp_ch=\"on\"\n\t\t\t\t\t\t\t\tdata-xy=\"x:c;xo:-500px,-500px,-500px,0;yo:25px,25px,25px,30px;\"\n\t\t\t\t\t\t\t\tdata-text=\"w:normal;s:20,20,20,4;l:0,0,0,6;\"\n\t\t\t\t\t\t\t\tdata-dim=\"w:250px,250px,250px,150px;h:250px,250px,250px,150px;minw:200px,200px,200px,none;minh:200px,200px,200px,none;\"\n\t\t\t\t\t\t\t\tdata-border=\"bor:125px,125px,125px,125px;\"\n\t\t\t\t\t\t\t\tdata-frame_999=\"o:0;st:w;\"\n\t\t\t\t\t\t\t\tstyle=\"z-index:6;\"\n\t\t\t\t\t\t\t><img decoding=\"async\" src=\"\/\/drmika.ch\/wp-content\/plugins\/revslider\/public\/assets\/assets\/dummy.png\" alt=\"\" class=\"tp-rs-img rs-lazyload\" width=\"602\" height=\"578\" data-lazyload=\"\/\/drmika.ch\/wp-content\/uploads\/2021\/02\/map-footer.png\" data-no-retina> \n\t\t\t\t\t\t\t<\/a><!--\n\n\t\t\t\t\t\t\t--><a\n\t\t\t\t\t\t\t\tid=\"contact-popup\" \n\t\t\t\t\t\t\t\tclass=\"rs-layer\"\n\t\t\t\t\t\t\t\thref=\"https:\/\/drmika.ch\/contact\/\" target=\"_self\"\n\t\t\t\t\t\t\t\tdata-type=\"text\"\n\t\t\t\t\t\t\t\tdata-rsp_ch=\"on\"\n\t\t\t\t\t\t\t\tdata-xy=\"x:c;xo:-1px,-1px,-1px,8px;yo:236px,236px,236px,374px;\"\n\t\t\t\t\t\t\t\tdata-text=\"w:normal;s:18,18,18,15;l:22,22,22,16;a:center;\"\n\t\t\t\t\t\t\t\tdata-dim=\"w:100,100,100,69px;h:30px,30px,30px,auto;minh:220,220,220,none;\"\n\t\t\t\t\t\t\t\tdata-frame_999=\"o:0;st:w;\"\n\t\t\t\t\t\t\t\tstyle=\"z-index:11;font-family:'Poppins';\"\n\t\t\t\t\t\t\t>E-MAIL \n\t\t\t\t\t\t\t<\/a><!--\n\n\t\t\t\t\t\t\t--><rs-layer\n\t\t\t\t\t\t\t\tid=\"contact-popup\" \n\t\t\t\t\t\t\t\tdata-type=\"text\"\n\t\t\t\t\t\t\t\tdata-rsp_ch=\"on\"\n\t\t\t\t\t\t\t\tdata-xy=\"x:c;xo:-1px,-1px,-1px,0;yo:59px,59px,59px,240px;\"\n\t\t\t\t\t\t\t\tdata-text=\"w:normal;s:18,18,18,15;l:22,22,22,16;a:center;\"\n\t\t\t\t\t\t\t\tdata-dim=\"h:135px,135px,135px,20px;minh:220px,220px,220px,none;\"\n\t\t\t\t\t\t\t\tdata-frame_999=\"o:0;st:w;\"\n\t\t\t\t\t\t\t\tstyle=\"z-index:10;font-family:'Poppins';\"\n\t\t\t\t\t\t\t>Dr n. med. Krzysztof Mika<br \/>\nspecjalista okulista FMH, FEBO<br \/>\nspecjalista okulista chirurg FMH<br \/>\n<br \/>\nChemin des Colombettes 12<br \/>\n1202 Genewa, Szwajcaria \n\t\t\t\t\t\t\t<\/rs-layer><!--\n\n\t\t\t\t\t\t\t--><rs-layer\n\t\t\t\t\t\t\t\tid=\"slider-87-slide-175-layer-4\" \n\t\t\t\t\t\t\t\tdata-type=\"text\"\n\t\t\t\t\t\t\t\tdata-rsp_ch=\"on\"\n\t\t\t\t\t\t\t\tdata-xy=\"x:c;yo:20px,20px,20px,212px;\"\n\t\t\t\t\t\t\t\tdata-text=\"w:normal;s:25,25,25,20;l:25,25,25,6;\"\n\t\t\t\t\t\t\t\tdata-dim=\"minh:20px,20px,20px,none;\"\n\t\t\t\t\t\t\t\tdata-frame_999=\"o:0;st:w;\"\n\t\t\t\t\t\t\t\tstyle=\"z-index:13;font-family:'Poppins';\"\n\t\t\t\t\t\t\t>Gabinet okulistyczny \n\t\t\t\t\t\t\t<\/rs-layer><!--\n\n\t\t\t\t\t\t\t--><rs-layer\n\t\t\t\t\t\t\t\tid=\"slider-87-slide-175-layer-5\" \n\t\t\t\t\t\t\t\tdata-type=\"text\"\n\t\t\t\t\t\t\t\tdata-rsp_ch=\"on\"\n\t\t\t\t\t\t\t\tdata-xy=\"x:c;xo:500px,500px,500px,0;yo:20px,20px,20px,422px;\"\n\t\t\t\t\t\t\t\tdata-text=\"w:normal;s:25,25,25,20;l:25,25,25,6;\"\n\t\t\t\t\t\t\t\tdata-dim=\"minh:20px,20px,20px,none;\"\n\t\t\t\t\t\t\t\tdata-frame_999=\"o:0;st:w;\"\n\t\t\t\t\t\t\t\tstyle=\"z-index:12;font-family:'Poppins';\"\n\t\t\t\t\t\t\t>Godziny otwarcia \n\t\t\t\t\t\t\t<\/rs-layer><!--\n\n\t\t\t\t\t\t\t--><a\n\t\t\t\t\t\t\t\tid=\"slider-87-slide-175-layer-6\" \n\t\t\t\t\t\t\t\tclass=\"rs-layer\"\n\t\t\t\t\t\t\t\thref=\"https:\/\/drmika.ch\/pl\/contact\/\" target=\"_self\"\n\t\t\t\t\t\t\t\tdata-type=\"text\"\n\t\t\t\t\t\t\t\tdata-rsp_ch=\"on\"\n\t\t\t\t\t\t\t\tdata-xy=\"x:c;xo:500px,500px,500px,0;yo:60px,60px,60px,451px;\"\n\t\t\t\t\t\t\t\tdata-text=\"w:normal;s:18,18,18,15;l:25,25,25,16;a:center;\"\n\t\t\t\t\t\t\t\tdata-vbility=\"t,t,t,f\"\n\t\t\t\t\t\t\t\tdata-frame_999=\"o:0;st:w;\"\n\t\t\t\t\t\t\t\tstyle=\"z-index:9;font-family:'Poppins';\"\n\t\t\t\t\t\t\t>Poniedzia\u0142ek \u2013 Wtorek<br \/>\n8:30 \u2013 18:00<br \/>\n\u015aroda<br \/>\n14:00 \u2013 18:30<br \/>\nCzwartek<br \/>\n8:30 \u2013 13:30<br \/>\nPi\u0105tek<br \/>\n8:30 \u2013 13:00<br \/>\nKonsultacje tylko po wcze\u015bniejszej rejestracji \n\t\t\t\t\t\t\t<\/a><!--\n\n\t\t\t\t\t\t\t--><a\n\t\t\t\t\t\t\t\tid=\"slider-87-slide-175-layer-7\" \n\t\t\t\t\t\t\t\tclass=\"rs-layer\"\n\t\t\t\t\t\t\t\thref=\"https:\/\/drmika.ch\/pl\/contact\/\" target=\"_self\"\n\t\t\t\t\t\t\t\tdata-type=\"text\"\n\t\t\t\t\t\t\t\tdata-rsp_ch=\"on\"\n\t\t\t\t\t\t\t\tdata-xy=\"x:c;xo:500px,500px,500px,0;yo:60px,60px,60px,451px;\"\n\t\t\t\t\t\t\t\tdata-text=\"w:normal;s:18,18,18,15;l:25,25,25,16;a:center;\"\n\t\t\t\t\t\t\t\tdata-vbility=\"f,f,f,t\"\n\t\t\t\t\t\t\t\tdata-frame_999=\"o:0;st:w;\"\n\t\t\t\t\t\t\t\tstyle=\"z-index:9;font-family:'Poppins';\"\n\t\t\t\t\t\t\t>Poniedzia\u0142ek \u2013 Wtorek<br \/>\n8:30 \u2013 18:00<br \/>\n\u015aroda<br \/>\n14:00 \u2013 18:30<br \/>\nCzwartek<br \/>\n8:30 \u2013 13:30<br \/>\nPi\u0105tek<br \/>\n8:30 \u2013 13:00<br \/>\n<br \/>\nKonsultacje tylko po wcze\u015bniejszej rejestracji \n\t\t\t\t\t\t\t<\/a><!--\n\n\t\t\t\t\t\t\t--><a\n\t\t\t\t\t\t\t\tid=\"slider-87-slide-175-layer-10\" \n\t\t\t\t\t\t\t\tclass=\"rs-layer\"\n\t\t\t\t\t\t\t\thref=\"tel:+41227336446\" target=\"_self\"\n\t\t\t\t\t\t\t\tdata-type=\"text\"\n\t\t\t\t\t\t\t\tdata-rsp_ch=\"on\"\n\t\t\t\t\t\t\t\tdata-xy=\"xo:888px,888px,888px,78px;yo:205px,205px,205px,344px;\"\n\t\t\t\t\t\t\t\tdata-text=\"s:18,18,18,14;l:25,25,25,21;\"\n\t\t\t\t\t\t\t\tdata-dim=\"w:auto,auto,auto,154px;\"\n\t\t\t\t\t\t\t\tdata-frame_0=\"x:0,0,0,0px;y:0,0,0,0px;\"\n\t\t\t\t\t\t\t\tdata-frame_1=\"x:0,0,0,0px;y:0,0,0,0px;\"\n\t\t\t\t\t\t\t\tdata-frame_999=\"o:0;st:w;\"\n\t\t\t\t\t\t\t\tstyle=\"z-index:15;font-family:'Roboto';\"\n\t\t\t\t\t\t\t>Tel.  +41 (0) 22 733 64 46 \n\t\t\t\t\t\t\t<\/a><!--\n-->\t\t\t\t\t\t<\/rs-slide>\n\t\t\t\t\t<\/rs-slides>\n\t\t\t\t<\/rs-module>\n\t\t\t\t<script>\n\t\t\t\t\tsetREVStartSize({c: 'rev_slider_87_3',rl:[1240,1240,1240,480],el:[300,300,300,650],gw:[1980,1980,1980,300],gh:[300,300,300,650],type:'hero',justify:'',layout:'fullwidth',mh:\"0\"});if (window.RS_MODULES!==undefined && window.RS_MODULES.modules!==undefined && window.RS_MODULES.modules[\"revslider873\"]!==undefined) {window.RS_MODULES.modules[\"revslider873\"].once = false;window.revapi87 = undefined;if (window.RS_MODULES.checkMinimal!==undefined) window.RS_MODULES.checkMinimal()}\n\t\t\t\t<\/script>\n\t\t\t<\/rs-module-wrap>\n\t\t\t<!-- END REVOLUTION SLIDER -->\n[\/vc_column][\/vc_row]<\/p>\n<\/section>","protected":false},"excerpt":{"rendered":"<p>[vc_row][vc_column width=&#8221;1\/6&#8243;][\/vc_column][vc_column width=&#8221;2\/3&#8243;][vc_empty_space][vc_column_text] Kr\u00f3tkowzroczno\u015b\u0107 czyli miopia, to najcz\u0119\u015bciej obecnie wyst\u0119puj\u0105ca wada wzroku, polegaj\u0105ca na wyra\u017anym widzeniu przedmiot\u00f3w znajduj\u0105cych si\u0119 blisko, podczas gdy przedmioty znajduj\u0105ce si\u0119 w\u00a0oddali wydaj\u0105 si\u0119 by\u0107 zamazane. Schorzenie dotyczy g\u0142\u00f3wnie dzieci w wieku szkolnym i ludzi m\u0142odych. Wada jest uwarunkowana genetycznie ale na jej powstawanie olbrzymi wp\u0142yw ma r\u00f3wnie\u017c rodzaj wykonywanej pracy [&hellip;]<\/p>\n","protected":false},"author":1,"featured_media":0,"parent":20,"menu_order":0,"comment_status":"closed","ping_status":"closed","template":"","meta":{"footnotes":""},"class_list":["post-196","page","type-page","status-publish","hentry"],"_links":{"self":[{"href":"https:\/\/drmika.ch\/pl\/wp-json\/wp\/v2\/pages\/196","targetHints":{"allow":["GET"]}}],"collection":[{"href":"https:\/\/drmika.ch\/pl\/wp-json\/wp\/v2\/pages"}],"about":[{"href":"https:\/\/drmika.ch\/pl\/wp-json\/wp\/v2\/types\/page"}],"author":[{"embeddable":true,"href":"https:\/\/drmika.ch\/pl\/wp-json\/wp\/v2\/users\/1"}],"replies":[{"embeddable":true,"href":"https:\/\/drmika.ch\/pl\/wp-json\/wp\/v2\/comments?post=196"}],"version-history":[{"count":4,"href":"https:\/\/drmika.ch\/pl\/wp-json\/wp\/v2\/pages\/196\/revisions"}],"predecessor-version":[{"id":4245,"href":"https:\/\/drmika.ch\/pl\/wp-json\/wp\/v2\/pages\/196\/revisions\/4245"}],"up":[{"embeddable":true,"href":"https:\/\/drmika.ch\/pl\/wp-json\/wp\/v2\/pages\/20"}],"wp:attachment":[{"href":"https:\/\/drmika.ch\/pl\/wp-json\/wp\/v2\/media?parent=196"}],"curies":[{"name":"wp","href":"https:\/\/api.w.org\/{rel}","templated":true}]}}