{"id":219,"date":"2021-02-15T12:03:33","date_gmt":"2021-02-15T12:03:33","guid":{"rendered":"https:\/\/drmika.ch\/?page_id=219"},"modified":"2024-12-14T08:45:12","modified_gmt":"2024-12-14T08:45:12","slug":"retinal-detachment","status":"publish","type":"page","link":"https:\/\/drmika.ch\/pl\/eye-disorders\/retinal-detachment\/","title":{"rendered":"Odwarstwienie siatk\u00f3wki"},"content":{"rendered":"<section class=\"wpb-content-wrapper\"><p><\/p>\n<p>[vc_row][vc_column width=&#8221;1\/6&#8243;][\/vc_column][vc_column width=&#8221;2\/3&#8243;][vc_empty_space]<div class=\" agni-section-heading text-center ihda\" ><h2 class=\"section-heading-text \" style=\"font-size:30px;\"><span>Odwarstwienie siatk\u00f3wki<\/span><\/h2><div class=\"section-divide-line divide-line text-center\"><span style=\"width:90px; height:1px; background-color:#ff655c\"><\/span><\/div><\/div>[vc_column_text]<\/p>\n<p style=\"text-align: justify;\"><strong>Odwarstwienie siatk\u00f3wki<\/strong>. Siatk\u00f3wka stanowi wewn\u0119trzna \u015bcian\u0119 ga\u0142ki ocznej. Jest to jedna z\u00a0najistotniejszych struktur oka, poniewa\u017c zawiera fotoreceptory, kt\u00f3re zamieniaj\u0105 energi\u0119 \u015bwietln\u0105 na wra\u017cenia wzrokowe. Je\u017celi kurczeniu si\u0119 cia\u0142a szklistego b\u0119dzie towarzyszy\u0142o poci\u0105ganie siatk\u00f3wki, pacjent mo\u017ce obserwowa\u0107 kr\u00f3tkie, silne wra\u017cenia \u015bwietlne okre\u015blane jako b\u0142yski (inaczej fotopsje), kt\u00f3re zazwyczaj szybko ust\u0119puj\u0105. Ten fizjologiczny proces od\u0142\u0105czania si\u0119 cia\u0142a szklistego mo\u017ce u\u00a0niekt\u00f3rych os\u00f3b prowadzi\u0107 do powik\u0142a\u0144. W miejscach, w kt\u00f3rych kurcz\u0105ce si\u0119 i od\u0142\u0105czaj\u0105ce od siatk\u00f3wki cia\u0142o szkliste silniej przylega do niej, mog\u0105 powsta\u0107 przedarcia i otwory. P\u0142yn z wn\u0119trza ga\u0142ki ocznej mo\u017ce przez nie dostawa\u0107 si\u0119 pod siatk\u00f3wk\u0119, powoduj\u0105c przedarciowe (otworopochodne) odwarstwienie siatk\u00f3wki. Odwarstwienie pojawia si\u0119 zazwyczaj w cz\u0119\u015bci obwodowej siatk\u00f3wki, jednak szybko post\u0119puje, obejmuj\u0105c ca\u0142\u0105 jej powierzchni\u0119. Inne typy odwarstwienia siatk\u00f3wki to odwarstwienie wywo\u0142ane poci\u0105ganiem siatk\u00f3wki oraz wysi\u0119kowe odwarstwienie siatk\u00f3wki.<\/p>\n<p>[\/vc_column_text][vc_empty_space]<div class=\" agni-image custom-image-container text-center\">\n\t\t\t<figure class=\"agni-image-figure\">\n\t\t\t\t<img loading=\"lazy\" decoding=\"async\" style=\"\" width=\"882\" height=\"299\" src=\"https:\/\/drmika.ch\/wp-content\/uploads\/2021\/03\/odwarstwienie-siatkowki-e1621584472542.png\" class=\"fullwidth-image attachment-full  attachment-full\" alt=\"\" title=\"odwarstwienie siatkowki\" srcset=\"https:\/\/drmika.ch\/wp-content\/uploads\/2021\/03\/odwarstwienie-siatkowki-e1621584472542.png 882w, https:\/\/drmika.ch\/wp-content\/uploads\/2021\/03\/odwarstwienie-siatkowki-e1621584472542-300x102.png 300w, https:\/\/drmika.ch\/wp-content\/uploads\/2021\/03\/odwarstwienie-siatkowki-e1621584472542-768x260.png 768w\" sizes=\"auto, (max-width: 882px) 100vw, 882px\" \/>\n\t\t\t\t<figcaption class=\"vc_figure-caption\"><\/figcaption>\n\t\t\t<\/figure>\n\t\t<\/div>[vc_empty_space][\/vc_column][vc_column width=&#8221;1\/6&#8243;][\/vc_column][\/vc_row][vc_row][vc_column][vc_column_text]<\/p>\n<h5 style=\"text-align: center;\">Przeczytaj wi\u0119cej o sposobach leczenia<\/h5>\n<p>[\/vc_column_text][\/vc_column][\/vc_row][vc_row][vc_column][vc_empty_space][\/vc_column][\/vc_row][vc_row][vc_column width=&#8221;1\/6&#8243;][\/vc_column][vc_column width=&#8221;2\/3&#8243;][vc_row_inner][vc_column_inner width=&#8221;1\/3&#8243;][\/vc_column_inner][vc_column_inner bg_color=&#8221;#f4f4f4&#8243; width=&#8221;1\/3&#8243;][vc_empty_space]<div class=\" agni-image custom-image-container text-center\">\n\t\t\t<figure class=\"agni-image-figure\">\n\t\t\t\t<a href=\"https:\/\/drmika.ch\/surgery\/intraocular-vitreoretinal-surgery\/\"  target=\"_self\"><img loading=\"lazy\" decoding=\"async\" style=\"\" width=\"263\" height=\"146\" src=\"https:\/\/drmika.ch\/wp-content\/uploads\/2021\/06\/pikto-5.png\" class=\"fullwidth-image attachment-full  attachment-full\" alt=\"\" title=\"Surgery\" \/><\/a>\n\t\t\t\t<figcaption class=\"vc_figure-caption\"><\/figcaption>\n\t\t\t<\/figure>\n\t\t<\/div>[vc_empty_space][vc_column_text el_class=&#8221;text_element&#8221;]<\/p>\n<h5 style=\"text-align: center;\"><a href=\"https:\/\/drmika.ch\/surgery\/intraocular-vitreoretinal-surgery\/\">Chirurgia<\/a><\/h5>\n<p>[\/vc_column_text][\/vc_column_inner][vc_column_inner bg_color=&#8221;#f4f4f4&#8243; width=&#8221;1\/3&#8243;][\/vc_column_inner][\/vc_row_inner][\/vc_column][vc_column width=&#8221;1\/6&#8243;][\/vc_column][\/vc_row][vc_row][vc_column][vc_empty_space height=&#8221;50&#8243;][\/vc_column][\/vc_row]<\/p>\n<p><\/p>\n<\/section>","protected":false},"excerpt":{"rendered":"<p>[vc_row][vc_column width=&#8221;1\/6&#8243;][\/vc_column][vc_column width=&#8221;2\/3&#8243;][vc_empty_space][vc_column_text] Odwarstwienie siatk\u00f3wki. Siatk\u00f3wka stanowi wewn\u0119trzna \u015bcian\u0119 ga\u0142ki ocznej. Jest to jedna z\u00a0najistotniejszych struktur oka, poniewa\u017c zawiera fotoreceptory, kt\u00f3re zamieniaj\u0105 energi\u0119 \u015bwietln\u0105 na wra\u017cenia wzrokowe. Je\u017celi kurczeniu si\u0119 cia\u0142a szklistego b\u0119dzie towarzyszy\u0142o poci\u0105ganie siatk\u00f3wki, pacjent mo\u017ce obserwowa\u0107 kr\u00f3tkie, silne wra\u017cenia \u015bwietlne okre\u015blane jako b\u0142yski (inaczej fotopsje), kt\u00f3re zazwyczaj szybko ust\u0119puj\u0105. Ten fizjologiczny proces [&hellip;]<\/p>\n","protected":false},"author":1,"featured_media":0,"parent":20,"menu_order":0,"comment_status":"closed","ping_status":"closed","template":"","meta":{"footnotes":""},"class_list":["post-219","page","type-page","status-publish","hentry"],"_links":{"self":[{"href":"https:\/\/drmika.ch\/pl\/wp-json\/wp\/v2\/pages\/219","targetHints":{"allow":["GET"]}}],"collection":[{"href":"https:\/\/drmika.ch\/pl\/wp-json\/wp\/v2\/pages"}],"about":[{"href":"https:\/\/drmika.ch\/pl\/wp-json\/wp\/v2\/types\/page"}],"author":[{"embeddable":true,"href":"https:\/\/drmika.ch\/pl\/wp-json\/wp\/v2\/users\/1"}],"replies":[{"embeddable":true,"href":"https:\/\/drmika.ch\/pl\/wp-json\/wp\/v2\/comments?post=219"}],"version-history":[{"count":7,"href":"https:\/\/drmika.ch\/pl\/wp-json\/wp\/v2\/pages\/219\/revisions"}],"predecessor-version":[{"id":4115,"href":"https:\/\/drmika.ch\/pl\/wp-json\/wp\/v2\/pages\/219\/revisions\/4115"}],"up":[{"embeddable":true,"href":"https:\/\/drmika.ch\/pl\/wp-json\/wp\/v2\/pages\/20"}],"wp:attachment":[{"href":"https:\/\/drmika.ch\/pl\/wp-json\/wp\/v2\/media?parent=219"}],"curies":[{"name":"wp","href":"https:\/\/api.w.org\/{rel}","templated":true}]}}