{"id":221,"date":"2021-02-15T12:05:11","date_gmt":"2021-02-15T12:05:11","guid":{"rendered":"https:\/\/drmika.ch\/?page_id=221"},"modified":"2024-12-14T10:11:30","modified_gmt":"2024-12-14T10:11:30","slug":"floaters","status":"publish","type":"page","link":"https:\/\/drmika.ch\/pl\/eye-disorders\/floaters\/","title":{"rendered":"M\u0119ty cia\u0142a szklistego"},"content":{"rendered":"<section class=\"wpb-content-wrapper\"><p><\/p>\n<p>[vc_row][vc_column width=&#8221;1\/6&#8243;][\/vc_column][vc_column width=&#8221;2\/3&#8243;][vc_empty_space]<div class=\" agni-section-heading text-center ihda\" ><h2 class=\"section-heading-text \" style=\"font-size:30px;\"><span>M\u0119ty cia\u0142a szklistego<\/span><\/h2><div class=\"section-divide-line divide-line text-center\"><span style=\"width:90px; height:1px; background-color:#ff655c\"><\/span><\/div><\/div>[vc_column_text]<\/p>\n<p style=\"text-align: justify;\"><strong>M\u0119ty cia\u0142a szklistego<\/strong>\u00a0to zag\u0119szczenia w substancji, kt\u00f3ra wype\u0142nia wn\u0119trze ga\u0142ki ocznej tj. w ciele szklistym. Substancja ma konsystencj\u0119 \u017celu i przylega do siatk\u00f3wki. Z wiekiem cia\u0142o szkliste zaczyna si\u0119 obkurcza\u0107 i oddziela\u0107 od siatk\u00f3wki, co nazywamy tylnym od\u0142\u0105czeniem cia\u0142a szklistego (PVD). Proces ten mo\u017ce zosta\u0107 przyspieszony m.in. przez uraz oka. Konsekwencj\u0105 kurczenia si\u0119 cia\u0142a szklistego jest pojawienie si\u0119 w nim zag\u0119szcze\u0144, kt\u00f3re rzucaj\u0105 cienie na siatk\u00f3wk\u0119. Pacjent opisuje zag\u0119szczenia jako ciemniejsze punkty, kt\u00f3re maj\u0105 tendencj\u0119 do nieznacznego przesuwania si\u0119 wraz z ruchami ga\u0142ki ocznej i g\u0142owy. Cho\u0107 m\u0119ty cia\u0142a szklistego wyst\u0119puj\u0105 u wi\u0119kszo\u015bci pacjent\u00f3w nie zawsze zwracaj\u0105 oni na nie uwag\u0119. Nie ma skutecznej metody ich leczenia cho\u0107 gdy si\u0119 pojawi\u0105 nie nale\u017cy tego zjawiska bagatelizowa\u0107 poniewa\u017c mo\u017ce ono poprzedza\u0107 lub towarzyszy\u0107 m.in. odwarstwieniu siatk\u00f3wki.<\/p>\n<p>[\/vc_column_text][vc_empty_space]<div class=\" agni-image custom-image-container text-center\">\n\t\t\t<figure class=\"agni-image-figure\">\n\t\t\t\t<img loading=\"lazy\" decoding=\"async\" style=\"\" width=\"882\" height=\"299\" src=\"https:\/\/drmika.ch\/wp-content\/uploads\/2021\/03\/met-ciala-szkistego-e1621584504734.png\" class=\"fullwidth-image attachment-full  attachment-full\" alt=\"\" title=\"met ciala szkistego\" srcset=\"https:\/\/drmika.ch\/wp-content\/uploads\/2021\/03\/met-ciala-szkistego-e1621584504734.png 882w, https:\/\/drmika.ch\/wp-content\/uploads\/2021\/03\/met-ciala-szkistego-e1621584504734-300x102.png 300w, https:\/\/drmika.ch\/wp-content\/uploads\/2021\/03\/met-ciala-szkistego-e1621584504734-768x260.png 768w\" sizes=\"auto, (max-width: 882px) 100vw, 882px\" \/>\n\t\t\t\t<figcaption class=\"vc_figure-caption\"><\/figcaption>\n\t\t\t<\/figure>\n\t\t<\/div>[vc_empty_space][\/vc_column][vc_column width=&#8221;1\/6&#8243;][\/vc_column][\/vc_row][vc_row][vc_column][vc_column_text]<\/p>\n<h5 style=\"text-align: center;\">Przeczytaj wi\u0119cej o sposobach leczenia<\/h5>\n<p>[\/vc_column_text][\/vc_column][\/vc_row][vc_row][vc_column][vc_empty_space][\/vc_column][\/vc_row][vc_row][vc_column bg_color=&#8221;#f4f4f4&#8243; width=&#8221;1\/3&#8243;][vc_empty_space]<div class=\" agni-image custom-image-container text-center\">\n\t\t\t<figure class=\"agni-image-figure\">\n\t\t\t\t<a href=\"https:\/\/drmika.ch\/treatment\/\"  target=\"_self\"><img loading=\"lazy\" decoding=\"async\" style=\"\" width=\"263\" height=\"146\" src=\"https:\/\/drmika.ch\/wp-content\/uploads\/2021\/06\/pikto-1.png\" class=\"fullwidth-image attachment-full  attachment-full\" alt=\"\" title=\"Treatment\" \/><\/a>\n\t\t\t\t<figcaption class=\"vc_figure-caption\"><\/figcaption>\n\t\t\t<\/figure>\n\t\t<\/div>[vc_empty_space][vc_column_text el_class=&#8221;text_element&#8221;]<\/p>\n<h5 style=\"text-align: center;\"><a href=\"https:\/\/drmika.ch\/treatment\/\">Leczenie<\/a><\/h5>\n<p>[\/vc_column_text][\/vc_column][vc_column width=&#8221;1\/3&#8243;][\/vc_column][vc_column bg_color=&#8221;#f4f4f4&#8243; width=&#8221;1\/3&#8243;][vc_empty_space]<div class=\" agni-image custom-image-container text-center\">\n\t\t\t<figure class=\"agni-image-figure\">\n\t\t\t\t<a href=\"https:\/\/drmika.ch\/surgery\/intraocular-vitreoretinal-surgery\/\"  target=\"_self\"><img loading=\"lazy\" decoding=\"async\" style=\"\" width=\"263\" height=\"146\" src=\"https:\/\/drmika.ch\/wp-content\/uploads\/2021\/06\/pikto-5.png\" class=\"fullwidth-image attachment-full  attachment-full\" alt=\"\" title=\"Surgery\" \/><\/a>\n\t\t\t\t<figcaption class=\"vc_figure-caption\"><\/figcaption>\n\t\t\t<\/figure>\n\t\t<\/div>[vc_empty_space height=&#8221;15px&#8221;][vc_column_text el_class=&#8221;text_element&#8221;]<\/p>\n<h5 class=\"section-heading-text \" style=\"text-align: center;\"><a href=\"https:\/\/drmika.ch\/surgery\/intraocular-vitreoretinal-surgery\/\">Chirurgia wewn\u0105trzga\u0142kowa<\/a><\/h5>\n<p>[\/vc_column_text][\/vc_column][\/vc_row][vc_row][vc_column][vc_empty_space height=&#8221;50&#8243;][\/vc_column][\/vc_row]<\/p>\n<p><\/p>\n<\/section>","protected":false},"excerpt":{"rendered":"<p>[vc_row][vc_column width=&#8221;1\/6&#8243;][\/vc_column][vc_column width=&#8221;2\/3&#8243;][vc_empty_space][vc_column_text] M\u0119ty cia\u0142a szklistego\u00a0to zag\u0119szczenia w substancji, kt\u00f3ra wype\u0142nia wn\u0119trze ga\u0142ki ocznej tj. w ciele szklistym. Substancja ma konsystencj\u0119 \u017celu i przylega do siatk\u00f3wki. Z wiekiem cia\u0142o szkliste zaczyna si\u0119 obkurcza\u0107 i oddziela\u0107 od siatk\u00f3wki, co nazywamy tylnym od\u0142\u0105czeniem cia\u0142a szklistego (PVD). Proces ten mo\u017ce zosta\u0107 przyspieszony m.in. przez uraz oka. Konsekwencj\u0105 kurczenia [&hellip;]<\/p>\n","protected":false},"author":1,"featured_media":0,"parent":20,"menu_order":0,"comment_status":"closed","ping_status":"closed","template":"","meta":{"footnotes":""},"class_list":["post-221","page","type-page","status-publish","hentry"],"_links":{"self":[{"href":"https:\/\/drmika.ch\/pl\/wp-json\/wp\/v2\/pages\/221","targetHints":{"allow":["GET"]}}],"collection":[{"href":"https:\/\/drmika.ch\/pl\/wp-json\/wp\/v2\/pages"}],"about":[{"href":"https:\/\/drmika.ch\/pl\/wp-json\/wp\/v2\/types\/page"}],"author":[{"embeddable":true,"href":"https:\/\/drmika.ch\/pl\/wp-json\/wp\/v2\/users\/1"}],"replies":[{"embeddable":true,"href":"https:\/\/drmika.ch\/pl\/wp-json\/wp\/v2\/comments?post=221"}],"version-history":[{"count":11,"href":"https:\/\/drmika.ch\/pl\/wp-json\/wp\/v2\/pages\/221\/revisions"}],"predecessor-version":[{"id":4116,"href":"https:\/\/drmika.ch\/pl\/wp-json\/wp\/v2\/pages\/221\/revisions\/4116"}],"up":[{"embeddable":true,"href":"https:\/\/drmika.ch\/pl\/wp-json\/wp\/v2\/pages\/20"}],"wp:attachment":[{"href":"https:\/\/drmika.ch\/pl\/wp-json\/wp\/v2\/media?parent=221"}],"curies":[{"name":"wp","href":"https:\/\/api.w.org\/{rel}","templated":true}]}}