{"id":24,"date":"2021-02-11T14:30:05","date_gmt":"2021-02-11T14:30:05","guid":{"rendered":"https:\/\/drmika.ch\/?page_id=24"},"modified":"2024-07-05T07:03:57","modified_gmt":"2024-07-05T07:03:57","slug":"diagnostic","status":"publish","type":"page","link":"https:\/\/drmika.ch\/pl\/diagnostic\/","title":{"rendered":"Diagnostyka"},"content":{"rendered":"<section class=\"wpb-content-wrapper\"><p>[vc_row][vc_column][vc_empty_space]<div class=\" agni-section-heading text-center ihda\" ><h2 class=\"section-heading-text \" style=\"font-size:30px;\"><span>Diagnostyka<\/span><\/h2><div class=\"section-divide-line divide-line text-center\"><span style=\"width:90px; height:1px; background-color:#ff655c\"><\/span><\/div><\/div>[\/vc_column][\/vc_row][vc_row][vc_column width=&#8221;1\/6&#8243; el_class=&#8221;d-slider&#8221;][\/vc_column][vc_column width=&#8221;2\/3&#8243;][vc_column_text]<\/p>\n<p style=\"text-align: justify;\">Dysponujemy specjalistyczn\u0105 aparatur\u0105 diagnostyczn\u0105 najnowszej generacji.<\/p>\n<p style=\"text-align: justify;\">Badania diagnostyczne wykonywane w naszym gabinecie to m.in.:<\/p>\n<ul>\n<li style=\"text-align: justify;\">diagnostyka wad wzroku<\/li>\n<li style=\"text-align: justify;\">podstawowe i zaawansowane badanie okulistyczne z badaniem dna oka w\u0142\u0105cznie (po rozszerzeniu \u017arenicy)<\/li>\n<li style=\"text-align: justify;\">fotografia dna oka oraz przedniego odcinka oka<\/li>\n<li style=\"text-align: justify;\">gonioskopia i badanie tr\u00f3jlustrem Goldmana<\/li>\n<li style=\"text-align: justify;\">badanie ci\u015bnienia wewn\u0105trzga\u0142kowego metod\u0105 bezkontakow\u0105 i aplanacyjn\u0105 (tonometria aplanacyjna Goldmana)<\/li>\n<li style=\"text-align: justify;\">komputerowe badanie wady wzroku (autorefraktometria) oraz pomiar promienia krzywizny rog\u00f3wki (keratometria)<\/li>\n<li style=\"text-align: justify;\">badanie przejrzysto\u015bci o\u015brodk\u00f3w optycznych oraz retro iluminacja<\/li>\n<li style=\"text-align: justify;\">komputerowe badanie pola widzenia (perymetria statyczna) pozwala oznaczy\u0107 czu\u0142o\u015b\u0107 siatk\u00f3wki na zmienno\u015b\u0107 \u015bwiat\u0142a w okre\u015blonych punktach siatk\u00f3wki. Badanie wykonywane jest w r\u00f3\u017cnych strategiach (przesiewowa, progowa i inne). Wynik przedstawiony jest obrazowo za pomoc\u0105 map liczbowych lub graficznych. Badanie najcz\u0119\u015bciej wykonywane jest w diagnostyce i ocenie przebiegu jaskry, w diagnostyce nieprawid\u0142owo\u015bci tarczy nerwu wzrokowego, b\u00f3lach g\u0142owy i zaburzeniach neurologicznych.<\/li>\n<li style=\"text-align: justify;\">badanie grubo\u015bci rog\u00f3wki (pachymetria ultrad\u017awi\u0119kowa) badanie niezb\u0119dne przed zabiegiem rog\u00f3wkowej chirurgii refrakcyjnej oraz pomocne przy okre\u015bleniu rzeczywistego ci\u015bnienia wewn\u0105trzga\u0142kowego w przypadkach rog\u00f3wki grubej lub cienkiej<\/li>\n<li style=\"text-align: justify;\">perymetria dynamiczna wg. Goldmana &#8211; umo\u017cliwia m.in. dok\u0142adne okre\u015blenie zakresu peryferyjnego pola widzenia<\/li>\n<li style=\"text-align: justify;\">badanie widzenia zmierzchowego oraz testy dla kierowc\u00f3w w tym test ol\u015bnienia<\/li>\n<li style=\"text-align: justify;\">badanie ultrasonograficzne w prezentacji A (biometria ultrad\u017awi\u0119kowa) &#8211; pomiar d\u0142ugo\u015bci ga\u0142ki ocznej wykorzystywany m.in. do obliczania mocy soczewek wewn\u0105trzga\u0142kowych<\/li>\n<li style=\"text-align: justify;\">ultrasonografia w prezentacji B (ocena wn\u0119trza ga\u0142ki ocznej)<\/li>\n<li style=\"text-align: justify;\">badanie grubo\u015bci rog\u00f3wki (pachymetria cyfrowa i ultrad\u017awi\u0119kowa) &#8211; badanie niezb\u0119dne przed zabiegiem rog\u00f3wkowej chirurgii refrakcyjnej oraz pomocne przy okre\u015bleniu rzeczywistego ci\u015bnienia wewn\u0105trzga\u0142kowego w przypadkach rog\u00f3wki grubej lub cienkiej<\/li>\n<li style=\"text-align: justify;\">OCT (Optyczna Koherentna Tomografia Komputerowa ) najbardziej zaawansowana metoda diagnozowania siatk\u00f3wki i nerwu wzrokowego (modu\u0142 GDX). Precyzyjna ocena morfologii poszczeg\u00f3lnych warstw siatk\u00f3wki oraz ocena budowy nerwu wzrokowego. Badanie umo\u017cliwia diagnostyk\u0119 schorze\u0144 siatk\u00f3wki m.in. zwyrodnienia plamki zwi\u0105zanego z wiekiem, centralnej surowiczej retinopatii, neowaskularyzacji \u015br\u00f3dsiakt\u00f3wkowych i innych problem\u00f3w okulistycznych oraz ocen\u0119 nerwu wzrokowego \u2013 wczesna tj. przed perymetryczna diagnostyka jaskry.<\/li>\n<li style=\"text-align: justify;\">cyfrowa angiografia naczy\u0144 siatk\u00f3wki ANGIO-OCT<\/li>\n<li style=\"text-align: justify;\">cyfrowa topografia rog\u00f3wki &#8211; mapa rog\u00f3wki<\/li>\n<li style=\"text-align: justify;\">badanie poczucia kontrastu<\/li>\n<li style=\"text-align: justify;\">badanie ol\u015bnienia<\/li>\n<li style=\"text-align: justify;\">badanie stereopsji &#8211; przestrzennego widzenia<\/li>\n<li style=\"text-align: justify;\">badanie rozr\u00f3\u017cniania kolor\u00f3w<\/li>\n<li style=\"text-align: justify;\">badanie ruch\u00f3w ga\u0142ek ocznych<\/li>\n<li style=\"text-align: justify;\">badanie konwergencji tj. zbie\u017cno\u015bci oczu<\/li>\n<li style=\"text-align: justify;\">pupilometria &#8211; badanie reakcji \u017arenic na \u015bwiat\u0142o<\/li>\n<\/ul>\n<p>[\/vc_column_text][vc_empty_space height=&#8221;50&#8243;]\n\t\t\t<!-- START diagnostic REVOLUTION SLIDER 6.6.5 --><p class=\"rs-p-wp-fix\"><\/p>\n\t\t\t<rs-module-wrap id=\"rev_slider_49_3_wrapper\" data-source=\"gallery\" style=\"visibility:hidden;background:transparent;padding:0;margin:0px auto;margin-top:0;margin-bottom:0;\">\n\t\t\t\t<rs-module id=\"rev_slider_49_3\" style=\"\" data-version=\"6.6.5\">\n\t\t\t\t\t<rs-slides style=\"overflow: hidden; position: absolute;\">\n\t\t\t\t\t\t<rs-slide style=\"position: absolute;\" data-key=\"rs-87\" data-title=\"Slide\" data-anim=\"ms:1000;r:0;\" data-in=\"o:0;\" data-out=\"a:false;\">\n\t\t\t\t\t\t\t<img decoding=\"async\" src=\"\/\/drmika.ch\/wp-content\/plugins\/revslider\/public\/assets\/assets\/dummy.png\" alt=\"Slide\" title=\"diagnostyka-1\" width=\"2560\" height=\"1183\" class=\"rev-slidebg tp-rs-img rs-lazyload\" data-lazyload=\"\/\/drmika.ch\/wp-content\/plugins\/revslider\/public\/assets\/assets\/transparent.png\" data-bg=\"f:contain;\" data-no-retina>\n<!--\n\t\t\t\t\t\t\t--><rs-layer\n\t\t\t\t\t\t\t\tid=\"slider-49-slide-87-layer-0\" \n\t\t\t\t\t\t\t\tdata-type=\"image\"\n\t\t\t\t\t\t\t\tdata-rsp_ch=\"on\"\n\t\t\t\t\t\t\t\tdata-xy=\"x:c;y:c;\"\n\t\t\t\t\t\t\t\tdata-text=\"w:normal;\"\n\t\t\t\t\t\t\t\tdata-dim=\"w:1200px;h:555px;\"\n\t\t\t\t\t\t\t\tdata-frame_0=\"x:-50;\"\n\t\t\t\t\t\t\t\tdata-frame_1=\"sp:1000;\"\n\t\t\t\t\t\t\t\tdata-frame_999=\"x:50;o:0;st:w;sp:1000;\"\n\t\t\t\t\t\t\t\tstyle=\"z-index:5;\"\n\t\t\t\t\t\t\t><img decoding=\"async\" src=\"\/\/drmika.ch\/wp-content\/plugins\/revslider\/public\/assets\/assets\/dummy.png\" alt=\"\" class=\"tp-rs-img rs-lazyload\" width=\"2560\" height=\"1183\" data-lazyload=\"\/\/drmika.ch\/wp-content\/uploads\/2021\/04\/diagnostyka-1-scaled.jpg\" data-no-retina> \n\t\t\t\t\t\t\t<\/rs-layer><!--\n-->\t\t\t\t\t\t<\/rs-slide>\n\t\t\t\t\t\t<rs-slide style=\"position: absolute;\" data-key=\"rs-89\" data-title=\"Slide\" data-anim=\"ms:1000;r:0;\" data-in=\"o:0;\" data-out=\"a:false;\">\n\t\t\t\t\t\t\t<img decoding=\"async\" src=\"\/\/drmika.ch\/wp-content\/plugins\/revslider\/public\/assets\/assets\/dummy.png\" alt=\"Slide\" title=\"Diagnostyka\" class=\"rev-slidebg tp-rs-img rs-lazyload\" data-lazyload=\"\/\/drmika.ch\/wp-content\/plugins\/revslider\/public\/assets\/assets\/transparent.png\" data-no-retina>\n<!--\n\t\t\t\t\t\t\t--><rs-layer\n\t\t\t\t\t\t\t\tid=\"slider-49-slide-89-layer-2\" \n\t\t\t\t\t\t\t\tdata-type=\"image\"\n\t\t\t\t\t\t\t\tdata-rsp_ch=\"on\"\n\t\t\t\t\t\t\t\tdata-xy=\"x:c;y:c;\"\n\t\t\t\t\t\t\t\tdata-text=\"w:normal;\"\n\t\t\t\t\t\t\t\tdata-dim=\"w:1200px;h:549px;\"\n\t\t\t\t\t\t\t\tdata-frame_0=\"x:-50;\"\n\t\t\t\t\t\t\t\tdata-frame_1=\"sp:1000;\"\n\t\t\t\t\t\t\t\tdata-frame_999=\"x:50;o:0;st:w;sp:1000;\"\n\t\t\t\t\t\t\t\tstyle=\"z-index:5;\"\n\t\t\t\t\t\t\t><img decoding=\"async\" src=\"\/\/drmika.ch\/wp-content\/plugins\/revslider\/public\/assets\/assets\/dummy.png\" alt=\"\" class=\"tp-rs-img rs-lazyload\" width=\"2560\" height=\"1171\" data-lazyload=\"\/\/drmika.ch\/wp-content\/uploads\/2021\/04\/diagnostyka-3-scaled.jpg\" data-no-retina> \n\t\t\t\t\t\t\t<\/rs-layer><!--\n-->\t\t\t\t\t\t<\/rs-slide>\n\t\t\t\t\t\t<rs-slide style=\"position: absolute;\" data-key=\"rs-131\" data-title=\"Slide\" data-anim=\"ms:1000;r:0;\" data-in=\"o:0;\" data-out=\"a:false;\">\n\t\t\t\t\t\t\t<img decoding=\"async\" src=\"\/\/drmika.ch\/wp-content\/plugins\/revslider\/public\/assets\/assets\/dummy.png\" alt=\"Slide\" title=\"Diagnostyka\" class=\"rev-slidebg tp-rs-img rs-lazyload\" data-lazyload=\"\/\/drmika.ch\/wp-content\/plugins\/revslider\/public\/assets\/assets\/transparent.png\" data-no-retina>\n<!--\n\t\t\t\t\t\t\t--><rs-layer\n\t\t\t\t\t\t\t\tid=\"slider-49-slide-131-layer-2\" \n\t\t\t\t\t\t\t\tdata-type=\"image\"\n\t\t\t\t\t\t\t\tdata-rsp_ch=\"on\"\n\t\t\t\t\t\t\t\tdata-xy=\"x:c;y:c;\"\n\t\t\t\t\t\t\t\tdata-text=\"w:normal;\"\n\t\t\t\t\t\t\t\tdata-dim=\"w:1200px;h:549px;\"\n\t\t\t\t\t\t\t\tdata-frame_0=\"x:-50;\"\n\t\t\t\t\t\t\t\tdata-frame_1=\"sp:1000;\"\n\t\t\t\t\t\t\t\tdata-frame_999=\"x:50;o:0;st:w;sp:1000;\"\n\t\t\t\t\t\t\t\tstyle=\"z-index:5;\"\n\t\t\t\t\t\t\t><img decoding=\"async\" src=\"\/\/drmika.ch\/wp-content\/plugins\/revslider\/public\/assets\/assets\/dummy.png\" alt=\"\" class=\"tp-rs-img rs-lazyload\" width=\"2560\" height=\"1171\" data-lazyload=\"\/\/drmika.ch\/wp-content\/uploads\/2021\/05\/diagnostyka-4-scaled.jpg\" data-no-retina> \n\t\t\t\t\t\t\t<\/rs-layer><!--\n-->\t\t\t\t\t\t<\/rs-slide>\n\t\t\t\t\t\t<rs-slide style=\"position: absolute;\" data-key=\"rs-132\" data-title=\"Slide\" data-anim=\"ms:1000;r:0;\" data-in=\"o:0;\" data-out=\"a:false;\">\n\t\t\t\t\t\t\t<img decoding=\"async\" src=\"\/\/drmika.ch\/wp-content\/plugins\/revslider\/public\/assets\/assets\/dummy.png\" alt=\"Slide\" title=\"Diagnostyka\" class=\"rev-slidebg tp-rs-img rs-lazyload\" data-lazyload=\"\/\/drmika.ch\/wp-content\/plugins\/revslider\/public\/assets\/assets\/transparent.png\" data-no-retina>\n<!--\n\t\t\t\t\t\t\t--><rs-layer\n\t\t\t\t\t\t\t\tid=\"slider-49-slide-132-layer-2\" \n\t\t\t\t\t\t\t\tdata-type=\"image\"\n\t\t\t\t\t\t\t\tdata-rsp_ch=\"on\"\n\t\t\t\t\t\t\t\tdata-xy=\"x:c;y:c;\"\n\t\t\t\t\t\t\t\tdata-text=\"w:normal;\"\n\t\t\t\t\t\t\t\tdata-dim=\"w:1200px;h:549px;\"\n\t\t\t\t\t\t\t\tdata-frame_0=\"x:-50;\"\n\t\t\t\t\t\t\t\tdata-frame_1=\"sp:1000;\"\n\t\t\t\t\t\t\t\tdata-frame_999=\"x:50;o:0;st:w;sp:1000;\"\n\t\t\t\t\t\t\t\tstyle=\"z-index:5;\"\n\t\t\t\t\t\t\t><img decoding=\"async\" src=\"\/\/drmika.ch\/wp-content\/plugins\/revslider\/public\/assets\/assets\/dummy.png\" alt=\"\" class=\"tp-rs-img rs-lazyload\" width=\"2560\" height=\"1171\" data-lazyload=\"\/\/drmika.ch\/wp-content\/uploads\/2021\/05\/diagnostyka-5-scaled.jpg\" data-no-retina> \n\t\t\t\t\t\t\t<\/rs-layer><!--\n-->\t\t\t\t\t\t<\/rs-slide>\n\t\t\t\t\t\t<rs-slide style=\"position: absolute;\" data-key=\"rs-133\" data-title=\"Slide\" data-anim=\"ms:1000;r:0;\" data-in=\"o:0;\" data-out=\"a:false;\">\n\t\t\t\t\t\t\t<img decoding=\"async\" src=\"\/\/drmika.ch\/wp-content\/plugins\/revslider\/public\/assets\/assets\/dummy.png\" alt=\"Slide\" title=\"Diagnostyka\" class=\"rev-slidebg tp-rs-img rs-lazyload\" data-lazyload=\"\/\/drmika.ch\/wp-content\/plugins\/revslider\/public\/assets\/assets\/transparent.png\" data-no-retina>\n<!--\n\t\t\t\t\t\t\t--><rs-layer\n\t\t\t\t\t\t\t\tid=\"slider-49-slide-133-layer-2\" \n\t\t\t\t\t\t\t\tdata-type=\"image\"\n\t\t\t\t\t\t\t\tdata-rsp_ch=\"on\"\n\t\t\t\t\t\t\t\tdata-xy=\"x:c;y:c;\"\n\t\t\t\t\t\t\t\tdata-text=\"w:normal;\"\n\t\t\t\t\t\t\t\tdata-dim=\"w:1200px;h:549px;\"\n\t\t\t\t\t\t\t\tdata-frame_0=\"x:-50;\"\n\t\t\t\t\t\t\t\tdata-frame_1=\"sp:1000;\"\n\t\t\t\t\t\t\t\tdata-frame_999=\"x:50;o:0;st:w;sp:1000;\"\n\t\t\t\t\t\t\t\tstyle=\"z-index:5;\"\n\t\t\t\t\t\t\t><img decoding=\"async\" src=\"\/\/drmika.ch\/wp-content\/plugins\/revslider\/public\/assets\/assets\/dummy.png\" alt=\"\" class=\"tp-rs-img rs-lazyload\" width=\"2560\" height=\"1171\" data-lazyload=\"\/\/drmika.ch\/wp-content\/uploads\/2021\/05\/diagnostyka-6-scaled.jpg\" data-no-retina> \n\t\t\t\t\t\t\t<\/rs-layer><!--\n-->\t\t\t\t\t\t<\/rs-slide>\n\t\t\t\t\t\t<rs-slide style=\"position: absolute;\" data-key=\"rs-134\" data-title=\"Slide\" data-anim=\"ms:1000;r:0;\" data-in=\"o:0;\" data-out=\"a:false;\">\n\t\t\t\t\t\t\t<img decoding=\"async\" src=\"\/\/drmika.ch\/wp-content\/plugins\/revslider\/public\/assets\/assets\/dummy.png\" alt=\"Slide\" title=\"Diagnostyka\" class=\"rev-slidebg tp-rs-img rs-lazyload\" data-lazyload=\"\/\/drmika.ch\/wp-content\/plugins\/revslider\/public\/assets\/assets\/transparent.png\" data-no-retina>\n<!--\n\t\t\t\t\t\t\t--><rs-layer\n\t\t\t\t\t\t\t\tid=\"slider-49-slide-134-layer-2\" \n\t\t\t\t\t\t\t\tdata-type=\"image\"\n\t\t\t\t\t\t\t\tdata-rsp_ch=\"on\"\n\t\t\t\t\t\t\t\tdata-xy=\"x:c;y:c;\"\n\t\t\t\t\t\t\t\tdata-text=\"w:normal;\"\n\t\t\t\t\t\t\t\tdata-dim=\"w:1200px;h:549px;\"\n\t\t\t\t\t\t\t\tdata-frame_0=\"x:-50;\"\n\t\t\t\t\t\t\t\tdata-frame_1=\"sp:1000;\"\n\t\t\t\t\t\t\t\tdata-frame_999=\"x:50;o:0;st:w;sp:1000;\"\n\t\t\t\t\t\t\t\tstyle=\"z-index:5;\"\n\t\t\t\t\t\t\t><img decoding=\"async\" src=\"\/\/drmika.ch\/wp-content\/plugins\/revslider\/public\/assets\/assets\/dummy.png\" alt=\"\" class=\"tp-rs-img rs-lazyload\" width=\"2560\" height=\"1171\" data-lazyload=\"\/\/drmika.ch\/wp-content\/uploads\/2021\/05\/diagnostyka-7-scaled.jpg\" data-no-retina> \n\t\t\t\t\t\t\t<\/rs-layer><!--\n-->\t\t\t\t\t\t<\/rs-slide>\n\t\t\t\t\t\t<rs-slide style=\"position: absolute;\" data-key=\"rs-135\" data-title=\"Slide\" data-anim=\"ms:1000;r:0;\" data-in=\"o:0;\" data-out=\"a:false;\">\n\t\t\t\t\t\t\t<img decoding=\"async\" src=\"\/\/drmika.ch\/wp-content\/plugins\/revslider\/public\/assets\/assets\/dummy.png\" alt=\"Slide\" title=\"Diagnostyka\" class=\"rev-slidebg tp-rs-img rs-lazyload\" data-lazyload=\"\/\/drmika.ch\/wp-content\/plugins\/revslider\/public\/assets\/assets\/transparent.png\" data-no-retina>\n<!--\n\t\t\t\t\t\t\t--><rs-layer\n\t\t\t\t\t\t\t\tid=\"slider-49-slide-135-layer-2\" \n\t\t\t\t\t\t\t\tdata-type=\"image\"\n\t\t\t\t\t\t\t\tdata-rsp_ch=\"on\"\n\t\t\t\t\t\t\t\tdata-xy=\"x:c;y:c;\"\n\t\t\t\t\t\t\t\tdata-text=\"w:normal;\"\n\t\t\t\t\t\t\t\tdata-dim=\"w:1200px;h:549px;\"\n\t\t\t\t\t\t\t\tdata-frame_0=\"x:-50;\"\n\t\t\t\t\t\t\t\tdata-frame_1=\"sp:1000;\"\n\t\t\t\t\t\t\t\tdata-frame_999=\"x:50;o:0;st:w;sp:1000;\"\n\t\t\t\t\t\t\t\tstyle=\"z-index:5;\"\n\t\t\t\t\t\t\t><img decoding=\"async\" src=\"\/\/drmika.ch\/wp-content\/plugins\/revslider\/public\/assets\/assets\/dummy.png\" alt=\"\" class=\"tp-rs-img rs-lazyload\" width=\"2560\" height=\"1171\" data-lazyload=\"\/\/drmika.ch\/wp-content\/uploads\/2021\/05\/diagnostyka-8-scaled.jpg\" data-no-retina> \n\t\t\t\t\t\t\t<\/rs-layer><!--\n-->\t\t\t\t\t\t<\/rs-slide>\n\t\t\t\t\t\t<rs-slide style=\"position: absolute;\" data-key=\"rs-136\" data-title=\"Slide\" data-anim=\"ms:1000;r:0;\" data-in=\"o:0;\" data-out=\"a:false;\">\n\t\t\t\t\t\t\t<img decoding=\"async\" src=\"\/\/drmika.ch\/wp-content\/plugins\/revslider\/public\/assets\/assets\/dummy.png\" alt=\"Slide\" title=\"Diagnostyka\" class=\"rev-slidebg tp-rs-img rs-lazyload\" data-lazyload=\"\/\/drmika.ch\/wp-content\/plugins\/revslider\/public\/assets\/assets\/transparent.png\" data-no-retina>\n<!--\n\t\t\t\t\t\t\t--><rs-layer\n\t\t\t\t\t\t\t\tid=\"slider-49-slide-136-layer-2\" \n\t\t\t\t\t\t\t\tdata-type=\"image\"\n\t\t\t\t\t\t\t\tdata-rsp_ch=\"on\"\n\t\t\t\t\t\t\t\tdata-xy=\"x:c;y:c;\"\n\t\t\t\t\t\t\t\tdata-text=\"w:normal;\"\n\t\t\t\t\t\t\t\tdata-dim=\"w:1200px;h:549px;\"\n\t\t\t\t\t\t\t\tdata-frame_0=\"x:-50;\"\n\t\t\t\t\t\t\t\tdata-frame_1=\"sp:1000;\"\n\t\t\t\t\t\t\t\tdata-frame_999=\"x:50;o:0;st:w;sp:1000;\"\n\t\t\t\t\t\t\t\tstyle=\"z-index:5;\"\n\t\t\t\t\t\t\t><img decoding=\"async\" src=\"\/\/drmika.ch\/wp-content\/plugins\/revslider\/public\/assets\/assets\/dummy.png\" alt=\"\" class=\"tp-rs-img rs-lazyload\" width=\"2560\" height=\"1171\" data-lazyload=\"\/\/drmika.ch\/wp-content\/uploads\/2021\/05\/diagnostyka-9-scaled.jpg\" data-no-retina> \n\t\t\t\t\t\t\t<\/rs-layer><!--\n-->\t\t\t\t\t\t<\/rs-slide>\n\t\t\t\t\t<\/rs-slides>\n\t\t\t\t<\/rs-module>\n\t\t\t\t<script>\n\t\t\t\t\tsetREVStartSize({c: 'rev_slider_49_3',rl:[1240,1024,778,480],el:[550],gw:[1200],gh:[550],type:'standard',justify:'',layout:'fullwidth',mh:\"0\"});if (window.RS_MODULES!==undefined && window.RS_MODULES.modules!==undefined && window.RS_MODULES.modules[\"revslider493\"]!==undefined) {window.RS_MODULES.modules[\"revslider493\"].once = false;window.revapi49_3 = undefined;if (window.RS_MODULES.checkMinimal!==undefined) window.RS_MODULES.checkMinimal()}\n\t\t\t\t<\/script>\n\t\t\t<\/rs-module-wrap>\n\t\t\t<!-- END REVOLUTION SLIDER -->\n[\/vc_column][vc_column width=&#8221;1\/6&#8243; el_class=&#8221;d-slider&#8221;][\/vc_column][\/vc_row][vc_row][vc_column][vc_empty_space height=&#8221;50&#8243;][vc_column_text]<\/p>\n<h4 style=\"text-align: center;\"><a style=\"color: #ff655c; text-size: 15px;\" href=\"https:\/\/drmika.ch\/contact\/\">Zadbaj o oczy &#8211; um\u00f3w wizyt\u0119<\/a><\/h4>\n<p>[\/vc_column_text][vc_empty_space height=&#8221;50&#8243;][\/vc_column][\/vc_row]<\/p>\n<\/section>","protected":false},"excerpt":{"rendered":"<p>[vc_row][vc_column][vc_empty_space][\/vc_column][\/vc_row][vc_row][vc_column width=&#8221;1\/6&#8243; el_class=&#8221;d-slider&#8221;][\/vc_column][vc_column width=&#8221;2\/3&#8243;][vc_column_text] Dysponujemy specjalistyczn\u0105 aparatur\u0105 diagnostyczn\u0105 najnowszej generacji. Badania diagnostyczne wykonywane w naszym gabinecie to m.in.: diagnostyka wad wzroku podstawowe i zaawansowane badanie okulistyczne z badaniem dna oka w\u0142\u0105cznie (po rozszerzeniu \u017arenicy) fotografia dna oka oraz przedniego odcinka oka gonioskopia i badanie tr\u00f3jlustrem Goldmana badanie ci\u015bnienia wewn\u0105trzga\u0142kowego metod\u0105 bezkontakow\u0105 i aplanacyjn\u0105 (tonometria aplanacyjna [&hellip;]<\/p>\n","protected":false},"author":1,"featured_media":0,"parent":0,"menu_order":0,"comment_status":"closed","ping_status":"closed","template":"","meta":{"footnotes":""},"class_list":["post-24","page","type-page","status-publish","hentry"],"_links":{"self":[{"href":"https:\/\/drmika.ch\/pl\/wp-json\/wp\/v2\/pages\/24","targetHints":{"allow":["GET"]}}],"collection":[{"href":"https:\/\/drmika.ch\/pl\/wp-json\/wp\/v2\/pages"}],"about":[{"href":"https:\/\/drmika.ch\/pl\/wp-json\/wp\/v2\/types\/page"}],"author":[{"embeddable":true,"href":"https:\/\/drmika.ch\/pl\/wp-json\/wp\/v2\/users\/1"}],"replies":[{"embeddable":true,"href":"https:\/\/drmika.ch\/pl\/wp-json\/wp\/v2\/comments?post=24"}],"version-history":[{"count":3,"href":"https:\/\/drmika.ch\/pl\/wp-json\/wp\/v2\/pages\/24\/revisions"}],"predecessor-version":[{"id":3206,"href":"https:\/\/drmika.ch\/pl\/wp-json\/wp\/v2\/pages\/24\/revisions\/3206"}],"wp:attachment":[{"href":"https:\/\/drmika.ch\/pl\/wp-json\/wp\/v2\/media?parent=24"}],"curies":[{"name":"wp","href":"https:\/\/api.w.org\/{rel}","templated":true}]}}