{"id":30,"date":"2021-02-11T14:31:23","date_gmt":"2021-02-11T14:31:23","guid":{"rendered":"https:\/\/drmika.ch\/?page_id=30"},"modified":"2024-08-30T07:06:08","modified_gmt":"2024-08-30T07:06:08","slug":"contact","status":"publish","type":"page","link":"https:\/\/drmika.ch\/pl\/contact\/","title":{"rendered":"Kontakt"},"content":{"rendered":"<section class=\"wpb-content-wrapper\"><p>[vc_row][vc_column][vc_empty_space]<div class=\" agni-section-heading text-center ihda\" ><h2 class=\"section-heading-text \" style=\"font-size:48px;\"><span>Kontakt<\/span><\/h2><div class=\"section-divide-line divide-line text-center\"><span style=\"width:90px; height:1px; background-color:#ff655c\"><\/span><\/div><\/div>[\/vc_column][\/vc_row][vc_row][vc_column][vc_column_text]<iframe loading=\"lazy\" src=\"https:\/\/www.google.com\/maps\/d\/u\/1\/embed?mid=14zblZFe0E6-TN7c9pDq0NCljdRupeGw&amp;ehbc=2E312F\" width=\"1200\" height=\"480\"><\/iframe>[\/vc_column_text][\/vc_column][\/vc_row][vc_row][vc_column][vc_empty_space][\/vc_column][\/vc_row][vc_row][vc_column width=&#8221;1\/3&#8243;]<div class=\" agni-section-heading text-left ihda\" ><h2 class=\"section-heading-text \" style=\"font-size:26px;\"><span>Gabinet okulistyczny<\/span><\/h2><\/div>[vc_column_text]<\/p>\n<h5><strong>Dr n. med. Krzysztof Mika<\/strong><\/h5>\n<h5><strong>specjalista okulista FMH, FEBO<\/strong><\/h5>\n<h5><strong>specjalista okulista chirurg FMH<\/strong><\/h5>\n<p>[\/vc_column_text][vc_empty_space height=&#8221;10px&#8221;][vc_column_text]<\/p>\n<h6>Dane kontaktowe:<\/h6>\n<p><strong>Chemin des Colombettes 12<\/strong><br \/>\n<strong>1202 Genewa, Szwajcaria<\/strong>[\/vc_column_text]<div class=\" agni-button  text-left page-scroll\"><a class=\"btn btn-sm btn-white\" target=\"_self\" href=\"tel:+41227336446\" style=\"border-radius:50px;\" >+41 (0) 22 733 64 46<i class=\"ion-ios-telephone\"><\/i><\/a><\/div>[vc_empty_space height=&#8221;20px&#8221;][vc_column_text]<a href=\"mailto:secretariat.ophtalmolog@gmail.com, drkrmika@gmail.com\">secretariat.ophtalmolog@gmail.com<\/a><\/p>\n<h6><strong>Godziny otwarcia gabinetu:<\/strong><\/h6>\n<p><strong>Poniedzia\u0142ek &#8211; Wtorek<\/strong><br \/>\n<strong>8:30 &#8211; 18:00<\/strong><\/p>\n<p><strong>\u015aroda<\/strong><br \/>\n<strong>14:00 &#8211; 18:30<\/strong><\/p>\n<p><strong>Czwartek<\/strong><br \/>\n<strong>8:30 &#8211; 13:30<\/strong><\/p>\n<p><strong>Pi\u0105tek<\/strong><br \/>\n<strong>8:30 &#8211; 13:00<\/strong><\/p>\n<p><strong>Konsultacje tylko po wcze\u015bniejszej rejestracji.<\/strong>[\/vc_column_text][\/vc_column][vc_column width=&#8221;1\/3&#8243;]<div class=\" agni-section-heading text-left ihda\" ><h2 class=\"section-heading-text \" style=\"font-size:26px;\"><span>Dojazd<\/span><\/h2><\/div><div class=\" agni-button  text-left page-scroll\"><a class=\"btn btn-sm btn-primary\" target=\"_blank\" href=\"https:\/\/goo.gl\/maps\/1hbtao2ZRvn8bYoZ6\" style=\"border-radius:50px;\" >Mapa dojazdu<i class=\"ion-ios-location\"><\/i><\/a><\/div>[vc_empty_space height=&#8221;20px&#8221;]<div class=\" agni-button  text-left page-scroll\"><a class=\"btn btn-sm btn-accent\" target=\"_blank\" href=\"https:\/\/www.tpg.ch\/fr\" style=\"border-radius:50px;\" >Dojazd TPG<i class=\"fa fa-bus\"><\/i><\/a><\/div>[vc_empty_space height=&#8221;20px&#8221;][vc_column_text]<strong>Przystanek Moillebeau:<\/strong><br \/>\n\u2022 Bus:\u00a0<a title=\"Moillebeau - 3\" href=\"https:\/\/www.tpg.ch\/fr\/lignes\/3\" target=\"_blank\" rel=\"noopener\">3<\/a>, <a href=\"https:\/\/www.tpg.ch\/fr\/lignes\/22\" target=\"_blank\" rel=\"noopener\">22<\/a><\/p>\n<p><strong>Przystanek Motta:<\/strong><br \/>\n\u2022 Bus: <a title=\"Motta- 8\" href=\"https:\/\/www.tpg.ch\/fr\/lignes\/8\" target=\"_blank\" rel=\"noopener\">8<\/a>, <a title=\"Motta- 11\" href=\"https:\/\/www.tpg.ch\/fr\/lignes\/11\" target=\"_blank\" rel=\"noopener\">11<\/a><\/p>\n<p><strong>Przystanek UIT:<\/strong><br \/>\n\u2022 Bus: <a title=\"Motta- 8\" href=\"https:\/\/www.tpg.ch\/fr\/lignes\/8\" target=\"_blank\" rel=\"noopener\">8<\/a>, <a title=\"Motta- 11\" href=\"https:\/\/www.tpg.ch\/fr\/lignes\/11\" target=\"_blank\" rel=\"noopener\">11<\/a><\/p>\n<p><strong>Przystanek Vermont:<\/strong><br \/>\n\u2022 Bus: <a title=\"Vermont- 5\" href=\"https:\/\/www.tpg.ch\/fr\/lignes\/5\" target=\"_blank\" rel=\"noopener\">5<\/a><\/p>\n<p><strong>Przystanek Nation:<\/strong><br \/>\n\u2022 Bus: <a title=\"Vermont- 5\" href=\"https:\/\/www.tpg.ch\/fr\/lignes\/5\" target=\"_blank\" rel=\"noopener\">5<\/a>, <a href=\"https:\/\/www.tpg.ch\/fr\/lignes\/5+\" target=\"_blank\" rel=\"noopener\">5+<\/a>, <a href=\"https:\/\/www.tpg.ch\/fr\/lignes\/8\" target=\"_blank\" rel=\"noopener\">8<\/a>, <a href=\"https:\/\/www.tpg.ch\/fr\/lignes\/11\" target=\"_blank\" rel=\"noopener\">11<\/a>, <a href=\"https:\/\/www.tpg.ch\/fr\/lignes\/15\" target=\"_blank\" rel=\"noopener\">15<\/a><\/p>\n<p><strong>Przystanek Varemb\u00e9 :<\/strong><br \/>\n\u2022 Bus: <a title=\"Vermont- 5\" href=\"https:\/\/www.tpg.ch\/fr\/lignes\/5\" target=\"_blank\" rel=\"noopener\">5<\/a>, <a href=\"https:\/\/www.tpg.ch\/fr\/lignes\/20\" target=\"_blank\" rel=\"noopener\">20<\/a>, <a href=\"https:\/\/www.tpg.ch\/fr\/lignes\/F\" target=\"_blank\" rel=\"noopener\">F<\/a>[\/vc_column_text][\/vc_column][vc_column width=&#8221;1\/3&#8243;]<div class=\" agni-section-heading text-left ihda\" ><h2 class=\"section-heading-text \" style=\"font-size:26px;\"><span>Formularz kontaktowy<\/span><\/h2><\/div>\n<div class=\"wpcf7 no-js\" id=\"wpcf7-f17-o3\" lang=\"en-US\" dir=\"ltr\" data-wpcf7-id=\"17\">\n<div class=\"screen-reader-response\"><p role=\"status\" aria-live=\"polite\" aria-atomic=\"true\"><\/p> <ul><\/ul><\/div>\n<form action=\"\/pl\/wp-json\/wp\/v2\/pages\/30#wpcf7-f17-o3\" method=\"post\" class=\"wpcf7-form init\" aria-label=\"Contact form\" enctype=\"multipart\/form-data\" novalidate=\"novalidate\" data-status=\"init\">\n<div style=\"display: none;\">\n<input type=\"hidden\" name=\"_wpcf7\" value=\"17\" \/>\n<input type=\"hidden\" name=\"_wpcf7_version\" value=\"6.0.5\" \/>\n<input type=\"hidden\" name=\"_wpcf7_locale\" value=\"en_US\" \/>\n<input type=\"hidden\" name=\"_wpcf7_unit_tag\" value=\"wpcf7-f17-o3\" \/>\n<input type=\"hidden\" name=\"_wpcf7_container_post\" value=\"0\" \/>\n<input type=\"hidden\" name=\"_wpcf7_posted_data_hash\" value=\"\" \/>\n<input type=\"hidden\" name=\"_wpcf7_recaptcha_response\" value=\"\" \/>\n<\/div>\n<p>Imi\u0119 i nazwisko *\n<\/p>\n<p><span class=\"wpcf7-form-control-wrap\" data-name=\"your-name\"><input size=\"40\" maxlength=\"400\" class=\"wpcf7-form-control wpcf7-text wpcf7-validates-as-required\" aria-required=\"true\" aria-invalid=\"false\" placeholder=\"Imi\u0119 i nazwisko\" value=\"\" type=\"text\" name=\"your-name\" \/><\/span>\n<\/p>\n<p>Email *\n<\/p>\n<p><span class=\"wpcf7-form-control-wrap\" data-name=\"your-email\"><input size=\"40\" maxlength=\"400\" class=\"wpcf7-form-control wpcf7-email wpcf7-validates-as-required wpcf7-text wpcf7-validates-as-email form-control\" aria-required=\"true\" aria-invalid=\"false\" placeholder=\"Email\" value=\"\" type=\"email\" name=\"your-email\" \/><\/span>\n<\/p>\n<p>Telefon *\n<\/p>\n<p><span class=\"wpcf7-form-control-wrap\" data-name=\"your-tel\"><input size=\"40\" maxlength=\"400\" class=\"wpcf7-form-control wpcf7-tel wpcf7-validates-as-required wpcf7-text wpcf7-validates-as-tel\" aria-required=\"true\" aria-invalid=\"false\" placeholder=\"Telefon\" value=\"\" type=\"tel\" name=\"your-tel\" \/><\/span>\n<\/p>\n<p>Temat *\n<\/p>\n<p><span class=\"wpcf7-form-control-wrap\" data-name=\"your-subject\"><input size=\"40\" maxlength=\"400\" class=\"wpcf7-form-control wpcf7-text\" aria-invalid=\"false\" placeholder=\"Temat\" value=\"\" type=\"text\" name=\"your-subject\" \/><\/span>\n<\/p>\n<p>Wiadomo\u015b\u0107 *\n<\/p>\n<p><span class=\"wpcf7-form-control-wrap\" data-name=\"your-message\"><textarea cols=\"40\" rows=\"10\" maxlength=\"2000\" class=\"wpcf7-form-control wpcf7-textarea\" aria-invalid=\"false\" placeholder=\"Wiadomo\u015b\u0107\" name=\"your-message\"><\/textarea><\/span>\n<\/p>\n<p class=\"quiz-answer\"><br \/>\nAby wys\u0142a\u0107 wiadomo\u015b\u0107, wpisz wynik. *<br \/>\n<span class=\"wpcf7-form-control-wrap\" data-name=\"quiz-math\"><label><span class=\"wpcf7-quiz-label\">5+2=?<\/span> <input size=\"40\" class=\"wpcf7-form-control wpcf7-quiz quiz\" autocomplete=\"off\" aria-required=\"true\" aria-invalid=\"false\" type=\"text\" name=\"quiz-math\" \/><\/label><input type=\"hidden\" name=\"_wpcf7_quiz_answer_quiz-math\" value=\"9e80db52b7a1e155b3c043d9de189cb9\" \/><\/span>\n<\/p>\n<p>Za\u0142\u0105cznik\n<\/p>\n<p><span class=\"wpcf7-form-control-wrap\" data-name=\"attachment-file\"><input size=\"40\" class=\"wpcf7-form-control wpcf7-file\" accept=\"audio\/*,video\/*,image\/*\" aria-invalid=\"false\" type=\"file\" name=\"attachment-file\" \/><\/span>\n<\/p>\n<p class=\"quiz-checkbox\"><span class=\"wpcf7-form-control-wrap\" data-name=\"agree\"><span class=\"wpcf7-form-control wpcf7-checkbox wpcf7-validates-as-required\"><span class=\"wpcf7-list-item first last\"><label><input type=\"checkbox\" name=\"agree[]\" value=\"Przesy\u0142aj\u0105c ten formularz wyra\u017casz zgod\u0119 na przetwarzanie przes\u0142anych danych przez nasz sekretariat w celu przetworzenia Twojej wiadomo\u015bci i wys\u0142ania zwrotnej komunikacji elektronicznej poprzez e-mail lub sms.\" \/><span class=\"wpcf7-list-item-label\">Przesy\u0142aj\u0105c ten formularz wyra\u017casz zgod\u0119 na przetwarzanie przes\u0142anych danych przez nasz sekretariat w celu przetworzenia Twojej wiadomo\u015bci i wys\u0142ania zwrotnej komunikacji elektronicznej poprzez e-mail lub sms.<\/span><\/label><\/span><\/span><\/span>\n<\/p>\n<p><input class=\"wpcf7-form-control wpcf7-submit has-spinner btn btn-large btn-primary\" type=\"submit\" value=\"OK\" \/>\n<\/p><div class=\"wpcf7-response-output\" aria-hidden=\"true\"><\/div>\n<\/form>\n<\/div>\n[\/vc_column][\/vc_row][vc_row][vc_column][vc_empty_space][vc_column_text]<\/p>\n<h4 style=\"text-align: center;\"><a style=\"color: #ff655c; text-size: 15px;\">Konsultacje w nag\u0142ych wypadkach &#8211; skontaktuj si\u0119 z nami mailowo lub telefonicznie. <\/a><\/h4>\n<p>[\/vc_column_text][vc_empty_space][\/vc_column][\/vc_row][vc_row][vc_column][vc_empty_space height=&#8221;50px&#8221;][\/vc_column][\/vc_row]<\/p>\n<\/section>","protected":false},"excerpt":{"rendered":"<p>[vc_row][vc_column][vc_empty_space][\/vc_column][\/vc_row][vc_row][vc_column][vc_column_text][\/vc_column_text][\/vc_column][\/vc_row][vc_row][vc_column][vc_empty_space][\/vc_column][\/vc_row][vc_row][vc_column width=&#8221;1\/3&#8243;][vc_column_text] Dr n. med. Krzysztof Mika specjalista okulista FMH, FEBO specjalista okulista chirurg FMH [\/vc_column_text][vc_empty_space height=&#8221;10px&#8221;][vc_column_text] Dane kontaktowe: Chemin des Colombettes 12 1202 Genewa, Szwajcaria[\/vc_column_text][vc_empty_space height=&#8221;20px&#8221;][vc_column_text]secretariat.ophtalmolog@gmail.com Godziny otwarcia gabinetu: Poniedzia\u0142ek &#8211; Wtorek 8:30 &#8211; 18:00 \u015aroda 14:00 &#8211; 18:30 Czwartek 8:30 &#8211; 13:30 Pi\u0105tek 8:30 &#8211; 13:00 Konsultacje tylko po wcze\u015bniejszej rejestracji.[\/vc_column_text][\/vc_column][vc_column width=&#8221;1\/3&#8243;][vc_empty_space height=&#8221;20px&#8221;][vc_empty_space [&hellip;]<\/p>\n","protected":false},"author":1,"featured_media":0,"parent":0,"menu_order":0,"comment_status":"closed","ping_status":"closed","template":"","meta":{"footnotes":""},"class_list":["post-30","page","type-page","status-publish","hentry"],"_links":{"self":[{"href":"https:\/\/drmika.ch\/pl\/wp-json\/wp\/v2\/pages\/30","targetHints":{"allow":["GET"]}}],"collection":[{"href":"https:\/\/drmika.ch\/pl\/wp-json\/wp\/v2\/pages"}],"about":[{"href":"https:\/\/drmika.ch\/pl\/wp-json\/wp\/v2\/types\/page"}],"author":[{"embeddable":true,"href":"https:\/\/drmika.ch\/pl\/wp-json\/wp\/v2\/users\/1"}],"replies":[{"embeddable":true,"href":"https:\/\/drmika.ch\/pl\/wp-json\/wp\/v2\/comments?post=30"}],"version-history":[{"count":31,"href":"https:\/\/drmika.ch\/pl\/wp-json\/wp\/v2\/pages\/30\/revisions"}],"predecessor-version":[{"id":3759,"href":"https:\/\/drmika.ch\/pl\/wp-json\/wp\/v2\/pages\/30\/revisions\/3759"}],"wp:attachment":[{"href":"https:\/\/drmika.ch\/pl\/wp-json\/wp\/v2\/media?parent=30"}],"curies":[{"name":"wp","href":"https:\/\/api.w.org\/{rel}","templated":true}]}}