{"id":3097,"date":"2021-02-25T14:19:21","date_gmt":"2021-02-25T14:19:21","guid":{"rendered":"https:\/\/drmika.ch\/?page_id=3097"},"modified":"2025-03-21T05:49:10","modified_gmt":"2025-03-21T05:49:10","slug":"pkr","status":"publish","type":"page","link":"https:\/\/drmika.ch\/pl\/pkr\/","title":{"rendered":"PRK"},"content":{"rendered":"<section class=\"wpb-content-wrapper\"><p>[vc_row][vc_column width=&#8221;1\/6&#8243;][\/vc_column][vc_column width=&#8221;2\/3&#8243;][vc_empty_space]<div class=\" agni-section-heading text-center ihda\" ><h2 class=\"section-heading-text \" style=\"font-size:30px;\"><span>PRK<\/span><\/h2><div class=\"section-divide-line divide-line text-center\"><span style=\"width:90px; height:1px; background-color:#ff655c\"><\/span><\/div><\/div>[vc_empty_space][vc_column_text]<\/p>\n<p style=\"text-align: justify;\">Laserowa korekcja wady wzroku metod\u0105 PRK to metoda ablacji powierzchniowej, w kt\u00f3rej pole pod dzia\u0142anie lasera excimerowego przygotowuje si\u0119 oddzielaj\u0105c nab\u0142onek rog\u00f3wki m.in. przy u\u017cyciu specjalnych kropli. Nast\u0119pnie przy pomocy lasera excimerowego firmy <strong>Bausch &amp; Lomb Technolas\u00ae<\/strong> rog\u00f3wka jest modelowana, aby skorygowa\u0107 istniej\u0105c\u0105 wad\u0119 wzroku. Poniewa\u017c po zabiegu przez oko\u0142o 2-3 dni utrzymuje si\u0119 b\u00f3l oka, metoda PRK stosowana jest ze wskaza\u0144 medycznych w przypadkach gdy nie mo\u017cna u\u017cy\u0107 lasera FEMTOsekundowego (m.in. zbyt cie\u0144ka rog\u00f3wka, specyficzny wykonywany zaw\u00f3d przez pacjenta lub preferencje pacjenta). Po zabiegu pacjent nosi ochronn\u0105 soczewk\u0119 kontaktow\u0105 przez okres od 5 do 6 dni. Pe\u0142na ostro\u015b\u0107 wzroku wraca po ok. 2-4 tygodniach.<\/p>\n<p>[\/vc_column_text][vc_column_text]<video id=\"my-video\" class=\"video-js vjs-big-play-centered\" width=\"300\" height=\"150\" data-setup=\"{&quot;controls&quot;: true, &quot;autoplay&quot;: false, &quot;preload&quot;: &quot;auto&quot;, &quot;height&quot;: &quot;422&quot;, &quot;width&quot;: &quot;750&quot;}\"><source src=\"https:\/\/drmika.ch\/wp-content\/uploads\/movies\/Ref_Anim_PRK.mp4\" type=\"video\/mp4\" \/><track kind=\"captions\" src=\"https:\/\/drmika.ch\/wp-content\/uploads\/2021\/05\/Ref_Anim_PRK_PL.vtt\" srclang=\"pl\" label=\"Polish\" default=\"\" \/><\/video><\/p>\n<p><script src=\"https:\/\/vjs.zencdn.net\/7.11.4\/video.min.js\"><\/script>[\/vc_column_text][vc_empty_space height=&#8221;50&#8243;][vc_column_text]<\/p>\n<h6 style=\"color: #ff655c;\">UWAGA<\/h6>\n<p style=\"text-align: justify;\">W celu przeprowadzenia prawid\u0142owej kwalifikacji do zabiegu chirurgii refrakcyjnej konieczne jest zaprzestanie noszenia szkie\u0142 kontaktowych przez okres minimum 2 tygodni poprzedzaj\u0105cych badanie. Po ka\u017cdym typie zabiegu refrakcyjnego przez czas oko\u0142o miesi\u0105ca nale\u017cy unika\u0107 du\u017cych wysi\u0142k\u00f3w fizycznych, p\u0142ywania w basenie, opalania si\u0119, przebywania w suchych i zadymionych pomieszczeniach. Efekty uboczne, kt\u00f3re mog\u0105 wyst\u0105pi\u0107 i utrzymywa\u0107 si\u0119 do kilku miesi\u0119cy po zabiegu, to przede wszystkim: sucho\u015b\u0107 oczu, spadek widzenia kontrast\u00f3w po zmierzchu oraz ol\u015bnienia podczas nocnej jazdy samochodem.<\/p>\n<p style=\"text-align: justify;\">Zabiegi wykonywane s\u0105 w trybie ambulatoryjnym, w znieczuleniu miejscowym. Bezpo\u015brednio po wykonanym zabiegu pacjent nie mo\u017ce prowadzi\u0107 pojazd\u00f3w mechanicznych. Zaleca si\u0119, aby w miar\u0119 mo\u017cliwo\u015bci, pacjent po zabiegu wr\u00f3ci\u0142 do domu w asy\u015bcie.<\/p>\n<p style=\"text-align: justify;\">Laserowa korekcja wady wzroku to szybka, bezpieczna i praktycznie bezbolesna metoda pozbycia si\u0119 wady wzroku. Pacjent widzi dobrze ju\u017c dzie\u0144 po zabiegu, natomiast delikatne wahania widzenia mog\u0105 utrzymywa\u0107 si\u0119 przez okres oko\u0142o miesi\u0105ca. Ci\u0105g\u0142a poprawa i stabilizacja widzenia nast\u0119puje do oko\u0142o 6\u00a0miesi\u0119cy po zabiegu.<\/p>\n<p>[\/vc_column_text][vc_empty_space][vc_column_text]<\/p>\n<h4 style=\"text-align: center;\"><a style=\"color: #ff655c; text-size: 15px;\" href=\"https:\/\/drmika.ch\/contact\/\">Zadbaj o oczy \u2013 um\u00f3w wizyt\u0119<\/a><\/h4>\n<p>[\/vc_column_text][vc_row_inner][vc_column_inner align=&#8221;center&#8221; width=&#8221;1\/2&#8243;][vc_column_text]<div class=\"_df_thumb \" id=\"df_3855\"  _slug=\"refractive-surgery-pl\" data-title=\"chirurgia-refrakcyjna\" wpoptions=\"true\" thumb=\"https:\/\/drmika.ch\/wp-content\/uploads\/2024\/12\/PL-refractive-screen.png\" thumbtype=\"\" >Chirurgia refrakcyjna<\/div><script class=\"df-shortcode-script\" nowprocket type=\"application\/javascript\">window.option_df_3855 = {\"outline\":[],\"autoEnableOutline\":\"false\",\"autoEnableThumbnail\":\"false\",\"overwritePDFOutline\":\"false\",\"direction\":\"1\",\"pageSize\":\"0\",\"source\":\"https:\\\/\\\/drmika.ch\\\/wp-content\\\/uploads\\\/2024\\\/09\\\/RefractiveSurgeryPL.pdf\",\"wpOptions\":\"true\"}; if(window.DFLIP && window.DFLIP.parseBooks){window.DFLIP.parseBooks();}<\/script>[\/vc_column_text][\/vc_column_inner][vc_column_inner align=&#8221;center&#8221; width=&#8221;1\/2&#8243;][vc_column_text]<div class=\"_df_thumb \" id=\"df_4301\"  _slug=\"lasik-premium-laser-vision-correction\" data-title=\"english-lasik-premium-laser-vision-correction\" wpoptions=\"true\" thumb=\"https:\/\/drmika.ch\/wp-content\/uploads\/2025\/03\/lasik_cover.png\" thumbtype=\"\" >(English) LASIK  &#8211; Premium Laser Vision Correction<\/div><script class=\"df-shortcode-script\" nowprocket type=\"application\/javascript\">window.option_df_4301 = {\"outline\":[],\"autoEnableOutline\":\"false\",\"autoEnableThumbnail\":\"false\",\"overwritePDFOutline\":\"false\",\"direction\":\"1\",\"pageSize\":\"0\",\"source\":\"https:\\\/\\\/drmika.ch\\\/wp-content\\\/uploads\\\/2025\\\/03\\\/brochure_hd_lasik_fr.pdf\",\"wpOptions\":\"true\"}; if(window.DFLIP && window.DFLIP.parseBooks){window.DFLIP.parseBooks();}<\/script>[\/vc_column_text][\/vc_column_inner][\/vc_row_inner][vc_empty_space][vc_empty_space height=&#8221;50px&#8221;][\/vc_column][vc_column width=&#8221;1\/6&#8243;][\/vc_column][\/vc_row]<\/p>\n<\/section>","protected":false},"excerpt":{"rendered":"<p>[vc_row][vc_column width=&#8221;1\/6&#8243;][\/vc_column][vc_column width=&#8221;2\/3&#8243;][vc_empty_space][vc_empty_space][vc_column_text] Laserowa korekcja wady wzroku metod\u0105 PRK to metoda ablacji powierzchniowej, w kt\u00f3rej pole pod dzia\u0142anie lasera excimerowego przygotowuje si\u0119 oddzielaj\u0105c nab\u0142onek rog\u00f3wki m.in. przy u\u017cyciu specjalnych kropli. Nast\u0119pnie przy pomocy lasera excimerowego firmy Bausch &amp; Lomb Technolas\u00ae rog\u00f3wka jest modelowana, aby skorygowa\u0107 istniej\u0105c\u0105 wad\u0119 wzroku. Poniewa\u017c po zabiegu przez oko\u0142o 2-3 dni [&hellip;]<\/p>\n","protected":false},"author":1,"featured_media":0,"parent":0,"menu_order":0,"comment_status":"closed","ping_status":"closed","template":"","meta":{"footnotes":""},"class_list":["post-3097","page","type-page","status-publish","hentry"],"_links":{"self":[{"href":"https:\/\/drmika.ch\/pl\/wp-json\/wp\/v2\/pages\/3097","targetHints":{"allow":["GET"]}}],"collection":[{"href":"https:\/\/drmika.ch\/pl\/wp-json\/wp\/v2\/pages"}],"about":[{"href":"https:\/\/drmika.ch\/pl\/wp-json\/wp\/v2\/types\/page"}],"author":[{"embeddable":true,"href":"https:\/\/drmika.ch\/pl\/wp-json\/wp\/v2\/users\/1"}],"replies":[{"embeddable":true,"href":"https:\/\/drmika.ch\/pl\/wp-json\/wp\/v2\/comments?post=3097"}],"version-history":[{"count":20,"href":"https:\/\/drmika.ch\/pl\/wp-json\/wp\/v2\/pages\/3097\/revisions"}],"predecessor-version":[{"id":4307,"href":"https:\/\/drmika.ch\/pl\/wp-json\/wp\/v2\/pages\/3097\/revisions\/4307"}],"wp:attachment":[{"href":"https:\/\/drmika.ch\/pl\/wp-json\/wp\/v2\/media?parent=3097"}],"curies":[{"name":"wp","href":"https:\/\/api.w.org\/{rel}","templated":true}]}}