{"id":3109,"date":"2021-02-25T14:19:21","date_gmt":"2021-02-25T14:19:21","guid":{"rendered":"https:\/\/drmika.ch\/?page_id=3109"},"modified":"2025-01-18T12:55:16","modified_gmt":"2025-01-18T12:55:16","slug":"rle","status":"publish","type":"page","link":"https:\/\/drmika.ch\/pl\/laser-surgery\/rle\/","title":{"rendered":"RLE"},"content":{"rendered":"<section class=\"wpb-content-wrapper\"><p>[vc_row][vc_column width=&#8221;1\/6&#8243;][\/vc_column][vc_column width=&#8221;2\/3&#8243;][vc_empty_space]<div class=\" agni-section-heading text-center ihda\" ><h2 class=\"section-heading-text \" style=\"font-size:30px;\"><span>RLE<\/span><\/h2><div class=\"section-divide-line divide-line text-center\"><span style=\"width:90px; height:1px; background-color:#ff655c\"><\/span><\/div><\/div>[vc_empty_space][vc_column_text]<\/p>\n<h5><strong>Refrakcyjna wymiana soczewki (RLE- Laser Assisted Refractive Lens Exchange)<\/strong><\/h5>\n<p style=\"text-align: justify;\">Procedura refrakcyjnej wymiany soczewki (RLE) nazywana jest czasami wymian\u0105 przejrzystej soczewki (CLE \u2013 clear lens exchange) lub je\u015bli zabieg jest wykonywany u pacjent\u00f3w powy\u017cej 40 roku \u017cycia procedura nazywana jest presbiopijn\u0105 wymiana soczewki (PRELEX \u2013 presbyopic lens exchange). Zabieg polega na wymianie naturalnej soczewki pacjenta na odpowiednio obliczony i spersonalizowany implant soczewki. Po zabiegu w zale\u017cno\u015bci od przedoperacyjnego wyboru pacjenta, pacjent uniezale\u017cnia si\u0119 od okular\u00f3w do dali lub do bli\u017cy, ewentualnie do wszystkich odleg\u0142o\u015bci je\u015bli zostanie wybrana <strong>zaawansowana soczewka wieloogniskowa tj. soczewka wieloogniskowa lub soczewka EDOF (pseudo-progresywna soczewka wewn\u0105trzga\u0142kowa &#8211; extended depth of focus)<\/strong>. Procedura pod pewnymi warunkami daje mo\u017cliwo\u015b\u0107 ca\u0142kowitej rezygnacji z okular\u00f3w korekcyjnych. Aby zabieg chirurgiczny by\u0142 jak najbezpieczniejszy i aby rezultaty by\u0142y przewidywalne oraz odpowiada\u0142y przedoperacyjnej kalkulacji, proponujemy wykonanie chirurgii z asyst\u0105 lasera <strong>FEMTOsekundowego firmy Ziemer LDV Z8\u00ae<\/strong>. U\u017cycie lasera zwi\u0119ksza bezpiecze\u0144stwo procedury chirurgicznej oraz umo\u017cliwia precyzyjne wykonanie naci\u0119\u0107 rog\u00f3wkowych, kapsuloreksji (tzn. okr\u0105g\u0142ego otworu w przedniej torebce soczewki) oraz fragmentacj\u0119 soczewki w\u0142asnej pacjenta. U\u017cycie lasera FEMTOsekundowego zwi\u0119ksza precyzj\u0119 zabiegu oraz podnosi bezpiecze\u0144stwo procedury chirurgicznej, co w efekcie optymalizuje dzia\u0142anie nowoczesnych implant\u00f3w.<\/p>\n<p>[\/vc_column_text][vc_column_text]<video id=\"my-video\" class=\"video-js vjs-big-play-centered\" width=\"300\" height=\"150\" data-setup=\"{&quot;controls&quot;: true, &quot;autoplay&quot;: false, &quot;preload&quot;: &quot;auto&quot;, &quot;height&quot;: &quot;422&quot;, &quot;width&quot;: &quot;750&quot;}\"><source src=\"https:\/\/drmika.ch\/wp-content\/uploads\/movies\/Ref_Anim_RLE_Femto.mp4\" type=\"video\/mp4\" \/><track kind=\"captions\" src=\"https:\/\/drmika.ch\/wp-content\/uploads\/2021\/05\/Ref_Anim_RLE_Femto_PL.vtt\" srclang=\"pl\" label=\"Polish\" default=\"\" \/><\/video><\/p>\n<p><script src=\"https:\/\/vjs.zencdn.net\/7.11.4\/video.min.js\"><\/script>[\/vc_column_text][vc_column_text]<\/p>\n<h6 style=\"color: #ff655c;\">UWAGA<\/h6>\n<p style=\"text-align: justify;\">W celu przeprowadzenia prawid\u0142owej kwalifikacji do zabiegu chirurgii refrakcyjnej konieczne jest zaprzestanie noszenia szkie\u0142 kontaktowych przez okres minimum 2 tygodni poprzedzaj\u0105cych badanie. Po ka\u017cdym typie zabiegu refrakcyjnego przez czas oko\u0142o miesi\u0105ca nale\u017cy unika\u0107 du\u017cych wysi\u0142k\u00f3w fizycznych, p\u0142ywania w basenie, opalania si\u0119, przebywania w suchych i zadymionych pomieszczeniach. Efekty uboczne, kt\u00f3re mog\u0105 wyst\u0105pi\u0107 i utrzymywa\u0107 si\u0119 do kilku miesi\u0119cy po zabiegu, to przede wszystkim: sucho\u015b\u0107 oczu, spadek widzenia kontrast\u00f3w po zmierzchu oraz ol\u015bnienia podczas nocnej jazdy samochodem.<\/p>\n<p style=\"text-align: justify;\">Zabiegi wykonywane s\u0105 w trybie ambulatoryjnym, w znieczuleniu miejscowym. Bezpo\u015brednio po wykonanym zabiegu pacjent nie mo\u017ce prowadzi\u0107 pojazd\u00f3w mechanicznych. Zaleca si\u0119, aby w miar\u0119 mo\u017cliwo\u015bci, pacjent po zabiegu wr\u00f3ci\u0142 do domu w asy\u015bcie.<\/p>\n<p style=\"text-align: justify;\">Laserowa korekcja wady wzroku to szybka, bezpieczna i praktycznie bezbolesna metoda pozbycia si\u0119 wady wzroku. Pacjent widzi dobrze ju\u017c dzie\u0144 po zabiegu, natomiast delikatne wahania widzenia mog\u0105 utrzymywa\u0107 si\u0119 przez okres oko\u0142o miesi\u0105ca. Ci\u0105g\u0142a poprawa i stabilizacja widzenia nast\u0119puje do oko\u0142o 6\u00a0miesi\u0119cy po zabiegu.<\/p>\n<p>[\/vc_column_text][vc_empty_space][vc_column_text]<\/p>\n<h4 style=\"text-align: center;\"><a style=\"color: #ff655c; text-size: 15px;\" href=\"https:\/\/drmika.ch\/contact\/\">Zadbaj o oczy \u2013 um\u00f3w wizyt\u0119<\/a><\/h4>\n<p>[\/vc_column_text][vc_empty_space][\/vc_column][vc_column width=&#8221;1\/6&#8243;][\/vc_column][\/vc_row][vc_row][vc_column]<div class=\" agni-section-heading text-center ihda\" ><h2 class=\"section-heading-text \" style=\"font-size:24px;\"><span>Dowiedz si\u0119 wi\u0119cej<\/span><\/h2><div class=\"section-divide-line divide-line text-center\"><span style=\"width:90px; height:1px; background-color:#ff655c\"><\/span><\/div><\/div>[vc_row_inner][vc_column_inner width=&#8221;1\/5&#8243;][\/vc_column_inner][vc_column_inner width=&#8221;1\/5&#8243;][\/vc_column_inner][vc_column_inner width=&#8221;1\/5&#8243;][vc_column_text]<div class=\"_df_thumb \" id=\"df_3961\"  _slug=\"cataract-surgery-with-laser-flasc-pl\" data-title=\"chirurgia-zacmy-z-pomoca-femto-lasera\" wpoptions=\"true\" thumb=\"https:\/\/drmika.ch\/wp-content\/uploads\/2024\/12\/PL-laser-screen.png\" thumbtype=\"\" >Chirurgia za\u0107my z pomoc\u0105 FEMTO lasera<\/div><script class=\"df-shortcode-script\" nowprocket type=\"application\/javascript\">window.option_df_3961 = {\"outline\":[],\"autoEnableOutline\":\"false\",\"autoEnableThumbnail\":\"false\",\"overwritePDFOutline\":\"false\",\"direction\":\"1\",\"pageSize\":\"0\",\"source\":\"https:\\\/\\\/drmika.ch\\\/wp-content\\\/uploads\\\/2024\\\/12\\\/PL-Cataract-surgery-with-laser-flasc.pdf\",\"wpOptions\":\"true\"}; if(window.DFLIP && window.DFLIP.parseBooks){window.DFLIP.parseBooks();}<\/script>[\/vc_column_text][\/vc_column_inner][vc_column_inner width=&#8221;1\/5&#8243;][\/vc_column_inner][vc_column_inner width=&#8221;1\/5&#8243;][\/vc_column_inner][\/vc_row_inner][vc_empty_space]\n\t\t\t<!-- START seemoreRLE REVOLUTION SLIDER 6.6.5 --><p class=\"rs-p-wp-fix\"><\/p>\n\t\t\t<rs-module-wrap id=\"rev_slider_95_3_wrapper\" data-source=\"gallery\" style=\"visibility:hidden;background:transparent;padding:0;margin:0px auto;margin-top:0;margin-bottom:0;\">\n\t\t\t\t<rs-module id=\"rev_slider_95_3\" style=\"\" data-version=\"6.6.5\">\n\t\t\t\t\t<rs-slides style=\"overflow: hidden; position: absolute;\">\n\t\t\t\t\t\t<rs-slide style=\"position: absolute;\" data-key=\"rs-183\" data-title=\"Slide\" data-in=\"o:0;\" data-out=\"a:false;\">\n\t\t\t\t\t\t\t<img decoding=\"async\" src=\"\/\/drmika.ch\/wp-content\/plugins\/revslider\/public\/assets\/assets\/dummy.png\" alt=\"Slide\" title=\"RLE\" class=\"rev-slidebg tp-rs-img rs-lazyload\" data-lazyload=\"\/\/drmika.ch\/wp-content\/plugins\/revslider\/public\/assets\/assets\/transparent.png\" data-no-retina>\n<!--\n\t\t\t\t\t\t\t--><a\n\t\t\t\t\t\t\t\tid=\"slider-95-slide-183-layer-9\" \n\t\t\t\t\t\t\t\tclass=\"rs-layer\"\n\t\t\t\t\t\t\t\thref=\"https:\/\/drmika.ch\/more-about-eye-treatment\/#movie3\" target=\"_self\"\n\t\t\t\t\t\t\t\tdata-type=\"image\"\n\t\t\t\t\t\t\t\tdata-rsp_ch=\"on\"\n\t\t\t\t\t\t\t\tdata-xy=\"x:r,r,r,c;\"\n\t\t\t\t\t\t\t\tdata-text=\"w:normal;s:20,20,28,17;l:0,0,35,21;\"\n\t\t\t\t\t\t\t\tdata-dim=\"w:250px,250px,353px,458px;h:137px,137px,193px,252px;\"\n\t\t\t\t\t\t\t\tdata-frame_999=\"o:0;st:w;\"\n\t\t\t\t\t\t\t\tstyle=\"z-index:25;\"\n\t\t\t\t\t\t\t><img decoding=\"async\" src=\"\/\/drmika.ch\/wp-content\/plugins\/revslider\/public\/assets\/assets\/dummy.png\" alt=\"\" class=\"tp-rs-img rs-lazyload\" width=\"2559\" height=\"1408\" data-lazyload=\"\/\/drmika.ch\/wp-content\/uploads\/2021\/05\/refractive_lens_exchange.jpg\" data-no-retina> \n\t\t\t\t\t\t\t<\/a><!--\n\n\t\t\t\t\t\t\t--><a\n\t\t\t\t\t\t\t\tid=\"slider-95-slide-183-layer-10\" \n\t\t\t\t\t\t\t\tclass=\"rs-layer\"\n\t\t\t\t\t\t\t\thref=\"https:\/\/drmika.ch\/more-about-eye-treatment\/#movie4\" target=\"_self\"\n\t\t\t\t\t\t\t\tdata-type=\"image\"\n\t\t\t\t\t\t\t\tdata-rsp_ch=\"on\"\n\t\t\t\t\t\t\t\tdata-xy=\"x:l,l,l,c;yo:0,0,0,300px;\"\n\t\t\t\t\t\t\t\tdata-text=\"w:normal;s:20,20,28,17;l:0,0,35,21;\"\n\t\t\t\t\t\t\t\tdata-dim=\"w:250px,250px,353px,458px;h:137px,137px,193px,252px;\"\n\t\t\t\t\t\t\t\tdata-frame_999=\"o:0;st:w;\"\n\t\t\t\t\t\t\t\tstyle=\"z-index:22;\"\n\t\t\t\t\t\t\t><img decoding=\"async\" src=\"\/\/drmika.ch\/wp-content\/plugins\/revslider\/public\/assets\/assets\/dummy.png\" alt=\"\" class=\"tp-rs-img rs-lazyload\" width=\"2559\" height=\"1410\" data-lazyload=\"\/\/drmika.ch\/wp-content\/uploads\/2021\/05\/laser-assisted_refractive_lens_exchange.jpg\" data-no-retina> \n\t\t\t\t\t\t\t<\/a><!--\n-->\t\t\t\t\t\t<\/rs-slide>\n\t\t\t\t\t<\/rs-slides>\n\t\t\t\t<\/rs-module>\n\t\t\t\t<script>\n\t\t\t\t\tsetREVStartSize({c: 'rev_slider_95_3',rl:[1240,1240,778,480],el:[170,170,560,602],gw:[550,550,778,480],gh:[170,170,560,602],type:'hero',justify:'',layout:'fullwidth',mh:\"0\"});if (window.RS_MODULES!==undefined && window.RS_MODULES.modules!==undefined && window.RS_MODULES.modules[\"revslider953\"]!==undefined) {window.RS_MODULES.modules[\"revslider953\"].once = false;window.revapi95_3 = undefined;if (window.RS_MODULES.checkMinimal!==undefined) window.RS_MODULES.checkMinimal()}\n\t\t\t\t<\/script>\n\t\t\t<\/rs-module-wrap>\n\t\t\t<!-- END REVOLUTION SLIDER -->\n[vc_empty_space][\/vc_column][\/vc_row]<\/p>\n<\/section>","protected":false},"excerpt":{"rendered":"<p>[vc_row][vc_column width=&#8221;1\/6&#8243;][\/vc_column][vc_column width=&#8221;2\/3&#8243;][vc_empty_space][vc_empty_space][vc_column_text] Refrakcyjna wymiana soczewki (RLE- Laser Assisted Refractive Lens Exchange) Procedura refrakcyjnej wymiany soczewki (RLE) nazywana jest czasami wymian\u0105 przejrzystej soczewki (CLE \u2013 clear lens exchange) lub je\u015bli zabieg jest wykonywany u pacjent\u00f3w powy\u017cej 40 roku \u017cycia procedura nazywana jest presbiopijn\u0105 wymiana soczewki (PRELEX \u2013 presbyopic lens exchange). Zabieg polega na wymianie naturalnej [&hellip;]<\/p>\n","protected":false},"author":1,"featured_media":0,"parent":3613,"menu_order":0,"comment_status":"closed","ping_status":"closed","template":"","meta":{"footnotes":""},"class_list":["post-3109","page","type-page","status-publish","hentry"],"_links":{"self":[{"href":"https:\/\/drmika.ch\/pl\/wp-json\/wp\/v2\/pages\/3109","targetHints":{"allow":["GET"]}}],"collection":[{"href":"https:\/\/drmika.ch\/pl\/wp-json\/wp\/v2\/pages"}],"about":[{"href":"https:\/\/drmika.ch\/pl\/wp-json\/wp\/v2\/types\/page"}],"author":[{"embeddable":true,"href":"https:\/\/drmika.ch\/pl\/wp-json\/wp\/v2\/users\/1"}],"replies":[{"embeddable":true,"href":"https:\/\/drmika.ch\/pl\/wp-json\/wp\/v2\/comments?post=3109"}],"version-history":[{"count":12,"href":"https:\/\/drmika.ch\/pl\/wp-json\/wp\/v2\/pages\/3109\/revisions"}],"predecessor-version":[{"id":4260,"href":"https:\/\/drmika.ch\/pl\/wp-json\/wp\/v2\/pages\/3109\/revisions\/4260"}],"up":[{"embeddable":true,"href":"https:\/\/drmika.ch\/pl\/wp-json\/wp\/v2\/pages\/3613"}],"wp:attachment":[{"href":"https:\/\/drmika.ch\/pl\/wp-json\/wp\/v2\/media?parent=3109"}],"curies":[{"name":"wp","href":"https:\/\/api.w.org\/{rel}","templated":true}]}}