{"id":3110,"date":"2021-02-25T14:19:21","date_gmt":"2021-02-25T14:19:21","guid":{"rendered":"https:\/\/drmika.ch\/?page_id=3110"},"modified":"2025-01-18T12:55:14","modified_gmt":"2025-01-18T12:55:14","slug":"icl","status":"publish","type":"page","link":"https:\/\/drmika.ch\/pl\/laser-surgery\/icl\/","title":{"rendered":"ICL"},"content":{"rendered":"<section class=\"wpb-content-wrapper\"><p>[vc_row][vc_column width=&#8221;1\/6&#8243;][\/vc_column][vc_column width=&#8221;2\/3&#8243;][vc_empty_space]<div class=\" agni-section-heading text-center ihda\" ><h2 class=\"section-heading-text \" style=\"font-size:30px;\"><span>ICL<\/span><\/h2><div class=\"section-divide-line divide-line text-center\"><span style=\"width:90px; height:1px; background-color:#ff655c\"><\/span><\/div><\/div>[vc_column_text]<\/p>\n<h5><strong>Wszczepienie wewn\u0105trzga\u0142kowej soczewki (ICL)<\/strong><\/h5>\n<p style=\"text-align: justify;\">Implantacja soczewki podobnej do soczewki kontaktowej, lecz umiejscowionej wewn\u0105trz oka w\u00a0przestrze\u0144 mi\u0119dzy t\u0119cz\u00f3wk\u0105 a soczewk\u0105 w\u0142asn\u0105 (bez usuwania naturalnej soczewki pacjenta). Jest to metoda koryguj\u0105ca wad\u0119 wzroku bez wzgl\u0119du na jej natur\u0119 (kr\u00f3tkowzroczno\u015b\u0107, nadwzroczno\u015b\u0107 i\u00a0astygmatyzm). Metoda jest rozwi\u0105zaniem adresowanym przede wszystkim do pacjent\u00f3w m\u0142odych z\u00a0wysok\u0105 kr\u00f3tkowzroczno\u015bci\u0105, wysok\u0105 nadwzroczno\u015bci\u0105 lub astygmatyzmem.<\/p>\n<p>[\/vc_column_text][vc_empty_space][vc_column_text]<\/p>\n<h6 style=\"color: #ff655c;\">UWAGA<\/h6>\n<p style=\"text-align: justify;\">W celu przeprowadzenia prawid\u0142owej kwalifikacji do zabiegu chirurgii refrakcyjnej konieczne jest zaprzestanie noszenia szkie\u0142 kontaktowych przez okres minimum 2 tygodni poprzedzaj\u0105cych badanie. Po ka\u017cdym typie zabiegu refrakcyjnego przez czas oko\u0142o miesi\u0105ca nale\u017cy unika\u0107 du\u017cych wysi\u0142k\u00f3w fizycznych, p\u0142ywania w basenie, opalania si\u0119, przebywania w suchych i zadymionych pomieszczeniach. Efekty uboczne, kt\u00f3re mog\u0105 wyst\u0105pi\u0107 i utrzymywa\u0107 si\u0119 do kilku miesi\u0119cy po zabiegu, to przede wszystkim: sucho\u015b\u0107 oczu, spadek widzenia kontrast\u00f3w po zmierzchu oraz ol\u015bnienia podczas nocnej jazdy samochodem.<\/p>\n<p style=\"text-align: justify;\">Zabiegi wykonywane s\u0105 w trybie ambulatoryjnym, w znieczuleniu miejscowym. Bezpo\u015brednio po wykonanym zabiegu pacjent nie mo\u017ce prowadzi\u0107 pojazd\u00f3w mechanicznych. Zaleca si\u0119, aby w miar\u0119 mo\u017cliwo\u015bci, pacjent po zabiegu wr\u00f3ci\u0142 do domu w asy\u015bcie.<\/p>\n<p style=\"text-align: justify;\">Laserowa korekcja wady wzroku to szybka, bezpieczna i praktycznie bezbolesna metoda pozbycia si\u0119 wady wzroku. Pacjent widzi dobrze ju\u017c dzie\u0144 po zabiegu, natomiast delikatne wahania widzenia mog\u0105 utrzymywa\u0107 si\u0119 przez okres oko\u0142o miesi\u0105ca. Ci\u0105g\u0142a poprawa i stabilizacja widzenia nast\u0119puje do oko\u0142o 6\u00a0miesi\u0119cy po zabiegu.<\/p>\n<p>[\/vc_column_text][vc_empty_space][vc_column_text]<\/p>\n<h4 style=\"text-align: center;\"><a style=\"color: #ff655c; text-size: 15px;\" href=\"https:\/\/drmika.ch\/contact\/\">Zadbaj o oczy \u2013 um\u00f3w wizyt\u0119<\/a><\/h4>\n<p>[\/vc_column_text][\/vc_column][vc_column width=&#8221;1\/6&#8243;][\/vc_column][\/vc_row][vc_row][vc_column][vc_empty_space height=&#8221;50px&#8221;][\/vc_column][\/vc_row]<\/p>\n<\/section>","protected":false},"excerpt":{"rendered":"<p>[vc_row][vc_column width=&#8221;1\/6&#8243;][\/vc_column][vc_column width=&#8221;2\/3&#8243;][vc_empty_space][vc_column_text] Wszczepienie wewn\u0105trzga\u0142kowej soczewki (ICL) Implantacja soczewki podobnej do soczewki kontaktowej, lecz umiejscowionej wewn\u0105trz oka w\u00a0przestrze\u0144 mi\u0119dzy t\u0119cz\u00f3wk\u0105 a soczewk\u0105 w\u0142asn\u0105 (bez usuwania naturalnej soczewki pacjenta). Jest to metoda koryguj\u0105ca wad\u0119 wzroku bez wzgl\u0119du na jej natur\u0119 (kr\u00f3tkowzroczno\u015b\u0107, nadwzroczno\u015b\u0107 i\u00a0astygmatyzm). Metoda jest rozwi\u0105zaniem adresowanym przede wszystkim do pacjent\u00f3w m\u0142odych z\u00a0wysok\u0105 kr\u00f3tkowzroczno\u015bci\u0105, wysok\u0105 nadwzroczno\u015bci\u0105 [&hellip;]<\/p>\n","protected":false},"author":1,"featured_media":0,"parent":3613,"menu_order":0,"comment_status":"closed","ping_status":"closed","template":"","meta":{"footnotes":""},"class_list":["post-3110","page","type-page","status-publish","hentry"],"_links":{"self":[{"href":"https:\/\/drmika.ch\/pl\/wp-json\/wp\/v2\/pages\/3110","targetHints":{"allow":["GET"]}}],"collection":[{"href":"https:\/\/drmika.ch\/pl\/wp-json\/wp\/v2\/pages"}],"about":[{"href":"https:\/\/drmika.ch\/pl\/wp-json\/wp\/v2\/types\/page"}],"author":[{"embeddable":true,"href":"https:\/\/drmika.ch\/pl\/wp-json\/wp\/v2\/users\/1"}],"replies":[{"embeddable":true,"href":"https:\/\/drmika.ch\/pl\/wp-json\/wp\/v2\/comments?post=3110"}],"version-history":[{"count":10,"href":"https:\/\/drmika.ch\/pl\/wp-json\/wp\/v2\/pages\/3110\/revisions"}],"predecessor-version":[{"id":4261,"href":"https:\/\/drmika.ch\/pl\/wp-json\/wp\/v2\/pages\/3110\/revisions\/4261"}],"up":[{"embeddable":true,"href":"https:\/\/drmika.ch\/pl\/wp-json\/wp\/v2\/pages\/3613"}],"wp:attachment":[{"href":"https:\/\/drmika.ch\/pl\/wp-json\/wp\/v2\/media?parent=3110"}],"curies":[{"name":"wp","href":"https:\/\/api.w.org\/{rel}","templated":true}]}}