{"id":3291,"date":"2024-06-27T11:03:54","date_gmt":"2024-06-27T11:03:54","guid":{"rendered":"https:\/\/drmika.ch\/?page_id=3291"},"modified":"2024-07-05T07:04:11","modified_gmt":"2024-07-05T07:04:11","slug":"what-does-lasik-eye-surgery-involve","status":"publish","type":"page","link":"https:\/\/drmika.ch\/pl\/what-does-lasik-eye-surgery-involve\/","title":{"rendered":"Na czym polega operacja oka LASIK?"},"content":{"rendered":"<section class=\"wpb-content-wrapper\"><p>[vc_row][vc_column width=&#8221;1\/6&#8243;][\/vc_column][vc_column width=&#8221;2\/3&#8243;][vc_empty_space]<div class=\" agni-section-heading text-center ihda\" ><h2 class=\"section-heading-text \" style=\"font-size:48px;\"><span>Na czym polega operacja oka LASIK?<\/span><\/h2><div class=\"section-divide-line divide-line text-center\"><span style=\"width:90px; height:1px; background-color:#ff655c\"><\/span><\/div><\/div>[vc_column_text]<em><strong>Istnieje kilka odmian laserowej chirurgii refrakcyjnej. Najbardziej znanym i najcz\u0119\u015bciej wykonywanym zabiegiem jest LASIK. W wielu artyku\u0142ach, termin \u201eLASIK\u201d odnosi si\u0119 do wszystkich rodzaj\u00f3w laserowej chirurgii oka.<\/strong><\/em><\/p>\n<p>W prawid\u0142owej sytuacji obrazy, kt\u00f3re widzimy skupiaj\u0105 si\u0119 w plamce \u017c\u00f3\u0142tej tj. centralnej warstwie siatk\u00f3wki w tylnej cz\u0119\u015bci oka. W przypadku kr\u00f3tkowzroczno\u015bci (kr\u00f3tkowzroczno\u015bci), dalekowzroczno\u015bci (nadwzroczno\u015bci) lub astygmatyzmu obrazy nie skupiaj\u0105 si\u0119 w centrum siatk\u00f3wki, co powoduje niewyra\u017ane widzenie.<\/p>\n<p>&nbsp;<\/p>\n<ul>\n<li><u><a href=\"https:\/\/drmika.ch\/pl\/eye-disorders\/shortsightedness\/\"><strong>Kr\u00f3tkowzroczno\u015b\u0107<\/strong><\/a><\/u>(kr\u00f3tkowzroczno\u015b\u0107) to stan, w kt\u00f3rym widzisz wyra\u017anie pobliskie obiekty, ale odleg\u0142e obiekty s\u0105 niewyra\u017ane. Kiedy ga\u0142ka oczna jest nieco d\u0142u\u017csza ni\u017c zwykle lub gdy rog\u00f3wka zakrzywia si\u0119 zbyt ostro, promienie \u015bwietlne skupiaj\u0105 si\u0119 przed siatk\u00f3wk\u0105 i zamazuj\u0105 widzenie na odleg\u0142o\u015b\u0107. Mo\u017cesz wyra\u017aniej widzie\u0107 obiekty znajduj\u0105ce si\u0119 blisko, ale te, kt\u00f3re s\u0105 daleko ju\u017c nie.<\/li>\n<li><a href=\"https:\/\/drmika.ch\/pl\/eye-disorders\/farsightedness\/\"><u><strong>Dalekowzroczno\u015b\u0107<\/strong><\/u><\/a> (nadwzroczno\u015b\u0107) to stan, w kt\u00f3rym widzisz wyra\u017anie odleg\u0142e obiekty, ale bliskie obiekty s\u0105 niewyra\u017ane. Je\u015bli ga\u0142ka oczna jest kr\u00f3tsza ni\u017c przeci\u0119tna lub rog\u00f3wka jest zbyt p\u0142aska, \u015bwiat\u0142o skupia si\u0119 za siatk\u00f3wk\u0105, a nie na niej. Skutkuje to zamazanym widzeniem z bliska, a czasami r\u00f3wnie\u017c nawet w dal.<\/li>\n<li><a href=\"https:\/\/drmika.ch\/pl\/eye-disorders\/astigmatism\/\"><strong><u>Astygmatyzm<\/u><\/strong><\/a> powoduje og\u00f3lnie niewyra\u017ane widzenie. Kiedy rog\u00f3wka zakrzywia si\u0119 lub sp\u0142aszcza nier\u00f3wnomiernie, powstaje astygmatyzm, kt\u00f3ry zak\u0142\u00f3ca ostro\u015b\u0107 widzenia do bli\u017cy i do dali. Tradycyjnie niewyra\u017ane widzenie koryguje si\u0119 poprzez za\u0142amanie promieni \u015bwietlnych za pomoc\u0105 okular\u00f3w lub soczewek kontaktowych. Zmiana kszta\u0142tu rog\u00f3wki zapewni niezb\u0119dn\u0105 korekcj\u0119 wzroku.<\/li>\n<\/ul>\n<p>Przed zabiegiem LASIK chirurg okulista oceni szczeg\u00f3\u0142owe pomiary oka (m.in. badanie biometrii oka oraz topografii rog\u00f3wki). Nast\u0119pnie lekarz u\u017cyje specjalnego lasera tn\u0105cego (laser eximerowy), aby precyzyjnie zmieni\u0107 krzywizn\u0119 rog\u00f3wki. Z ka\u017cdym impulsem wi\u0105zki lasera usuwana jest niewielka ilo\u015b\u0107 tkanki rog\u00f3wki, dzi\u0119ki czemu chirurg okulista mo\u017ce sp\u0142aszczy\u0107 krzywizn\u0119 rog\u00f3wki lub uczyni\u0107 j\u0105 bardziej strom\u0105.<\/p>\n<p>Najcz\u0119\u015bciej chirurg tworzy p\u0142atek w rog\u00f3wce (FEMTO LASIK oraz LASIK), a nast\u0119pnie podnosi go przed zmian\u0105 kszta\u0142tu rog\u00f3wki. Istniej\u0105 r\u00f3wnie\u017c odmiany chirurgii, w kt\u00f3rych uniesiona jest bardzo cienka warstwa tkanki rog\u00f3wki \u2013 tzw. p\u0142atek (epi-LASIK) lub w og\u00f3le nie jest wytwarzany p\u0142atek rog\u00f3wki (PRK). Ka\u017cda technika ma zalety i wady.<\/p>\n<p>Poszczeg\u00f3lni chirurdzy okuli\u015bci mog\u0105 specjalizowa\u0107 si\u0119 w okre\u015blonych rodzajach laserowych zabieg\u00f3w oka. R\u00f3\u017cnice mi\u0119dzy zabiegami s\u0105 na og\u00f3\u0142 niewielkie a efekty ko\u0144cowe por\u00f3wnywalne.<\/p>\n<h3 style=\"text-align: center;\"><\/h3>\n<p>&nbsp;<\/p>\n<h4 style=\"text-align: center;\"><em><strong>W zale\u017cno\u015bci od indywidualnych okoliczno\u015bci i preferencji mo\u017cesz rozwa\u017cy\u0107 nast\u0119puj\u0105ce opcje chirurgii refrakcyjnej:<\/strong><\/em><\/h4>\n<p>&nbsp;<\/p>\n<ul>\n<li><strong>FEMTO LASIK (ALL LASER LASIK)<\/strong> &#8211; femtosekundowy LASIK &#8211; laser femtosekundowy wykonuje naci\u0119cie rog\u00f3wki poprzez dostarczanie impuls\u00f3w laserowych na okre\u015blon\u0105 g\u0142\u0119boko\u015b\u0107 w rog\u00f3wce. Impulsy te powoduj\u0105 mikrofotozak\u0142\u00f3cenie w obr\u0119bie tkanki rog\u00f3wki, czyli rozszerzaj\u0105c\u0105 si\u0119 ba\u0144k\u0119 gazu (CO2) i wody, kt\u00f3ra rozcina tkank\u0119 i tworzy p\u0142aszczyzn\u0119 separacji. W por\u00f3wnaniu do konwencjonalnych mikrokeratom\u00f3w mechanicznych, lasery femtosekundowe tworz\u0105 p\u0142atki LASIK o bardziej przewidywalnej i jednolitej grubo\u015bci oraz z \u00a0mniejsz\u0105 liczb\u0105 powik\u0142a\u0144. Jednak\u017ce zg\u0142aszano dzia\u0142ania niepo\u017c\u0105dane charakterystyczne dla lasera femtosekundowego, takie jak zesp\u00f3\u0142 przej\u015bciowej wra\u017cliwo\u015bci na \u015bwiat\u0142o. Wykazano, \u017ce LASIK wspomagany laserem femtosekundowym zapewnia lepsz\u0105 przewidywalno\u015b\u0107 wynik\u00f3w refrakcji i ni\u017cszy wsp\u00f3\u0142czynnik wzmocnienia ni\u017c LASIK wykonywany przy u\u017cyciu mikrokeratomu, epi-LASIK, PRK i LASEK.<\/li>\n<\/ul>\n<p>&nbsp;<\/p>\n<ul>\n<li><strong>Keratektomia fotorefrakcyjna (PRK)<\/strong>. W przypadku PRK zamiast tworzy\u0107 p\u0142atek, zdrapuje si\u0119 b\u0105d\u017a usuwa u\u017cywaj\u0105c st\u0119\u017conego alkoholu g\u00f3rn\u0105 powierzchni\u0119 rog\u00f3wki (nab\u0142onek rogw\u00f3ki). Ubytek pooperacyjny rog\u00f3wki goi si\u0119 przez trzy lub cztery dni, co powoduje umiarkowany b\u00f3l i niewyra\u017ane widzenie w tym okresie. Uwa\u017cano do niedawna, \u017ce PRK jest bezpieczniejsz\u0105 metod\u0105 leczenia dla os\u00f3b, kt\u00f3re s\u0105 bardziej nara\u017cone na uderzenie w oko \u2013 na przyk\u0142ad os\u00f3b uprawiaj\u0105cych sporty kontaktowe, organ\u00f3w \u015bcigania lub wojska. Ale nawet w przypadku standardowego LASIK ryzyko p\u0119kni\u0119cia ga\u0142ki ocznej jest nadal bardzo niskie, wi\u0119c prawdopodobnie nie ma znacz\u0105cej przewagi w przypadku PRK. LASIK, ze wzgl\u0119du na konieczno\u015b\u0107 wytworzenia p\u0142atka zewn\u0119trzenej warstwy rog\u00f3wki jest r\u00f3wnie\u017c teoretycznie gorsz\u0105 metod\u0105 chirurgiczn\u0105, ni\u017c PRK w przypadku korekcji wysokiej kr\u00f3tkowzroczno\u015bci.<\/li>\n<\/ul>\n<p>&nbsp;<\/p>\n<ul>\n<li><strong>Keratektomia podnab\u0142onkowa wspomagana laserem (LASEK)<\/strong> &#8211; LASEK przypomina zabieg LASIK, z t\u0105 r\u00f3\u017cnic\u0105, \u017ce p\u0142atek tworzony jest poprzez zastosowanie specjalnego urz\u0105dzenia tn\u0105cego (mikrokeratomu) i poddanie rog\u00f3wki dzia\u0142aniu etanolu. Zabieg pozwala chirurgowi usun\u0105\u0107 nieco p\u0142ytsz\u0105 cz\u0119\u015b\u0107 nab\u0142onka rog\u00f3wki, co czyni go dobrym rozwi\u0105zaniem dla os\u00f3b, kt\u00f3re maj\u0105 cienk\u0105 rog\u00f3wk\u0119. Dla os\u00f3b o wi\u0119kszym ryzyku uraz\u00f3w oczu, LASEK nie ma znacz\u0105cej przewagi nad LASIK.<\/li>\n<\/ul>\n<p>&nbsp;<\/p>\n<ul>\n<li><strong>epi-LASIK<\/strong> &#8211; podczas zabiegu epi-LASIK chirurg oddziela nab\u0142onek od poni\u017cszej warstwy rog\u00f3wki za pomoc\u0105 zmechanizowanego, t\u0119pego ostrza (epikeratomu) a nast\u0119pnie zmienia kszta\u0142t rog\u00f3wki za pomoc\u0105 lasera. Ta procedura jest podobna do LASEK.<\/li>\n<\/ul>\n<p>&nbsp;<\/p>\n<ul>\n<li><strong>Wszczepialne soczewki wewn\u0105trzga\u0142kowej<\/strong> &#8211; soczewki korekcyjne mo\u017cna wszczepi\u0107 chirurgicznie do oka w celu poprawy widzenia. Jest to rutynowo wykonywane w ramach operacji za\u0107my (podczas kt\u00f3rej usuwa si\u0119 star\u0105, m\u0119tn\u0105 naturaln\u0105 soczewk\u0119 pacjenta). Zabieg wszczepienia soczewki wen\u0105trzga\u0142kowej mo\u017ce by\u0107 r\u00f3wnie\u017c alternatyw\u0105 dla LASIK w przypadku os\u00f3b starszych, kt\u00f3re w przysz\u0142o\u015bci mog\u0105 potrzebowa\u0107 operacji za\u0107my. M\u0142odszym osobom z du\u017cym stopniem kr\u00f3tkowzroczno\u015bci, kt\u00f3rych nie mo\u017cna w zadowalaj\u0105cy spos\u00f3b leczy\u0107 soczewkami korekcyjnymi okularowymi, kontaktowymi albo kt\u00f3re to osoby nie kwalifikuj\u0105 si\u0119 z r\u00f3\u017cnych wzgl\u0119d\u00f3w do rog\u00f3wkowej chirurgii retrakcyjnej, mo\u017cna r\u00f3wnie\u017c zaproponowa\u0107 soczewki wszczepialne.<\/li>\n<\/ul>\n<p>&nbsp;<\/p>\n<ul>\n<li><strong>Biooptyka<\/strong> &#8211; biooptyka \u0142\u0105czy jedn\u0105 lub wi\u0119cej technik, takich jak wszczepialne soczewki i LASIK, w leczeniu kr\u00f3tkowzroczno\u015bci lub dalekowzroczno\u015bci. Nie jest to opcja dla wi\u0119kszo\u015bci os\u00f3b chc\u0105cych wykona\u0107 refrakcyjn\u0105 operacj\u0119 oka.<\/li>\n<\/ul>\n<p>[\/vc_column_text][vc_empty_space][vc_column_text]<\/p>\n<h4 style=\"text-align: center;\"><a style=\"color: #ff655c;\">Czytaj dalej, aby dowiedzie\u0107 si\u0119 wi\u0119cej o tym, co nale\u017cy wzi\u0105\u0107 pod uwag\u0119, podejmuj\u0105c decyzj\u0119, czy ta operacja jest dla Ciebie odpowiednia<\/a><\/h4>\n<p>[\/vc_column_text][vc_empty_space][\/vc_column][vc_column width=&#8221;1\/6&#8243;][\/vc_column][\/vc_row][vc_row][vc_column]<div class=\"agni-content-block\"><section class=\"wpb-content-wrapper\"><p>[vc_row][vc_column width=&#8221;1\/6&#8243;][\/vc_column][vc_column width=&#8221;2\/3&#8243;][vc_row_inner][vc_column_inner width=&#8221;1\/3&#8243;][vc_column_text]<\/p>\n<ul>\n<li><a href=\"https:\/\/drmika.ch\/pl\/what-does-lasik-eye-surgery-involve\/\"><u>Na czym polega operacja oka LASIK?<\/u><\/a><\/li>\n<\/ul>\n<p>[\/vc_column_text][vc_column_text]<\/p>\n<ul>\n<li><a href=\"https:\/\/drmika.ch\/pl\/are-your-eyes-healthy\/\"><u>Czy Twoje oczy s\u0105 zdrowe?<\/u><\/a><\/li>\n<\/ul>\n<p>[\/vc_column_text][vc_column_text]<\/p>\n<ul>\n<li><a href=\"https:\/\/drmika.ch\/pl\/are-you-healthy\/\"><u>Czy jeste\u015b zdrowy?<\/u><\/a><\/li>\n<\/ul>\n<p>[\/vc_column_text][vc_column_text]<\/p>\n<ul>\n<li><a href=\"https:\/\/drmika.ch\/pl\/is-your-vision-stable\/\"><u>Czy Tw\u00f3j wzrok jest stabilny?<\/u><\/a><\/li>\n<\/ul>\n<p>[\/vc_column_text][\/vc_column_inner][vc_column_inner width=&#8221;1\/3&#8243;][vc_column_text]<\/p>\n<ul>\n<li><a href=\"https:\/\/drmika.ch\/pl\/can-you-afford-the-surgery\/\"><u>Czy mo\u017cesz sobie na to pozwoli\u0107?<\/u><\/a><\/li>\n<\/ul>\n<p>[\/vc_column_text][vc_column_text]<\/p>\n<ul>\n<li><a href=\"https:\/\/drmika.ch\/pl\/do-you-understand-possible-side-effects-and-complications\/\"><u>Czy rozumiesz mo\u017cliwe skutki uboczne i powik\u0142ania?<\/u><\/a><\/li>\n<\/ul>\n<p>[\/vc_column_text][vc_column_text]<\/p>\n<ul>\n<li><a href=\"https:\/\/drmika.ch\/pl\/lasik-versus-reading-glasses\/\"><u>LASIK, a okulary do czytania.<\/u><\/a><\/li>\n<\/ul>\n<p>[\/vc_column_text][\/vc_column_inner][vc_column_inner width=&#8221;1\/3&#8243;][vc_column_text]<\/p>\n<ul>\n<li><a href=\"https:\/\/drmika.ch\/pl\/refractive-surgery-and-contact-lenses\/\"><u>Zabieg chirurgii refrakcyjnej, a soczewki kontaktowe.<\/u><\/a><\/li>\n<\/ul>\n<p>[\/vc_column_text][vc_column_text]<\/p>\n<ul>\n<li><a href=\"https:\/\/drmika.ch\/pl\/what-are-your-expectations-for-lasik\/\"><u>Jakie s\u0105 Twoje oczekiwania wobec LASIK-u?<\/u><\/a><\/li>\n<\/ul>\n<p>[\/vc_column_text][vc_column_text]<\/p>\n<ul>\n<li><a href=\"https:\/\/drmika.ch\/pl\/how-do-you-choose-an-eye-surgeon\/\"><u>Jak wybra\u0107 okulist\u0119?<\/u><\/a><\/li>\n<\/ul>\n<p>[\/vc_column_text][vc_column_text]<\/p>\n<ul>\n<li><a href=\"https:\/\/drmika.ch\/pl\/the-final-decision\/\"><u>Ostateczna decyzja.<\/u><\/a><\/li>\n<\/ul>\n<p>[\/vc_column_text][\/vc_column_inner][\/vc_row_inner][\/vc_column][vc_column width=&#8221;1\/6&#8243;][\/vc_column][\/vc_row]<\/p>\n<\/section><\/div>[\/vc_column][\/vc_row][vc_row][vc_column width=&#8221;1\/6&#8243;][\/vc_column][vc_column width=&#8221;2\/3&#8243;][vc_empty_space][vc_column_text]<\/p>\n<h4 style=\"text-align: center;\"><a style=\"color: #ff655c; text-size: 15px;\" href=\"https:\/\/drmika.ch\/contact\/\">Zadbaj o oczy \u2013 um\u00f3w wizyt\u0119<\/a><\/h4>\n<p>[\/vc_column_text][vc_empty_space][\/vc_column][vc_column width=&#8221;1\/6&#8243;][\/vc_column][\/vc_row]<\/p>\n<\/section>","protected":false},"excerpt":{"rendered":"<p>[vc_row][vc_column width=&#8221;1\/6&#8243;][\/vc_column][vc_column width=&#8221;2\/3&#8243;][vc_empty_space][vc_column_text]Istnieje kilka odmian laserowej chirurgii refrakcyjnej. Najbardziej znanym i najcz\u0119\u015bciej wykonywanym zabiegiem jest LASIK. W wielu artyku\u0142ach, termin \u201eLASIK\u201d odnosi si\u0119 do wszystkich rodzaj\u00f3w laserowej chirurgii oka. W prawid\u0142owej sytuacji obrazy, kt\u00f3re widzimy skupiaj\u0105 si\u0119 w plamce \u017c\u00f3\u0142tej tj. centralnej warstwie siatk\u00f3wki w tylnej cz\u0119\u015bci oka. W przypadku kr\u00f3tkowzroczno\u015bci (kr\u00f3tkowzroczno\u015bci), dalekowzroczno\u015bci (nadwzroczno\u015bci) lub [&hellip;]<\/p>\n","protected":false},"author":2,"featured_media":0,"parent":0,"menu_order":0,"comment_status":"closed","ping_status":"closed","template":"","meta":{"footnotes":""},"class_list":["post-3291","page","type-page","status-publish","hentry"],"_links":{"self":[{"href":"https:\/\/drmika.ch\/pl\/wp-json\/wp\/v2\/pages\/3291","targetHints":{"allow":["GET"]}}],"collection":[{"href":"https:\/\/drmika.ch\/pl\/wp-json\/wp\/v2\/pages"}],"about":[{"href":"https:\/\/drmika.ch\/pl\/wp-json\/wp\/v2\/types\/page"}],"author":[{"embeddable":true,"href":"https:\/\/drmika.ch\/pl\/wp-json\/wp\/v2\/users\/2"}],"replies":[{"embeddable":true,"href":"https:\/\/drmika.ch\/pl\/wp-json\/wp\/v2\/comments?post=3291"}],"version-history":[{"count":36,"href":"https:\/\/drmika.ch\/pl\/wp-json\/wp\/v2\/pages\/3291\/revisions"}],"predecessor-version":[{"id":3484,"href":"https:\/\/drmika.ch\/pl\/wp-json\/wp\/v2\/pages\/3291\/revisions\/3484"}],"wp:attachment":[{"href":"https:\/\/drmika.ch\/pl\/wp-json\/wp\/v2\/media?parent=3291"}],"curies":[{"name":"wp","href":"https:\/\/api.w.org\/{rel}","templated":true}]}}