{"id":3387,"date":"2024-06-28T07:47:07","date_gmt":"2024-06-28T07:47:07","guid":{"rendered":"https:\/\/drmika.ch\/?page_id=3387"},"modified":"2024-07-05T06:59:42","modified_gmt":"2024-07-05T06:59:42","slug":"refractive-surgery-and-contact-lenses","status":"publish","type":"page","link":"https:\/\/drmika.ch\/pl\/refractive-surgery-and-contact-lenses\/","title":{"rendered":"Zabieg chirurgii refrakcyjnej a soczewki kontaktowe."},"content":{"rendered":"<section class=\"wpb-content-wrapper\"><p>[vc_row][vc_column width=&#8221;1\/6&#8243;][\/vc_column][vc_column width=&#8221;2\/3&#8243;][vc_empty_space]<div class=\" agni-section-heading text-center ihda\" ><h2 class=\"section-heading-text \" style=\"font-size:48px;\"><span>Zabieg chirurgii refrakcyjnej a soczewki kontaktowe.<\/span><\/h2><div class=\"section-divide-line divide-line text-center\"><span style=\"width:90px; height:1px; background-color:#ff655c\"><\/span><\/div><\/div>[vc_column_text]Pami\u0119taj, \u017ce <em><strong>b\u0119dziesz musia\u0142 ca\u0142kowicie zaprzesta\u0107 noszenia soczewek kontaktowych i stosowa\u0107 tylko okulary na co najmniej kilka tygodni przed operacj\u0105<\/strong>.<\/em> Soczewki kontaktowe zniekszta\u0142caj\u0105 nieco naturalny kszta\u0142t rog\u00f3wki, co mo\u017ce prowadzi\u0107 do niedok\u0142adnych pomiar\u00f3w przedoperacyjnych i\u00a0gorszego wyniku operacji. Tw\u00f3j lekarz przeka\u017ce Ci szczeg\u00f3\u0142owe wytyczne w\u00a0zale\u017cno\u015bci od Twojej sytuacji i tego, jak d\u0142ugo nosisz soczewki kontaktowe.[\/vc_column_text][vc_empty_space][vc_column_text]<\/p>\n<h4 style=\"text-align: center;\"><a style=\"color: #ff655c;\">Czytaj dalej, aby dowiedzie\u0107 si\u0119 wi\u0119cej o tym, co nale\u017cy wzi\u0105\u0107 pod uwag\u0119, podejmuj\u0105c decyzj\u0119, czy ta operacja jest dla Ciebie odpowiednia<\/a><\/h4>\n<p>[\/vc_column_text][vc_empty_space][\/vc_column][vc_column width=&#8221;1\/6&#8243;][\/vc_column][\/vc_row][vc_row][vc_column]<div class=\"agni-content-block\"><section class=\"wpb-content-wrapper\"><p>[vc_row][vc_column width=&#8221;1\/6&#8243;][\/vc_column][vc_column width=&#8221;2\/3&#8243;][vc_row_inner][vc_column_inner width=&#8221;1\/3&#8243;][vc_column_text]<\/p>\n<ul>\n<li><a href=\"https:\/\/drmika.ch\/pl\/what-does-lasik-eye-surgery-involve\/\"><u>Na czym polega operacja oka LASIK?<\/u><\/a><\/li>\n<\/ul>\n<p>[\/vc_column_text][vc_column_text]<\/p>\n<ul>\n<li><a href=\"https:\/\/drmika.ch\/pl\/are-your-eyes-healthy\/\"><u>Czy Twoje oczy s\u0105 zdrowe?<\/u><\/a><\/li>\n<\/ul>\n<p>[\/vc_column_text][vc_column_text]<\/p>\n<ul>\n<li><a href=\"https:\/\/drmika.ch\/pl\/are-you-healthy\/\"><u>Czy jeste\u015b zdrowy?<\/u><\/a><\/li>\n<\/ul>\n<p>[\/vc_column_text][vc_column_text]<\/p>\n<ul>\n<li><a href=\"https:\/\/drmika.ch\/pl\/is-your-vision-stable\/\"><u>Czy Tw\u00f3j wzrok jest stabilny?<\/u><\/a><\/li>\n<\/ul>\n<p>[\/vc_column_text][\/vc_column_inner][vc_column_inner width=&#8221;1\/3&#8243;][vc_column_text]<\/p>\n<ul>\n<li><a href=\"https:\/\/drmika.ch\/pl\/can-you-afford-the-surgery\/\"><u>Czy mo\u017cesz sobie na to pozwoli\u0107?<\/u><\/a><\/li>\n<\/ul>\n<p>[\/vc_column_text][vc_column_text]<\/p>\n<ul>\n<li><a href=\"https:\/\/drmika.ch\/pl\/do-you-understand-possible-side-effects-and-complications\/\"><u>Czy rozumiesz mo\u017cliwe skutki uboczne i powik\u0142ania?<\/u><\/a><\/li>\n<\/ul>\n<p>[\/vc_column_text][vc_column_text]<\/p>\n<ul>\n<li><a href=\"https:\/\/drmika.ch\/pl\/lasik-versus-reading-glasses\/\"><u>LASIK, a okulary do czytania.<\/u><\/a><\/li>\n<\/ul>\n<p>[\/vc_column_text][\/vc_column_inner][vc_column_inner width=&#8221;1\/3&#8243;][vc_column_text]<\/p>\n<ul>\n<li><a href=\"https:\/\/drmika.ch\/pl\/refractive-surgery-and-contact-lenses\/\"><u>Zabieg chirurgii refrakcyjnej, a soczewki kontaktowe.<\/u><\/a><\/li>\n<\/ul>\n<p>[\/vc_column_text][vc_column_text]<\/p>\n<ul>\n<li><a href=\"https:\/\/drmika.ch\/pl\/what-are-your-expectations-for-lasik\/\"><u>Jakie s\u0105 Twoje oczekiwania wobec LASIK-u?<\/u><\/a><\/li>\n<\/ul>\n<p>[\/vc_column_text][vc_column_text]<\/p>\n<ul>\n<li><a href=\"https:\/\/drmika.ch\/pl\/how-do-you-choose-an-eye-surgeon\/\"><u>Jak wybra\u0107 okulist\u0119?<\/u><\/a><\/li>\n<\/ul>\n<p>[\/vc_column_text][vc_column_text]<\/p>\n<ul>\n<li><a href=\"https:\/\/drmika.ch\/pl\/the-final-decision\/\"><u>Ostateczna decyzja.<\/u><\/a><\/li>\n<\/ul>\n<p>[\/vc_column_text][\/vc_column_inner][\/vc_row_inner][\/vc_column][vc_column width=&#8221;1\/6&#8243;][\/vc_column][\/vc_row]<\/p>\n<\/section><\/div>[\/vc_column][\/vc_row][vc_row][vc_column width=&#8221;1\/6&#8243;][\/vc_column][vc_column width=&#8221;2\/3&#8243;][vc_empty_space][vc_column_text]<\/p>\n<h4 style=\"text-align: center;\"><a style=\"color: #ff655c; text-size: 15px;\" href=\"https:\/\/drmika.ch\/contact\/\">Zadbaj o oczy \u2013 um\u00f3w wizyt\u0119<\/a><\/h4>\n<p>[\/vc_column_text][vc_empty_space][\/vc_column][vc_column width=&#8221;1\/6&#8243;][\/vc_column][\/vc_row]<\/p>\n<\/section>","protected":false},"excerpt":{"rendered":"<p>[vc_row][vc_column width=&#8221;1\/6&#8243;][\/vc_column][vc_column width=&#8221;2\/3&#8243;][vc_empty_space][vc_column_text]Pami\u0119taj, \u017ce b\u0119dziesz musia\u0142 ca\u0142kowicie zaprzesta\u0107 noszenia soczewek kontaktowych i stosowa\u0107 tylko okulary na co najmniej kilka tygodni przed operacj\u0105. Soczewki kontaktowe zniekszta\u0142caj\u0105 nieco naturalny kszta\u0142t rog\u00f3wki, co mo\u017ce prowadzi\u0107 do niedok\u0142adnych pomiar\u00f3w przedoperacyjnych i\u00a0gorszego wyniku operacji. Tw\u00f3j lekarz przeka\u017ce Ci szczeg\u00f3\u0142owe wytyczne w\u00a0zale\u017cno\u015bci od Twojej sytuacji i tego, jak d\u0142ugo nosisz soczewki [&hellip;]<\/p>\n","protected":false},"author":2,"featured_media":0,"parent":0,"menu_order":0,"comment_status":"closed","ping_status":"closed","template":"","meta":{"footnotes":""},"class_list":["post-3387","page","type-page","status-publish","hentry"],"_links":{"self":[{"href":"https:\/\/drmika.ch\/pl\/wp-json\/wp\/v2\/pages\/3387","targetHints":{"allow":["GET"]}}],"collection":[{"href":"https:\/\/drmika.ch\/pl\/wp-json\/wp\/v2\/pages"}],"about":[{"href":"https:\/\/drmika.ch\/pl\/wp-json\/wp\/v2\/types\/page"}],"author":[{"embeddable":true,"href":"https:\/\/drmika.ch\/pl\/wp-json\/wp\/v2\/users\/2"}],"replies":[{"embeddable":true,"href":"https:\/\/drmika.ch\/pl\/wp-json\/wp\/v2\/comments?post=3387"}],"version-history":[{"count":11,"href":"https:\/\/drmika.ch\/pl\/wp-json\/wp\/v2\/pages\/3387\/revisions"}],"predecessor-version":[{"id":3505,"href":"https:\/\/drmika.ch\/pl\/wp-json\/wp\/v2\/pages\/3387\/revisions\/3505"}],"wp:attachment":[{"href":"https:\/\/drmika.ch\/pl\/wp-json\/wp\/v2\/media?parent=3387"}],"curies":[{"name":"wp","href":"https:\/\/api.w.org\/{rel}","templated":true}]}}