{"id":344,"date":"2021-02-25T14:07:56","date_gmt":"2021-02-25T14:07:56","guid":{"rendered":"https:\/\/drmika.ch\/?page_id=344"},"modified":"2025-01-13T16:21:31","modified_gmt":"2025-01-13T16:21:31","slug":"yag-capsulotomy","status":"publish","type":"page","link":"https:\/\/drmika.ch\/pl\/laser-surgery\/yag-capsulotomy\/","title":{"rendered":"YAG kapsulotomia"},"content":{"rendered":"<section class=\"wpb-content-wrapper\"><p>[vc_row][vc_column width=&#8221;1\/6&#8243;][\/vc_column][vc_column width=&#8221;2\/3&#8243;][vc_empty_space]<div class=\" agni-section-heading text-center ihda\" ><h2 class=\"section-heading-text \" style=\"font-size:30px;\"><span>YAG kapsulotomia<\/span><\/h2><div class=\"section-divide-line divide-line text-center\"><span style=\"width:90px; height:1px; background-color:#ff655c\"><\/span><\/div><\/div>[vc_column_text]<\/p>\n<p style=\"text-align: justify;\"><strong>YAG kapsulotomia<\/strong> &#8211; zabieg laserowy usuni\u0119cia tzw. za\u0107my wt\u00f3rnej czyli przymglenia wt\u00f3rnego tylnej torebki soczewki, kt\u00f3ra wyst\u0119puje u ponad 50% pacjent\u00f3w, po operacji za\u0107my. Za\u0107ma wt\u00f3rna mo\u017ce pojawi\u0107 si\u0119 ju\u017c kilka miesi\u0119cy lub kilka lat po operacji za\u0107my b\u0105d\u017a te\u017c mo\u017ce nie wyst\u0105pi\u0107 w og\u00f3le. Je\u017celi pacjent, w pewnym okresie po operacji za\u0107my odczuwa ponowne pogorszenie widzenia, obraz wydaje si\u0119 by\u0107 za mg\u0142\u0105 lub nie jest wzra\u017any nale\u017cy niezw\u0142ocznie uda\u0107 si\u0119 na kontrol\u0119 okulistyczn\u0105. Zabieg laserowy kapsulotomii jest procedur\u0105, kt\u00f3ra w spektakularny spos\u00f3b przywraca widzenie w przypadku wt\u00f3rnego przymglenia torebki tylnej soczewki.<\/p>\n<p>[\/vc_column_text][vc_empty_space][vc_column_text]<\/p>\n<p style=\"text-align: center;\"><video id=\"my-video\" class=\"video-js vjs-big-play-centered vjs-fluid\" width=\"300\" height=\"150\" data-setup=\"{&quot;controls&quot;: true, &quot;autoplay&quot;: false, &quot;preload&quot;: &quot;auto&quot;}\"><source src=\"https:\/\/drmika.ch\/wp-content\/uploads\/movies\/Cat_Anim_Secondary_Cataract_YAG.mp4\" type=\"video\/mp4\" \/><track kind=\"captions\" src=\"https:\/\/drmika.ch\/wp-content\/uploads\/2021\/05\/Cat_Anim_Secondary_Cataract_YAG_PL.vtt\" srclang=\"pl\" label=\"Polish\" default=\"\" \/><\/video><\/p>\n<p>[\/vc_column_text][vc_empty_space][vc_column_text]<\/p>\n<h6 style=\"color: #ff655c;\">UWAGA<\/h6>\n<p style=\"text-align: justify;\">Zabiegi wykonywane s\u0105 w trybie ambulatoryjnym, w znieczuleniu miejscowy. Bezpo\u015brednio po wykonanym zabiegu pacjent nie mo\u017ce prowadzi\u0107 pojazd\u00f3w mechanicznych.<\/p>\n<p>[\/vc_column_text][vc_empty_space][vc_column_text]<\/p>\n<h4 style=\"text-align: center;\"><a style=\"color: #ff655c; text-size: 15px;\" href=\"https:\/\/drmika.ch\/contact\/\">Zadbaj o oczy &#8211; um\u00f3w wizyt\u0119<\/a><\/h4>\n<p>[\/vc_column_text][\/vc_column][vc_column width=&#8221;1\/6&#8243;][\/vc_column][\/vc_row][vc_row][vc_column][vc_empty_space height=&#8221;50px&#8221;][\/vc_column][\/vc_row]<\/p>\n<\/section>","protected":false},"excerpt":{"rendered":"<p>[vc_row][vc_column width=&#8221;1\/6&#8243;][\/vc_column][vc_column width=&#8221;2\/3&#8243;][vc_empty_space][vc_column_text] YAG kapsulotomia &#8211; zabieg laserowy usuni\u0119cia tzw. za\u0107my wt\u00f3rnej czyli przymglenia wt\u00f3rnego tylnej torebki soczewki, kt\u00f3ra wyst\u0119puje u ponad 50% pacjent\u00f3w, po operacji za\u0107my. Za\u0107ma wt\u00f3rna mo\u017ce pojawi\u0107 si\u0119 ju\u017c kilka miesi\u0119cy lub kilka lat po operacji za\u0107my b\u0105d\u017a te\u017c mo\u017ce nie wyst\u0105pi\u0107 w og\u00f3le. Je\u017celi pacjent, w pewnym okresie po operacji [&hellip;]<\/p>\n","protected":false},"author":1,"featured_media":0,"parent":3613,"menu_order":0,"comment_status":"closed","ping_status":"closed","template":"","meta":{"footnotes":""},"class_list":["post-344","page","type-page","status-publish","hentry"],"_links":{"self":[{"href":"https:\/\/drmika.ch\/pl\/wp-json\/wp\/v2\/pages\/344","targetHints":{"allow":["GET"]}}],"collection":[{"href":"https:\/\/drmika.ch\/pl\/wp-json\/wp\/v2\/pages"}],"about":[{"href":"https:\/\/drmika.ch\/pl\/wp-json\/wp\/v2\/types\/page"}],"author":[{"embeddable":true,"href":"https:\/\/drmika.ch\/pl\/wp-json\/wp\/v2\/users\/1"}],"replies":[{"embeddable":true,"href":"https:\/\/drmika.ch\/pl\/wp-json\/wp\/v2\/comments?post=344"}],"version-history":[{"count":7,"href":"https:\/\/drmika.ch\/pl\/wp-json\/wp\/v2\/pages\/344\/revisions"}],"predecessor-version":[{"id":4242,"href":"https:\/\/drmika.ch\/pl\/wp-json\/wp\/v2\/pages\/344\/revisions\/4242"}],"up":[{"embeddable":true,"href":"https:\/\/drmika.ch\/pl\/wp-json\/wp\/v2\/pages\/3613"}],"wp:attachment":[{"href":"https:\/\/drmika.ch\/pl\/wp-json\/wp\/v2\/media?parent=344"}],"curies":[{"name":"wp","href":"https:\/\/api.w.org\/{rel}","templated":true}]}}