{"id":347,"date":"2021-02-25T14:13:58","date_gmt":"2021-02-25T14:13:58","guid":{"rendered":"https:\/\/drmika.ch\/?page_id=347"},"modified":"2025-01-13T19:05:06","modified_gmt":"2025-01-13T19:05:06","slug":"cataract-surgery","status":"publish","type":"page","link":"https:\/\/drmika.ch\/pl\/surgery\/cataract-surgery\/","title":{"rendered":"Chirurgia za\u0107my"},"content":{"rendered":"<section class=\"wpb-content-wrapper\"><p>[vc_row][vc_column width=&#8221;1\/6&#8243;][\/vc_column][vc_column width=&#8221;2\/3&#8243;][vc_empty_space]<div class=\" agni-section-heading text-center ihda\" ><h2 class=\"section-heading-text \" style=\"font-size:30px;\"><span>Chirurgia za\u0107my<\/span><\/h2><div class=\"section-divide-line divide-line text-center\"><span style=\"width:90px; height:1px; background-color:#ff655c\"><\/span><\/div><\/div>[vc_column_text]<\/p>\n<p style=\"text-align: justify;\">Operacja usuni\u0119cia za\u0107my polega na otwarciu przedniej torebki soczewki, usuni\u0119ciu za\u0107my, czyli zm\u0119tnia\u0142ej soczewki za pomoc\u0105 sondy ultrad\u017awi\u0119kowej (fakoemulsyfikacja) oraz wszczepieniu soczewki wewn\u0105trzga\u0142kowej. Technika chirurgiczna umo\u017cliwia fragmentacj\u0119 soczewki i jej aspiracj\u0119 przez mikro naci\u0119cie od 1,5 mm do 3,0 mm. Poprzez mikronaci\u0119cie wszczepiana jest do oka zwini\u0119ta sztuczna soczewka, kt\u00f3ra po umiejscowieniu w torebce soczewki rozwija si\u0119. Zabieg trwa od 20 do 30 minut. Fakoemulsyfikacja jest konwencjonaln\u0105 i standardow\u0105 technik\u0105 leczenia za\u0107my.<\/p>\n<p>[\/vc_column_text][vc_column_text]<\/p>\n<p style=\"text-align: center;\"><video id=\"my-video1\" class=\"video-js vjs-big-play-centered vjs-fluid\" width=\"300\" height=\"150\" data-setup=\"{&quot;controls&quot;: true, &quot;autoplay&quot;: false, &quot;preload&quot;: &quot;auto&quot;}\"><source src=\"https:\/\/drmika.ch\/wp-content\/uploads\/movies\/Cat_Anim_Phaco_Surgery.mp4\" type=\"video\/mp4\" \/><track kind=\"captions\" src=\"https:\/\/drmika.ch\/wp-content\/uploads\/2021\/05\/Cat_Anim_Phaco_Surgery_PL.vtt\" srclang=\"pl\" label=\"Polish\" default=\"\" \/><\/video><\/p>\n<p>[\/vc_column_text][vc_empty_space][vc_column_text]<\/p>\n<p style=\"text-align: justify;\">Aktualnie oferujemy r\u00f3wnie\u017c w naszej praktyce wykonanie operacji za\u0107my najnowsz\u0105 metod\u0105 tzn. usuni\u0119cie za\u0107my z asyst\u0105 <strong> lasera FEMTOsekundowego firmy Ziemer LDV Z8\u00ae <\/strong>. Powy\u017csza technika pozwala na wykonanie naci\u0119\u0107 rog\u00f3wki, kapsuloreksji (tj. otworu w przedniej torebce soczewki) oraz fragmentacji soczewki za pomoc\u0105 lasera. U\u017cycie lasera FEMTOsekundowego zwi\u0119ksza precyzj\u0119 zabiegu oraz podnosi bezpiecze\u0144stwo procedury chirurgicznej. Prawdopodobnie w przysz\u0142o\u015bci powy\u017csza metoda stanie si\u0119 standardem leczenia za\u0107my.<\/p>\n<p>[\/vc_column_text][vc_column_text]<\/p>\n<p style=\"text-align: center;\"><video id=\"my-video2\" class=\"video-js vjs-big-play-centered vjs-fluid\" width=\"300\" height=\"150\" data-setup=\"{&quot;controls&quot;: true, &quot;autoplay&quot;: false, &quot;preload&quot;: &quot;auto&quot;}\"><source src=\"https:\/\/drmika.ch\/wp-content\/uploads\/movies\/Cat_Anim_Femto_Surgery.mp4\" type=\"video\/mp4\" \/><track kind=\"captions\" src=\"https:\/\/drmika.ch\/wp-content\/uploads\/2021\/05\/Cat_Anim_Femto_Surgery_PL.vtt\" srclang=\"pl\" label=\"Polish\" default=\"\" \/><\/video><\/p>\n<p>[\/vc_column_text][vc_empty_space][vc_column_text]<\/p>\n<p style=\"text-align: justify;\"><strong>Obecnie istnieje kilka rodzaj\u00f3w implant\u00f3w (soczewek wewn\u0105trzga\u0142kowych), kt\u00f3re mog\u0105 eliminowa\u0107 nie tylko za\u0107m\u0119 lecz r\u00f3wnie\u017c korygowa\u0107 istniej\u0105ce wcze\u015bniej u pacjenta problemy refrakcji tj. zaburzenia widzenia takie jak: kr\u00f3tkowzroczno\u015b\u0107, nadwzroczno\u015b\u0107, astygmatyzm a nawet nadwzroczno\u015b\u0107 zwi\u0105zan\u0105 z wiekiem czyli starczowzroczno\u015b\u0107 (presbyopia).<\/strong><\/p>\n<p>&nbsp;<\/p>\n<h6><strong>Poni\u017cej proponowane implanty wewn\u0105trzga\u0142kowe w naszej praktyce.<\/strong><\/h6>\n<p style=\"text-align: justify;\"><strong>Standardowa soczewka jednoogniskowa, sferyczna<\/strong> przywraca widzenie do bli\u017cy lub do dali poprzez skupienie \u015bwiat\u0142a w jednym ognisku (dalekim lub bliskim). Zastosowanie ww. soczewki w wi\u0119kszo\u015bci przypadk\u00f3w wymaga noszenia okular\u00f3w do czytania b\u0105d\u017a do dali w zale\u017cno\u015bci od przedoperacyjnych kalkulacji soczewki. Implantacja tej soczewki jest obj\u0119ta podstawowym ubezpieczeniem zdrowotnym.<\/p>\n<p style=\"text-align: justify;\"><strong>Soczewka jednoogniskowa, asferyczna<\/strong> przywraca widzenie do bli\u017cy lub do dali poprzez skupienie \u015bwiat\u0142a w jednym ognisku (dalekim lub bliskim), jednocze\u015bnie pozwala na lepsz\u0105 percepcj\u0119 kontrastu w\u00a0por\u00f3wnaniu do implantu standardowego, zw\u0142aszcza w warunkach s\u0142abego o\u015bwietlenia. Soczewki asferyczne posiadaj\u0105 zazwyczaj filtr \u015bwiat\u0142a niebieskiego, co dodatkowo chroni strukury wn\u0119trza oka m.in. siatk\u00f3wk\u0119. Zastosowanie ww. soczewki w wi\u0119kszo\u015bci przypadk\u00f3w wymaga r\u00f3wnie\u017c noszenia okular\u00f3w do czytania b\u0105d\u017a do dali w zale\u017cno\u015bci od przedoperacyjnych kalkulacji soczewki.<\/p>\n<p style=\"text-align: justify;\"><strong>Soczewka toryczna<\/strong> zalecana w przypadku znacznego astygmatyzmu rog\u00f3wkowego, pozwala skorygowa\u0107 przedoperacyjny astygmatyzm. Oczywi\u015bcie isnieje mo\u017cliwo\u015b\u0107 integracji soczewki torycznej z innymi rodzajami soczewek.<\/p>\n<p style=\"text-align: justify;\"><strong>Soczewka premium tzn. zaawansowana soczewka wieloogniskowa lub soczewka EDOF (pseudo-progresywna soczewka wewn\u0105trzga\u0142kowa &#8211; extended depth of focus)<\/strong>, pozwala by\u0107 mniej zale\u017cnym od okular\u00f3w praktycznie do wszystkich odleg\u0142o\u015bci. Soczewki tego rodzaju s\u0105 wskazane dla pacjent\u00f3w, kt\u00f3rzy po operacji za\u0107my pragn\u0119liby pozosta\u0107 niezale\u017cnymi od okular\u00f3w podczas wykonywania czynno\u015bci dnia codziennego. Ten rodzaj soczewki jest proponowany r\u00f3wnie\u017c osobom, kt\u00f3re chc\u0105 przesta\u0107 korzysta\u0107 z okular\u00f3w lub soczewek kontaktowych (tj. u pacjent\u00f3w z ju\u017c widoczn\u0105 za\u0107m\u0105, z\u00a0pocz\u0105tkow\u0105 za\u0107m\u0105 lub nawet u os\u00f3b, kt\u00f3re nie maj\u0105 jeszcze za\u0107my) i u pacjent\u00f3w, kt\u00f3rzy ze wzgl\u0119d\u00f3w medycznych nie kwalifikuj\u0105 si\u0119 do laserowej chirurgii refrakcyjnej rog\u00f3wki. W powy\u017cszym przypadku zabieg nazywany jest zabiegiem refrakcyjnej wymiany prze\u017aroczystej soczewki (<strong>CLE<\/strong> &#8211; clear lens exchange lub <strong>RLE<\/strong> &#8211; refractive lens exchange) b\u0105d\u017a w przypadku pacjenta z obecn\u0105 ju\u017c nawzroczno\u015bci\u0105 zwi\u0105zan\u0105 z wiekiem czyli starczowzroczno\u015bci\u0105 (presbyopia) zabieg nazywany jest presbyopijn\u0105 wymian\u0105 soczewki (<strong>PRELEX<\/strong> &#8211; presbyopic lens exchange). Nale\u017cy pami\u0119ta\u0107, \u017ce cho\u0107 powy\u017csze soczewki zaawansowane mog\u0105 by\u0107 implantowane podczas standardowej procedury usuni\u0119cia soczewki, to u\u017cycie <strong>lasera FEMTOsekundowego<\/strong> zwi\u0119ksza precyzj\u0119 zabiegu oraz podnosi bezpiecze\u0144stwo procedury chirurgicznej, co w efekcie optymalizuje dzia\u0142anie nowoczesnych implant\u00f3w.<\/p>\n<p>[\/vc_column_text][\/vc_column][vc_column width=&#8221;1\/6&#8243;][\/vc_column][\/vc_row][vc_row][vc_column][vc_empty_space][\/vc_column][\/vc_row][vc_row][vc_column width=&#8221;1\/5&#8243;][\/vc_column][vc_column width=&#8221;1\/5&#8243;][\/vc_column][vc_column bg_color=&#8221;#f4f4f4&#8243; width=&#8221;1\/5&#8243;][vc_empty_space height=&#8221;80px&#8221;][vc_column_text el_class=&#8221;text_element&#8221;]<\/p>\n<h4 style=\"text-align: center;\"><a href=\"https:\/\/drmika.ch\/cataract-surgery-laser\/\">Dowiedz si\u0119 wi\u0119cej<\/a><\/h4>\n<p>[\/vc_column_text][vc_empty_space height=&#8221;80px&#8221;][\/vc_column][vc_column width=&#8221;1\/5&#8243;][\/vc_column][vc_column width=&#8221;1\/5&#8243;][\/vc_column][\/vc_row][vc_row][vc_column width=&#8221;1\/6&#8243;][\/vc_column][vc_column width=&#8221;2\/3&#8243;][vc_empty_space][vc_column_text]<\/p>\n<h6 style=\"color: #ff655c;\">UWAGA<\/h6>\n<p style=\"text-align: justify;\">Zaleca si\u0119, aby bezpo\u015brednio po zabiegu operacyjnym zachowa\u0107 spok\u00f3j przez kilka dni. Nale\u017cy ograniczy\u0107 akywno\u015b\u0107 fizyczn\u0105 oraz powstrzyma\u0107 si\u0119 od wi\u0119kszych wysi\u0142k\u00f3w i podr\u00f3\u017cowania.<\/p>\n<p style=\"text-align: justify;\">Zabiegi wykonywane s\u0105 w trybie ambulatoryjnym, w znieczuleniu miejscowym. Bezpo\u015brednio po wykonanym zabiegu pacjent nie mo\u017ce prowadzi\u0107 pojazd\u00f3w mechanicznych. Zaleca si\u0119, aby w miar\u0119 mo\u017cliwo\u015bci, pacjent po zabiegu wr\u00f3ci\u0142 do domu w asy\u015bcie.<\/p>\n<p>[\/vc_column_text][vc_empty_space][vc_column_text]<\/p>\n<h4 style=\"text-align: center;\"><a style=\"color: #ff655c; text-size: 15px;\" href=\"https:\/\/drmika.ch\/contact\/\">Zadbaj o oczy \u2013 um\u00f3w wizyt\u0119<\/a><\/h4>\n<p>[\/vc_column_text][\/vc_column][vc_column width=&#8221;1\/6&#8243;][\/vc_column][\/vc_row][vc_row][vc_column width=&#8221;1\/6&#8243;][\/vc_column][vc_column width=&#8221;1\/6&#8243;][\/vc_column][vc_column width=&#8221;1\/6&#8243;][vc_column_text]<div class=\"_df_thumb \" id=\"df_3949\"  _slug=\"cataract-surgery-pl\" data-title=\"chirurgia-zacmy\" wpoptions=\"true\" thumb=\"https:\/\/drmika.ch\/wp-content\/uploads\/2024\/12\/PL-Cataract-Screen.png\" thumbtype=\"\" >Chirurgia za\u0107my<\/div><script class=\"df-shortcode-script\" nowprocket type=\"application\/javascript\">window.option_df_3949 = {\"outline\":[],\"autoEnableOutline\":\"false\",\"autoEnableThumbnail\":\"false\",\"overwritePDFOutline\":\"false\",\"direction\":\"1\",\"pageSize\":\"0\",\"source\":\"https:\\\/\\\/drmika.ch\\\/wp-content\\\/uploads\\\/2024\\\/12\\\/PL-Cataract-Surgery.pdf\",\"wpOptions\":\"true\"}; if(window.DFLIP && window.DFLIP.parseBooks){window.DFLIP.parseBooks();}<\/script>[\/vc_column_text][\/vc_column][vc_column width=&#8221;1\/6&#8243;][vc_column_text]<div class=\"_df_thumb \" id=\"df_3961\"  _slug=\"cataract-surgery-with-laser-flasc-pl\" data-title=\"chirurgia-zacmy-z-pomoca-femto-lasera\" wpoptions=\"true\" thumb=\"https:\/\/drmika.ch\/wp-content\/uploads\/2024\/12\/PL-laser-screen.png\" thumbtype=\"\" >Chirurgia za\u0107my z pomoc\u0105 FEMTO lasera<\/div><script class=\"df-shortcode-script\" nowprocket type=\"application\/javascript\">window.option_df_3961 = {\"outline\":[],\"autoEnableOutline\":\"false\",\"autoEnableThumbnail\":\"false\",\"overwritePDFOutline\":\"false\",\"direction\":\"1\",\"pageSize\":\"0\",\"source\":\"https:\\\/\\\/drmika.ch\\\/wp-content\\\/uploads\\\/2024\\\/12\\\/PL-Cataract-surgery-with-laser-flasc.pdf\",\"wpOptions\":\"true\"}; if(window.DFLIP && window.DFLIP.parseBooks){window.DFLIP.parseBooks();}<\/script>[\/vc_column_text][\/vc_column][vc_column width=&#8221;1\/6&#8243;][\/vc_column][vc_column width=&#8221;1\/6&#8243;][\/vc_column][\/vc_row][vc_row][vc_column][vc_empty_space height=&#8221;50px&#8221;][\/vc_column][\/vc_row][vc_row][vc_column]<div class=\" agni-section-heading text-center ihda\" ><h2 class=\"section-heading-text \" style=\"font-size:24px;\"><span>Dowiedz si\u0119 wi\u0119cej<\/span><\/h2><div class=\"section-divide-line divide-line text-center\"><span style=\"width:90px; height:1px; background-color:#ff655c\"><\/span><\/div><\/div>[\/vc_column][\/vc_row][vc_row][vc_column]\n\t\t\t<!-- START seemoresurgery REVOLUTION SLIDER 6.6.5 --><p class=\"rs-p-wp-fix\"><\/p>\n\t\t\t<rs-module-wrap id=\"rev_slider_94_3_wrapper\" data-source=\"gallery\" style=\"visibility:hidden;background:transparent;padding:0;margin:0px auto;margin-top:0;margin-bottom:0;\">\n\t\t\t\t<rs-module id=\"rev_slider_94_3\" style=\"\" data-version=\"6.6.5\">\n\t\t\t\t\t<rs-slides style=\"overflow: hidden; position: absolute;\">\n\t\t\t\t\t\t<rs-slide style=\"position: absolute;\" data-key=\"rs-182\" data-title=\"Slide\" data-in=\"o:0;\" data-out=\"a:false;\">\n\t\t\t\t\t\t\t<img decoding=\"async\" src=\"\/\/drmika.ch\/wp-content\/plugins\/revslider\/public\/assets\/assets\/dummy.png\" alt=\"Slide\" title=\"Chirurgia za\u0107my\" class=\"rev-slidebg tp-rs-img rs-lazyload\" data-lazyload=\"\/\/drmika.ch\/wp-content\/plugins\/revslider\/public\/assets\/assets\/transparent.png\" data-no-retina>\n<!--\n\t\t\t\t\t\t\t--><a\n\t\t\t\t\t\t\t\tid=\"slider-94-slide-182-layer-1\" \n\t\t\t\t\t\t\t\tclass=\"rs-layer\"\n\t\t\t\t\t\t\t\thref=\"https:\/\/drmika.ch\/more-about-eye-treatment\/#movie1\" target=\"_self\"\n\t\t\t\t\t\t\t\tdata-type=\"image\"\n\t\t\t\t\t\t\t\tdata-rsp_ch=\"on\"\n\t\t\t\t\t\t\t\tdata-xy=\"x:l,l,l,c;\"\n\t\t\t\t\t\t\t\tdata-text=\"w:normal;s:20,20,29,17;l:0,0,36,22;\"\n\t\t\t\t\t\t\t\tdata-dim=\"w:250px,250px,364px,458px;h:137px,137px,199px,252px;\"\n\t\t\t\t\t\t\t\tdata-frame_999=\"o:0;st:w;\"\n\t\t\t\t\t\t\t\tstyle=\"z-index:31;\"\n\t\t\t\t\t\t\t><img decoding=\"async\" src=\"\/\/drmika.ch\/wp-content\/plugins\/revslider\/public\/assets\/assets\/dummy.png\" alt=\"\" class=\"tp-rs-img rs-lazyload\" width=\"2558\" height=\"1406\" data-lazyload=\"\/\/drmika.ch\/wp-content\/uploads\/2021\/05\/cataract_surgery_with_monofocal_lens.jpg\" data-no-retina> \n\t\t\t\t\t\t\t<\/a><!--\n\n\t\t\t\t\t\t\t--><a\n\t\t\t\t\t\t\t\tid=\"slider-94-slide-182-layer-4\" \n\t\t\t\t\t\t\t\tclass=\"rs-layer\"\n\t\t\t\t\t\t\t\thref=\"https:\/\/drmika.ch\/more-about-eye-treatment\/#movie2\" target=\"_self\"\n\t\t\t\t\t\t\t\tdata-type=\"image\"\n\t\t\t\t\t\t\t\tdata-rsp_ch=\"on\"\n\t\t\t\t\t\t\t\tdata-xy=\"x:c;xo:140px,140px,203px,0;yo:0,0,0,280px;\"\n\t\t\t\t\t\t\t\tdata-text=\"w:normal;s:20,20,29,17;l:0,0,36,22;\"\n\t\t\t\t\t\t\t\tdata-dim=\"w:250px,250px,364px,460px;h:138px,138px,201px,254px;\"\n\t\t\t\t\t\t\t\tdata-frame_999=\"o:0;st:w;\"\n\t\t\t\t\t\t\t\tstyle=\"z-index:28;\"\n\t\t\t\t\t\t\t><img decoding=\"async\" src=\"\/\/drmika.ch\/wp-content\/plugins\/revslider\/public\/assets\/assets\/dummy.png\" alt=\"\" class=\"tp-rs-img rs-lazyload\" width=\"2559\" height=\"1412\" data-lazyload=\"\/\/drmika.ch\/wp-content\/uploads\/2024\/12\/laser-assisted_cataract_surgery_with_a_monofocal_lens-1.jpg\" data-no-retina> \n\t\t\t\t\t\t\t<\/a><!--\n-->\t\t\t\t\t\t<\/rs-slide>\n\t\t\t\t\t<\/rs-slides>\n\t\t\t\t<\/rs-module>\n\t\t\t\t<script>\n\t\t\t\t\tsetREVStartSize({c: 'rev_slider_94_3',rl:[1240,1240,778,480],el:[170,170,560,652],gw:[534,534,778,480],gh:[170,170,560,652],type:'hero',justify:'',layout:'fullwidth',mh:\"0\"});if (window.RS_MODULES!==undefined && window.RS_MODULES.modules!==undefined && window.RS_MODULES.modules[\"revslider943\"]!==undefined) {window.RS_MODULES.modules[\"revslider943\"].once = false;window.revapi94_3 = undefined;if (window.RS_MODULES.checkMinimal!==undefined) window.RS_MODULES.checkMinimal()}\n\t\t\t\t<\/script>\n\t\t\t<\/rs-module-wrap>\n\t\t\t<!-- END REVOLUTION SLIDER -->\n[\/vc_column][\/vc_row][vc_row][vc_column][vc_empty_space height=&#8221;50px&#8221;][\/vc_column][\/vc_row]<\/p>\n<\/section>","protected":false},"excerpt":{"rendered":"<p>[vc_row][vc_column width=&#8221;1\/6&#8243;][\/vc_column][vc_column width=&#8221;2\/3&#8243;][vc_empty_space][vc_column_text] Operacja usuni\u0119cia za\u0107my polega na otwarciu przedniej torebki soczewki, usuni\u0119ciu za\u0107my, czyli zm\u0119tnia\u0142ej soczewki za pomoc\u0105 sondy ultrad\u017awi\u0119kowej (fakoemulsyfikacja) oraz wszczepieniu soczewki wewn\u0105trzga\u0142kowej. Technika chirurgiczna umo\u017cliwia fragmentacj\u0119 soczewki i jej aspiracj\u0119 przez mikro naci\u0119cie od 1,5 mm do 3,0 mm. Poprzez mikronaci\u0119cie wszczepiana jest do oka zwini\u0119ta sztuczna soczewka, kt\u00f3ra po umiejscowieniu [&hellip;]<\/p>\n","protected":false},"author":1,"featured_media":0,"parent":3598,"menu_order":0,"comment_status":"closed","ping_status":"closed","template":"","meta":{"footnotes":""},"class_list":["post-347","page","type-page","status-publish","hentry"],"_links":{"self":[{"href":"https:\/\/drmika.ch\/pl\/wp-json\/wp\/v2\/pages\/347","targetHints":{"allow":["GET"]}}],"collection":[{"href":"https:\/\/drmika.ch\/pl\/wp-json\/wp\/v2\/pages"}],"about":[{"href":"https:\/\/drmika.ch\/pl\/wp-json\/wp\/v2\/types\/page"}],"author":[{"embeddable":true,"href":"https:\/\/drmika.ch\/pl\/wp-json\/wp\/v2\/users\/1"}],"replies":[{"embeddable":true,"href":"https:\/\/drmika.ch\/pl\/wp-json\/wp\/v2\/comments?post=347"}],"version-history":[{"count":32,"href":"https:\/\/drmika.ch\/pl\/wp-json\/wp\/v2\/pages\/347\/revisions"}],"predecessor-version":[{"id":4243,"href":"https:\/\/drmika.ch\/pl\/wp-json\/wp\/v2\/pages\/347\/revisions\/4243"}],"up":[{"embeddable":true,"href":"https:\/\/drmika.ch\/pl\/wp-json\/wp\/v2\/pages\/3598"}],"wp:attachment":[{"href":"https:\/\/drmika.ch\/pl\/wp-json\/wp\/v2\/media?parent=347"}],"curies":[{"name":"wp","href":"https:\/\/api.w.org\/{rel}","templated":true}]}}