{"id":352,"date":"2021-02-25T14:19:21","date_gmt":"2021-02-25T14:19:21","guid":{"rendered":"https:\/\/drmika.ch\/?page_id=352"},"modified":"2024-12-12T21:32:18","modified_gmt":"2024-12-12T21:32:18","slug":"refractive-surgery","status":"publish","type":"page","link":"https:\/\/drmika.ch\/pl\/laser-surgery\/refractive-surgery\/","title":{"rendered":"Chirurgia refrakcyjna"},"content":{"rendered":"<section class=\"wpb-content-wrapper\"><p>[vc_row][vc_column column_fullheight=&#8221;1&#8243; width=&#8221;1\/6&#8243;][\/vc_column][vc_column width=&#8221;2\/3&#8243;][vc_empty_space]<div class=\" agni-section-heading text-center ihda\" ><h2 class=\"section-heading-text \" style=\"font-size:30px;\"><span>Chirurgia refrakcyjna<\/span><\/h2><div class=\"section-divide-line divide-line text-center\"><span style=\"width:90px; height:1px; background-color:#ff655c\"><\/span><\/div><\/div>[vc_column_text]<strong><i>Proponujemy pa\u0144stwu najnowocze\u015bniejsze technologie operacyjnej korekcji wad wzroku tj. kr\u00f3tkowzroczno\u015bci, nadwzroczno\u015bci i astygmatyzmu. Poni\u017cej metody chirurgii refrakcyjnej wykonywane w naszej praktyce.<\/i><\/strong>[\/vc_column_text][vc_empty_space][vc_row_inner equal_height=&#8221;yes&#8221;][vc_column_inner bg_color=&#8221;#f4f4f4&#8243; el_class=&#8221;column-separator-1&#8243; width=&#8221;1\/4&#8243;][vc_empty_space]<div class=\" agni-image custom-image-container text-center\">\n\t\t\t<figure class=\"agni-image-figure\">\n\t\t\t\t<a href=\"https:\/\/drmika.ch\/femto-lasik\/\"  target=\"_self\"><img loading=\"lazy\" decoding=\"async\" style=\"\" width=\"263\" height=\"146\" src=\"https:\/\/drmika.ch\/wp-content\/uploads\/2021\/06\/pikto-5.png\" class=\"fullwidth-image attachment-full  attachment-full\" alt=\"\" title=\"Surgery\" \/><\/a>\n\t\t\t\t<figcaption class=\"vc_figure-caption\"><\/figcaption>\n\t\t\t<\/figure>\n\t\t<\/div>[vc_empty_space height=&#8221;10px&#8221;][vc_column_text el_class=&#8221;text_element&#8221;]<\/p>\n<h5 style=\"text-align: center;\"><a href=\"https:\/\/drmika.ch\/pl\/femto-lasik-2\/\"><strong>FEMTO LASIK<\/strong><\/a><\/h5>\n<p>[\/vc_column_text][\/vc_column_inner][vc_column_inner bg_color=&#8221;#f4f4f4&#8243; el_class=&#8221;column-separator-1&#8243; width=&#8221;1\/4&#8243;][vc_empty_space]<div class=\" agni-image custom-image-container text-center\">\n\t\t\t<figure class=\"agni-image-figure\">\n\t\t\t\t<a href=\"https:\/\/drmika.ch\/pl\/pkr\/\"  target=\"_self\"><img loading=\"lazy\" decoding=\"async\" style=\"\" width=\"263\" height=\"146\" src=\"https:\/\/drmika.ch\/wp-content\/uploads\/2021\/06\/pikto-6.png\" class=\"fullwidth-image attachment-full  attachment-full\" alt=\"\" title=\"Laser cataract surgery\" \/><\/a>\n\t\t\t\t<figcaption class=\"vc_figure-caption\"><\/figcaption>\n\t\t\t<\/figure>\n\t\t<\/div>[vc_empty_space height=&#8221;10px&#8221;][vc_column_text el_class=&#8221;text_element&#8221;]<\/p>\n<h5 style=\"text-align: center;\"><a href=\"https:\/\/drmika.ch\/pl\/pkr\/\"><strong>PRK<\/strong><\/a><\/h5>\n<p>[\/vc_column_text][\/vc_column_inner][vc_column_inner bg_color=&#8221;#f4f4f4&#8243; el_class=&#8221;column-separator-1&#8243; width=&#8221;1\/4&#8243;][vc_empty_space]<div class=\" agni-image custom-image-container text-center\">\n\t\t\t<figure class=\"agni-image-figure\">\n\t\t\t\t<a href=\"https:\/\/drmika.ch\/pl\/treatment\/rle\/\"  target=\"_self\"><img loading=\"lazy\" decoding=\"async\" style=\"\" width=\"263\" height=\"146\" src=\"https:\/\/drmika.ch\/wp-content\/uploads\/2021\/06\/pikto-4.png\" class=\"fullwidth-image attachment-full  attachment-full\" alt=\"\" title=\"YAG capsulotomy\" \/><\/a>\n\t\t\t\t<figcaption class=\"vc_figure-caption\"><\/figcaption>\n\t\t\t<\/figure>\n\t\t<\/div>[vc_empty_space height=&#8221;10px&#8221;][vc_column_text el_class=&#8221;text_element&#8221;]<\/p>\n<h5 style=\"text-align: center;\"><a href=\"https:\/\/drmika.ch\/pl\/treatment\/rle\/\"><strong>RLE<\/strong><\/a><\/h5>\n<p>[\/vc_column_text][\/vc_column_inner][vc_column_inner bg_color=&#8221;#f4f4f4&#8243; el_class=&#8221;column-separator-1&#8243; width=&#8221;1\/4&#8243;][vc_empty_space]<div class=\" agni-image custom-image-container text-center\">\n\t\t\t<figure class=\"agni-image-figure\">\n\t\t\t\t<a href=\"https:\/\/drmika.ch\/pl\/treatment\/icl\/\"  target=\"_self\"><img loading=\"lazy\" decoding=\"async\" style=\"\" width=\"263\" height=\"146\" src=\"https:\/\/drmika.ch\/wp-content\/uploads\/2021\/06\/pikto-7.png\" class=\"fullwidth-image attachment-full  attachment-full\" alt=\"\" title=\"Cataract surgery\" \/><\/a>\n\t\t\t\t<figcaption class=\"vc_figure-caption\"><\/figcaption>\n\t\t\t<\/figure>\n\t\t<\/div>[vc_empty_space height=&#8221;10px&#8221;][vc_column_text el_class=&#8221;text_element&#8221;]<\/p>\n<h5 style=\"text-align: center;\"><a href=\"https:\/\/drmika.ch\/pl\/treatment\/icl\/\"><strong>ICL<\/strong><\/a><\/h5>\n<p>[\/vc_column_text][\/vc_column_inner][\/vc_row_inner][vc_empty_space][vc_column_text]Je\u015bli masz ju\u017c do\u015b\u0107 noszenia okular\u00f3w lub soczewek kontaktowych, mo\u017cesz zastanawia\u0107 si\u0119, czy operacja LASIK jest dla Ciebie odpowiednia. LASIK to rodzaj refrakcyjnej chirurgii oka.<\/p>\n<p><strong><em>Og\u00f3lnie rzecz bior\u0105c, wi\u0119kszo\u015b\u0107 os\u00f3b, kt\u00f3re podda\u0142y si\u0119 operacji oka LASIK, osi\u0105ga ostro\u015b\u0107 widzenia rz\u0119du 20\/25 lub lepsz\u0105, co sprawdza si\u0119 dobrze w przypadku wi\u0119kszo\u015bci czynno\u015bci dnia codziennego. Jednak, pomimo operacji, wi\u0119kszo\u015b\u0107 ludzi w miar\u0119 starzenia si\u0119 nadal potrzebuje okular\u00f3w do prowadzenia pojazd\u00f3w mechanicznych w nocy lub czytania.<\/em><\/strong><\/p>\n<p>Chirurgia LASIK ma dobre wyniki. Powik\u0142ania skutkuj\u0105ce utrat\u0105 wzroku s\u0105 wyj\u0105tkowo rzadkie\u00a0 a\u00a0wi\u0119kszo\u015b\u0107 os\u00f3b jest bardzo zadowolona z rezultat\u00f3w zabiegu. Niekt\u00f3re efekty niepo\u017c\u0105dane, zw\u0142aszcza sucho\u015b\u0107 oczu i przej\u015bciowe zaburzenia widzenia, s\u0105 do\u015b\u0107 cz\u0119ste po LASIKU. Zwykle jednak ust\u0119puj\u0105 one po kilku tygodniach lub miesi\u0105cach i bardzo niewiele os\u00f3b uwa\u017ca je za problem d\u0142ugotrwa\u0142y.<\/p>\n<p>Twoje wyniki zale\u017c\u0105 od przedoperacyjnej wady refrakcji tj. wady wzroku, jak r\u00f3wnie\u017c innych czynnik\u00f3w. Osoby z niewielk\u0105 kr\u00f3tkowzroczno\u015bci\u0105 zwykle odnosz\u0105 najwi\u0119ksze korzy\u015bci po chirurgii refrakcyjnej. Mniej przewidywalne wyniki osi\u0105gaj\u0105 osoby z du\u017cym stopniem kr\u00f3tkowzroczno\u015bci lub dalekowzroczno\u015bci oraz z astygmatyzmem.[\/vc_column_text][vc_empty_space][vc_column_text]<\/p>\n<h4 style=\"text-align: center;\"><a style=\"color: #ff655c;\">Czytaj dalej, aby dowiedzie\u0107 si\u0119 wi\u0119cej o tym, co nale\u017cy wzi\u0105\u0107 pod uwag\u0119, podejmuj\u0105c decyzj\u0119, czy ta operacja jest dla Ciebie odpowiednia<\/a><\/h4>\n<p>[\/vc_column_text][vc_empty_space][\/vc_column][vc_column width=&#8221;1\/6&#8243;][\/vc_column][\/vc_row][vc_row][vc_column]<div class=\"agni-content-block\"><section class=\"wpb-content-wrapper\"><p>[vc_row][vc_column width=&#8221;1\/6&#8243;][\/vc_column][vc_column width=&#8221;2\/3&#8243;][vc_row_inner][vc_column_inner width=&#8221;1\/3&#8243;][vc_column_text]<\/p>\n<ul>\n<li><a href=\"https:\/\/drmika.ch\/pl\/what-does-lasik-eye-surgery-involve\/\"><u>Na czym polega operacja oka LASIK?<\/u><\/a><\/li>\n<\/ul>\n<p>[\/vc_column_text][vc_column_text]<\/p>\n<ul>\n<li><a href=\"https:\/\/drmika.ch\/pl\/are-your-eyes-healthy\/\"><u>Czy Twoje oczy s\u0105 zdrowe?<\/u><\/a><\/li>\n<\/ul>\n<p>[\/vc_column_text][vc_column_text]<\/p>\n<ul>\n<li><a href=\"https:\/\/drmika.ch\/pl\/are-you-healthy\/\"><u>Czy jeste\u015b zdrowy?<\/u><\/a><\/li>\n<\/ul>\n<p>[\/vc_column_text][vc_column_text]<\/p>\n<ul>\n<li><a href=\"https:\/\/drmika.ch\/pl\/is-your-vision-stable\/\"><u>Czy Tw\u00f3j wzrok jest stabilny?<\/u><\/a><\/li>\n<\/ul>\n<p>[\/vc_column_text][\/vc_column_inner][vc_column_inner width=&#8221;1\/3&#8243;][vc_column_text]<\/p>\n<ul>\n<li><a href=\"https:\/\/drmika.ch\/pl\/can-you-afford-the-surgery\/\"><u>Czy mo\u017cesz sobie na to pozwoli\u0107?<\/u><\/a><\/li>\n<\/ul>\n<p>[\/vc_column_text][vc_column_text]<\/p>\n<ul>\n<li><a href=\"https:\/\/drmika.ch\/pl\/do-you-understand-possible-side-effects-and-complications\/\"><u>Czy rozumiesz mo\u017cliwe skutki uboczne i powik\u0142ania?<\/u><\/a><\/li>\n<\/ul>\n<p>[\/vc_column_text][vc_column_text]<\/p>\n<ul>\n<li><a href=\"https:\/\/drmika.ch\/pl\/lasik-versus-reading-glasses\/\"><u>LASIK, a okulary do czytania.<\/u><\/a><\/li>\n<\/ul>\n<p>[\/vc_column_text][\/vc_column_inner][vc_column_inner width=&#8221;1\/3&#8243;][vc_column_text]<\/p>\n<ul>\n<li><a href=\"https:\/\/drmika.ch\/pl\/refractive-surgery-and-contact-lenses\/\"><u>Zabieg chirurgii refrakcyjnej, a soczewki kontaktowe.<\/u><\/a><\/li>\n<\/ul>\n<p>[\/vc_column_text][vc_column_text]<\/p>\n<ul>\n<li><a href=\"https:\/\/drmika.ch\/pl\/what-are-your-expectations-for-lasik\/\"><u>Jakie s\u0105 Twoje oczekiwania wobec LASIK-u?<\/u><\/a><\/li>\n<\/ul>\n<p>[\/vc_column_text][vc_column_text]<\/p>\n<ul>\n<li><a href=\"https:\/\/drmika.ch\/pl\/how-do-you-choose-an-eye-surgeon\/\"><u>Jak wybra\u0107 okulist\u0119?<\/u><\/a><\/li>\n<\/ul>\n<p>[\/vc_column_text][vc_column_text]<\/p>\n<ul>\n<li><a href=\"https:\/\/drmika.ch\/pl\/the-final-decision\/\"><u>Ostateczna decyzja.<\/u><\/a><\/li>\n<\/ul>\n<p>[\/vc_column_text][\/vc_column_inner][\/vc_row_inner][\/vc_column][vc_column width=&#8221;1\/6&#8243;][\/vc_column][\/vc_row]<\/p>\n<\/section><\/div>[\/vc_column][\/vc_row][vc_row][vc_column width=&#8221;1\/6&#8243;][\/vc_column][vc_column width=&#8221;2\/3&#8243;][vc_empty_space][vc_column_text]<\/p>\n<h4 style=\"text-align: center;\"><a style=\"color: #ff655c; text-size: 15px;\" href=\"https:\/\/drmika.ch\/contact\/\">Zadbaj o oczy \u2013 um\u00f3w wizyt\u0119<\/a><\/h4>\n<p>[\/vc_column_text][vc_empty_space][\/vc_column][vc_column width=&#8221;1\/6&#8243;][\/vc_column][\/vc_row]<\/p>\n<\/section>","protected":false},"excerpt":{"rendered":"<p>[vc_row][vc_column column_fullheight=&#8221;1&#8243; width=&#8221;1\/6&#8243;][\/vc_column][vc_column width=&#8221;2\/3&#8243;][vc_empty_space][vc_column_text]Proponujemy pa\u0144stwu najnowocze\u015bniejsze technologie operacyjnej korekcji wad wzroku tj. kr\u00f3tkowzroczno\u015bci, nadwzroczno\u015bci i astygmatyzmu. Poni\u017cej metody chirurgii refrakcyjnej wykonywane w naszej praktyce.[\/vc_column_text][vc_empty_space][vc_row_inner equal_height=&#8221;yes&#8221;][vc_column_inner bg_color=&#8221;#f4f4f4&#8243; el_class=&#8221;column-separator-1&#8243; width=&#8221;1\/4&#8243;][vc_empty_space][vc_empty_space height=&#8221;10px&#8221;][vc_column_text el_class=&#8221;text_element&#8221;] FEMTO LASIK [\/vc_column_text][\/vc_column_inner][vc_column_inner bg_color=&#8221;#f4f4f4&#8243; el_class=&#8221;column-separator-1&#8243; width=&#8221;1\/4&#8243;][vc_empty_space][vc_empty_space height=&#8221;10px&#8221;][vc_column_text el_class=&#8221;text_element&#8221;] PRK [\/vc_column_text][\/vc_column_inner][vc_column_inner bg_color=&#8221;#f4f4f4&#8243; el_class=&#8221;column-separator-1&#8243; width=&#8221;1\/4&#8243;][vc_empty_space][vc_empty_space height=&#8221;10px&#8221;][vc_column_text el_class=&#8221;text_element&#8221;] RLE [\/vc_column_text][\/vc_column_inner][vc_column_inner bg_color=&#8221;#f4f4f4&#8243; el_class=&#8221;column-separator-1&#8243; width=&#8221;1\/4&#8243;][vc_empty_space][vc_empty_space height=&#8221;10px&#8221;][vc_column_text el_class=&#8221;text_element&#8221;] ICL [\/vc_column_text][\/vc_column_inner][\/vc_row_inner][vc_empty_space][vc_column_text]Je\u015bli masz [&hellip;]<\/p>\n","protected":false},"author":2,"featured_media":0,"parent":3613,"menu_order":0,"comment_status":"closed","ping_status":"closed","template":"","meta":{"footnotes":""},"class_list":["post-352","page","type-page","status-publish","hentry"],"_links":{"self":[{"href":"https:\/\/drmika.ch\/pl\/wp-json\/wp\/v2\/pages\/352","targetHints":{"allow":["GET"]}}],"collection":[{"href":"https:\/\/drmika.ch\/pl\/wp-json\/wp\/v2\/pages"}],"about":[{"href":"https:\/\/drmika.ch\/pl\/wp-json\/wp\/v2\/types\/page"}],"author":[{"embeddable":true,"href":"https:\/\/drmika.ch\/pl\/wp-json\/wp\/v2\/users\/2"}],"replies":[{"embeddable":true,"href":"https:\/\/drmika.ch\/pl\/wp-json\/wp\/v2\/comments?post=352"}],"version-history":[{"count":53,"href":"https:\/\/drmika.ch\/pl\/wp-json\/wp\/v2\/pages\/352\/revisions"}],"predecessor-version":[{"id":4036,"href":"https:\/\/drmika.ch\/pl\/wp-json\/wp\/v2\/pages\/352\/revisions\/4036"}],"up":[{"embeddable":true,"href":"https:\/\/drmika.ch\/pl\/wp-json\/wp\/v2\/pages\/3613"}],"wp:attachment":[{"href":"https:\/\/drmika.ch\/pl\/wp-json\/wp\/v2\/media?parent=352"}],"curies":[{"name":"wp","href":"https:\/\/api.w.org\/{rel}","templated":true}]}}