{"id":369,"date":"2021-02-26T07:25:20","date_gmt":"2021-02-26T07:25:20","guid":{"rendered":"https:\/\/drmika.ch\/?page_id=369"},"modified":"2024-08-30T04:33:55","modified_gmt":"2024-08-30T04:33:55","slug":"ophthalmic-oncological-surgery","status":"publish","type":"page","link":"https:\/\/drmika.ch\/pl\/surgery\/ophthalmic-oncological-surgery\/","title":{"rendered":"Okulistyczna chirurgia onkologiczna"},"content":{"rendered":"<section class=\"wpb-content-wrapper\"><p>[vc_row][vc_column width=&#8221;1\/6&#8243;][\/vc_column][vc_column width=&#8221;2\/3&#8243;][vc_empty_space]<div class=\" agni-section-heading text-center ihda\" ><h2 class=\"section-heading-text \" style=\"font-size:30px;\"><span>Okulistyczna chirurgia onkologiczna<\/span><\/h2><div class=\"section-divide-line divide-line text-center\"><span style=\"width:90px; height:1px; background-color:#ff655c\"><\/span><\/div><\/div>[vc_column_text]<\/p>\n<p style=\"text-align: justify;\">W naszej praktyce proponujemy nastepuj\u0105ce zabiegi mikrochirurgii oka oraz aparatu ochronnego oka:<\/p>\n<ul>\n<li style=\"text-align: justify;\">Usuni\u0119cie skrzydlika spoj\u00f3wki. Zabieg polega na usuni\u0119ciu zmiany degeneracyjnej spoj\u00f3wki, kt\u00f3ra nieprawid\u0142owo wrasta w struktur\u0119 rog\u00f3wki. W zale\u017cno\u015bci od stanu zaawansowania zmiany proponujemy r\u00f3\u017cne metody leczenia m.in.usuni\u0119cie skrzydlika z jednoczasowym wykonaniem auto przeszczepu spoj\u00f3wki i fiksacji spoj\u00f3wki z u\u017cyciem kleju tkankowego. W przypadku du\u017cych zmian spoj\u00f3wkowych o charakterze skrzydlika proponujemy u\u017cycie b\u0142ony owodniowej. Dysponujemy r\u00f3wnie\u017c mo\u017cliwo\u015bci\u0105 zastosowania dodatkowej terapii z u\u017cyciem antymetabolitu mitomycyny C, kt\u00f3ra znacznie ogranicza ryzyko nawrotu skrzydlika.<\/li>\n<li style=\"text-align: justify;\">Usuni\u0119cie znamion spoj\u00f3wki oraz powieki i sk\u00f3ry twarzy okolic oczu z analiz\u0105 histopatologiczn\u0105 usuni\u0119tej zmiany oraz zabiegiem rekonstrukcyjnym.<\/li>\n<li style=\"text-align: justify;\">Usuni\u0119cie guzk\u00f3w i guz\u00f3w spoj\u00f3wki oraz powieki i sk\u00f3ry twarzy okolic oczu z analiz\u0105 histopatologiczn\u0105 usuni\u0119tej zmiany oraz zabiegiem rekonstrukcyjnym.<\/li>\n<li style=\"text-align: justify;\">Usuni\u0119cie grad\u00f3wki (chalazion).<\/li>\n<li style=\"text-align: justify;\">Usuni\u0119cie k\u0119pek \u017c\u00f3\u0142tych (xanthelasma).<\/li>\n<\/ul>\n<p>[\/vc_column_text][vc_empty_space][vc_column_text]<\/p>\n<h6 style=\"color: #ff655c;\">UWAGA<\/h6>\n<p style=\"text-align: justify;\">Zabiegi wykonywane s\u0105 w trybie ambulatoryjnym, w znieczuleniu miejscowym. Bezpo\u015brednio po wykonanym zabiegu pacjent nie mo\u017ce prowadzi\u0107 pojazd\u00f3w mechanicznych. Zaleca si\u0119, aby w miar\u0119 mo\u017cliwo\u015bci, pacjent po zabiegu wr\u00f3ci\u0142 do domu w asy\u015bcie.<\/p>\n<p>[\/vc_column_text][vc_empty_space][vc_column_text]<\/p>\n<h4 style=\"text-align: center;\"><a style=\"color: #ff655c; text-size: 15px;\" href=\"https:\/\/drmika.ch\/contact\/\">Zadbaj o oczy &#8211; um\u00f3w wizyt\u0119<\/a><\/h4>\n<p>[\/vc_column_text][vc_empty_space height=&#8221;50px&#8221;][\/vc_column][vc_column width=&#8221;1\/6&#8243;][\/vc_column][\/vc_row]<\/p>\n<\/section>","protected":false},"excerpt":{"rendered":"<p>[vc_row][vc_column width=&#8221;1\/6&#8243;][\/vc_column][vc_column width=&#8221;2\/3&#8243;][vc_empty_space][vc_column_text] W naszej praktyce proponujemy nastepuj\u0105ce zabiegi mikrochirurgii oka oraz aparatu ochronnego oka: Usuni\u0119cie skrzydlika spoj\u00f3wki. Zabieg polega na usuni\u0119ciu zmiany degeneracyjnej spoj\u00f3wki, kt\u00f3ra nieprawid\u0142owo wrasta w struktur\u0119 rog\u00f3wki. W zale\u017cno\u015bci od stanu zaawansowania zmiany proponujemy r\u00f3\u017cne metody leczenia m.in.usuni\u0119cie skrzydlika z jednoczasowym wykonaniem auto przeszczepu spoj\u00f3wki i fiksacji spoj\u00f3wki z u\u017cyciem kleju [&hellip;]<\/p>\n","protected":false},"author":1,"featured_media":0,"parent":3598,"menu_order":0,"comment_status":"closed","ping_status":"closed","template":"","meta":{"footnotes":""},"class_list":["post-369","page","type-page","status-publish","hentry"],"_links":{"self":[{"href":"https:\/\/drmika.ch\/pl\/wp-json\/wp\/v2\/pages\/369","targetHints":{"allow":["GET"]}}],"collection":[{"href":"https:\/\/drmika.ch\/pl\/wp-json\/wp\/v2\/pages"}],"about":[{"href":"https:\/\/drmika.ch\/pl\/wp-json\/wp\/v2\/types\/page"}],"author":[{"embeddable":true,"href":"https:\/\/drmika.ch\/pl\/wp-json\/wp\/v2\/users\/1"}],"replies":[{"embeddable":true,"href":"https:\/\/drmika.ch\/pl\/wp-json\/wp\/v2\/comments?post=369"}],"version-history":[{"count":2,"href":"https:\/\/drmika.ch\/pl\/wp-json\/wp\/v2\/pages\/369\/revisions"}],"predecessor-version":[{"id":3256,"href":"https:\/\/drmika.ch\/pl\/wp-json\/wp\/v2\/pages\/369\/revisions\/3256"}],"up":[{"embeddable":true,"href":"https:\/\/drmika.ch\/pl\/wp-json\/wp\/v2\/pages\/3598"}],"wp:attachment":[{"href":"https:\/\/drmika.ch\/pl\/wp-json\/wp\/v2\/media?parent=369"}],"curies":[{"name":"wp","href":"https:\/\/api.w.org\/{rel}","templated":true}]}}