{"id":3738,"date":"2021-02-26T07:29:48","date_gmt":"2021-02-26T07:29:48","guid":{"rendered":"https:\/\/drmika.ch\/?page_id=3738"},"modified":"2024-12-12T17:31:52","modified_gmt":"2024-12-12T17:31:52","slug":"intraocular-vitreoretinal-surgery","status":"publish","type":"page","link":"https:\/\/drmika.ch\/pl\/surgery\/intraocular-vitreoretinal-surgery\/","title":{"rendered":"Chirurgia wewn\u0105trzga\u0142kowa &#8211; witreoretinalna"},"content":{"rendered":"<section class=\"wpb-content-wrapper\"><p>[vc_row][vc_column width=&#8221;1\/6&#8243;][\/vc_column][vc_column width=&#8221;2\/3&#8243;][vc_empty_space]<div class=\" agni-section-heading text-center ihda\" ><h2 class=\"section-heading-text \" style=\"font-size:30px;\"><span>Chirurgia wewn\u0105trzga\u0142kowa - witreoretinalna<\/span><\/h2><div class=\"section-divide-line divide-line text-center\"><span style=\"width:90px; height:1px; background-color:#ff655c\"><\/span><\/div><\/div>[vc_column_text]<\/p>\n<p style=\"text-align: justify;\">W zakresie chirurgii witreoretinalnej proponujemy konsultacj\u0119 w trybie planowym lub pilnym, wykonanie niezb\u0119dnych bada\u0144 oraz podj\u0119cie natychmiastowego leczenia chirurgicznego.<\/p>\n<p>[\/vc_column_text][vc_empty_space][vc_column_text]<\/p>\n<h6 style=\"color: #ff655c;\">UWAGA<\/h6>\n<p style=\"text-align: justify;\">Zabiegi wykonywane s\u0105 w trybie ambulatoryjnym, w znieczuleniu miejscowym. Bezpo\u015brednio po wykonanym zabiegu pacjent nie mo\u017ce prowadzi\u0107 pojazd\u00f3w mechanicznych. Zaleca si\u0119, aby w miar\u0119 mo\u017cliwo\u015bci, pacjent po zabiegu wr\u00f3ci\u0142 do domu w asy\u015bcie.<\/p>\n<p>[\/vc_column_text][vc_empty_space][vc_column_text]<\/p>\n<h4 style=\"text-align: center;\"><a style=\"color: #ff655c; text-size: 15px;\" href=\"https:\/\/drmika.ch\/contact\/\">Zadbaj o oczy &#8211; um\u00f3w wizyt\u0119<\/a><\/h4>\n<p>[\/vc_column_text][vc_empty_space height=&#8221;50px&#8221;][\/vc_column][vc_column width=&#8221;1\/6&#8243;][\/vc_column][\/vc_row]<\/p>\n<\/section>","protected":false},"excerpt":{"rendered":"<p>[vc_row][vc_column width=&#8221;1\/6&#8243;][\/vc_column][vc_column width=&#8221;2\/3&#8243;][vc_empty_space][vc_column_text] W zakresie chirurgii witreoretinalnej proponujemy konsultacj\u0119 w trybie planowym lub pilnym, wykonanie niezb\u0119dnych bada\u0144 oraz podj\u0119cie natychmiastowego leczenia chirurgicznego. [\/vc_column_text][vc_empty_space][vc_column_text] UWAGA Zabiegi wykonywane s\u0105 w trybie ambulatoryjnym, w znieczuleniu miejscowym. Bezpo\u015brednio po wykonanym zabiegu pacjent nie mo\u017ce prowadzi\u0107 pojazd\u00f3w mechanicznych. Zaleca si\u0119, aby w miar\u0119 mo\u017cliwo\u015bci, pacjent po zabiegu wr\u00f3ci\u0142 do domu [&hellip;]<\/p>\n","protected":false},"author":1,"featured_media":0,"parent":3598,"menu_order":0,"comment_status":"closed","ping_status":"closed","template":"","meta":{"footnotes":""},"class_list":["post-3738","page","type-page","status-publish","hentry"],"_links":{"self":[{"href":"https:\/\/drmika.ch\/pl\/wp-json\/wp\/v2\/pages\/3738","targetHints":{"allow":["GET"]}}],"collection":[{"href":"https:\/\/drmika.ch\/pl\/wp-json\/wp\/v2\/pages"}],"about":[{"href":"https:\/\/drmika.ch\/pl\/wp-json\/wp\/v2\/types\/page"}],"author":[{"embeddable":true,"href":"https:\/\/drmika.ch\/pl\/wp-json\/wp\/v2\/users\/1"}],"replies":[{"embeddable":true,"href":"https:\/\/drmika.ch\/pl\/wp-json\/wp\/v2\/comments?post=3738"}],"version-history":[{"count":3,"href":"https:\/\/drmika.ch\/pl\/wp-json\/wp\/v2\/pages\/3738\/revisions"}],"predecessor-version":[{"id":4030,"href":"https:\/\/drmika.ch\/pl\/wp-json\/wp\/v2\/pages\/3738\/revisions\/4030"}],"up":[{"embeddable":true,"href":"https:\/\/drmika.ch\/pl\/wp-json\/wp\/v2\/pages\/3598"}],"wp:attachment":[{"href":"https:\/\/drmika.ch\/pl\/wp-json\/wp\/v2\/media?parent=3738"}],"curies":[{"name":"wp","href":"https:\/\/api.w.org\/{rel}","templated":true}]}}