{"id":384,"date":"2021-02-26T14:40:27","date_gmt":"2021-02-26T14:40:27","guid":{"rendered":"https:\/\/drmika.ch\/?page_id=384"},"modified":"2024-12-14T10:13:20","modified_gmt":"2024-12-14T10:13:20","slug":"pterygium","status":"publish","type":"page","link":"https:\/\/drmika.ch\/pl\/eye-disorders\/pterygium\/","title":{"rendered":"Skrzydlik"},"content":{"rendered":"<section class=\"wpb-content-wrapper\"><p><\/p>\n<p>[vc_row][vc_column width=&#8221;1\/6&#8243;][\/vc_column][vc_column width=&#8221;2\/3&#8243;][vc_empty_space]<div class=\" agni-section-heading text-center ihda\" ><h2 class=\"section-heading-text \" style=\"font-size:30px;\"><span>Skrzydlik<\/span><\/h2><div class=\"section-divide-line divide-line text-center\"><span style=\"width:90px; height:1px; background-color:#ff655c\"><\/span><\/div><\/div>[vc_column_text]<\/p>\n<p style=\"text-align: justify;\"><strong>Skrzydlik<\/strong>\u00a0\u2013 to zgrubienie spoj\u00f3wki, kt\u00f3re pojawia si\u0119 w wewn\u0119trznym k\u0105ciku oka i post\u0119puje do \u015brodka rog\u00f3wki. Skrzydlik cz\u0119sto wyst\u0119puje obustronnie. Istniej\u0105 pewne czynniki ryzyka sprzyjaj\u0105ce rozwojowi skrzydlika, m.in. : nas\u0142onecznienie, wiatr czy suchy klimat. Cz\u0119\u015bciej choruj\u0105 ludzie, kt\u00f3rzy cierpi\u0105 na zesp\u00f3\u0142 suchego oka i choroby autoimmunologiczne. Je\u015bli masz powtarzaj\u0105ce si\u0119 podra\u017cnienia oczu, uczucie cia\u0142a obcego w oku, uporczywy lub nawracaj\u0105cy \u015bwi\u0105d lub zaczerwienienie spoj\u00f3wek zlokalizowane szczeg\u00f3lnie w wewn\u0119trznym k\u0105ciku oka &#8211; poddaj si\u0119 badaniu.<\/p>\n<p>[\/vc_column_text][vc_empty_space]<div class=\" agni-image custom-image-container text-center\">\n\t\t\t<figure class=\"agni-image-figure\">\n\t\t\t\t<img loading=\"lazy\" decoding=\"async\" style=\"\" width=\"882\" height=\"299\" src=\"https:\/\/drmika.ch\/wp-content\/uploads\/2021\/03\/Skrzydlik-spojowki-e1621584540329.png\" class=\"fullwidth-image attachment-full  attachment-full\" alt=\"\" title=\"Skrzydlik spojowki\" srcset=\"https:\/\/drmika.ch\/wp-content\/uploads\/2021\/03\/Skrzydlik-spojowki-e1621584540329.png 882w, https:\/\/drmika.ch\/wp-content\/uploads\/2021\/03\/Skrzydlik-spojowki-e1621584540329-300x102.png 300w, https:\/\/drmika.ch\/wp-content\/uploads\/2021\/03\/Skrzydlik-spojowki-e1621584540329-768x260.png 768w\" sizes=\"auto, (max-width: 882px) 100vw, 882px\" \/>\n\t\t\t\t<figcaption class=\"vc_figure-caption\"><\/figcaption>\n\t\t\t<\/figure>\n\t\t<\/div>[vc_empty_space][\/vc_column][vc_column width=&#8221;1\/6&#8243;][\/vc_column][\/vc_row][vc_row][vc_column][vc_column_text]<\/p>\n<h5 style=\"text-align: center;\">Przeczytaj wi\u0119cej o sposobach leczenia<\/h5>\n<p>[\/vc_column_text][\/vc_column][\/vc_row][vc_row][vc_column][vc_empty_space][\/vc_column][\/vc_row][vc_row][vc_column width=&#8221;1\/6&#8243;][\/vc_column][vc_column width=&#8221;2\/3&#8243;][vc_row_inner][vc_column_inner bg_color=&#8221;#f4f4f4&#8243; width=&#8221;1\/3&#8243;][\/vc_column_inner][vc_column_inner bg_color=&#8221;#f4f4f4&#8243; width=&#8221;1\/3&#8243;][vc_empty_space]<div class=\" agni-image custom-image-container text-center\">\n\t\t\t<figure class=\"agni-image-figure\">\n\t\t\t\t<a href=\"https:\/\/drmika.ch\/surgery\/ophthalmic-oncological-surgery\/\"  target=\"_self\"><img loading=\"lazy\" decoding=\"async\" style=\"\" width=\"263\" height=\"146\" src=\"https:\/\/drmika.ch\/wp-content\/uploads\/2021\/06\/pikto-5.png\" class=\"fullwidth-image attachment-full  attachment-full\" alt=\"\" title=\"Surgery\" \/><\/a>\n\t\t\t\t<figcaption class=\"vc_figure-caption\"><\/figcaption>\n\t\t\t<\/figure>\n\t\t<\/div>[vc_empty_space][vc_column_text el_class=&#8221;text_element&#8221;]<\/p>\n<h5 style=\"text-align: center;\"><a href=\"https:\/\/drmika.ch\/surgery\/ophthalmic-oncological-surgery\/\">Chirurgia onkologiczna<\/a><\/h5>\n<p>[\/vc_column_text][\/vc_column_inner][vc_column_inner width=&#8221;1\/3&#8243;][\/vc_column_inner][\/vc_row_inner][\/vc_column][vc_column width=&#8221;1\/6&#8243;][\/vc_column][\/vc_row][vc_row][vc_column][vc_empty_space height=&#8221;50&#8243;][\/vc_column][\/vc_row]<\/p>\n<p><\/p>\n<\/section>","protected":false},"excerpt":{"rendered":"<p>[vc_row][vc_column width=&#8221;1\/6&#8243;][\/vc_column][vc_column width=&#8221;2\/3&#8243;][vc_empty_space][vc_column_text] Skrzydlik\u00a0\u2013 to zgrubienie spoj\u00f3wki, kt\u00f3re pojawia si\u0119 w wewn\u0119trznym k\u0105ciku oka i post\u0119puje do \u015brodka rog\u00f3wki. Skrzydlik cz\u0119sto wyst\u0119puje obustronnie. Istniej\u0105 pewne czynniki ryzyka sprzyjaj\u0105ce rozwojowi skrzydlika, m.in. : nas\u0142onecznienie, wiatr czy suchy klimat. Cz\u0119\u015bciej choruj\u0105 ludzie, kt\u00f3rzy cierpi\u0105 na zesp\u00f3\u0142 suchego oka i choroby autoimmunologiczne. Je\u015bli masz powtarzaj\u0105ce si\u0119 podra\u017cnienia oczu, [&hellip;]<\/p>\n","protected":false},"author":1,"featured_media":0,"parent":20,"menu_order":0,"comment_status":"closed","ping_status":"closed","template":"","meta":{"footnotes":""},"class_list":["post-384","page","type-page","status-publish","hentry"],"_links":{"self":[{"href":"https:\/\/drmika.ch\/pl\/wp-json\/wp\/v2\/pages\/384","targetHints":{"allow":["GET"]}}],"collection":[{"href":"https:\/\/drmika.ch\/pl\/wp-json\/wp\/v2\/pages"}],"about":[{"href":"https:\/\/drmika.ch\/pl\/wp-json\/wp\/v2\/types\/page"}],"author":[{"embeddable":true,"href":"https:\/\/drmika.ch\/pl\/wp-json\/wp\/v2\/users\/1"}],"replies":[{"embeddable":true,"href":"https:\/\/drmika.ch\/pl\/wp-json\/wp\/v2\/comments?post=384"}],"version-history":[{"count":8,"href":"https:\/\/drmika.ch\/pl\/wp-json\/wp\/v2\/pages\/384\/revisions"}],"predecessor-version":[{"id":4117,"href":"https:\/\/drmika.ch\/pl\/wp-json\/wp\/v2\/pages\/384\/revisions\/4117"}],"up":[{"embeddable":true,"href":"https:\/\/drmika.ch\/pl\/wp-json\/wp\/v2\/pages\/20"}],"wp:attachment":[{"href":"https:\/\/drmika.ch\/pl\/wp-json\/wp\/v2\/media?parent=384"}],"curies":[{"name":"wp","href":"https:\/\/api.w.org\/{rel}","templated":true}]}}