{"id":389,"date":"2021-02-26T14:48:07","date_gmt":"2021-02-26T14:48:07","guid":{"rendered":"https:\/\/drmika.ch\/?page_id=389"},"modified":"2024-12-14T10:14:54","modified_gmt":"2024-12-14T10:14:54","slug":"subconjunctival-hemorrhage","status":"publish","type":"page","link":"https:\/\/drmika.ch\/pl\/eye-disorders\/subconjunctival-hemorrhage\/","title":{"rendered":"Wylew podspoj\u00f3wkowy"},"content":{"rendered":"<section class=\"wpb-content-wrapper\"><p><\/p>\n<p>[vc_row][vc_column width=&#8221;1\/6&#8243;][\/vc_column][vc_column width=&#8221;2\/3&#8243;][vc_empty_space]<div class=\" agni-section-heading text-center ihda\" ><h2 class=\"section-heading-text \" style=\"font-size:30px;\"><span>Wylew podspoj\u00f3wkowy<\/span><\/h2><div class=\"section-divide-line divide-line text-center\"><span style=\"width:90px; height:1px; background-color:#ff655c\"><\/span><\/div><\/div>[vc_column_text]<\/p>\n<p style=\"text-align: justify;\"><strong>Wylew podspoj\u00f3wkowy<\/strong>\u00a0\u2013 zto wylanie si\u0119 krwi pod spoj\u00f3wk\u0119 oka. Spoj\u00f3wka zawiera liczne naczynia krwiono\u015bne, kt\u00f3rych ci\u0105g\u0142o\u015b\u0107 mo\u017ce ulec przerwaniu, powoduj\u0105c mocne zaczerwienienie oka oraz uczucie ciala obcego czy obrz\u0119ku pod powiek\u0105. Sporadycznie pojawia si\u0119 lekki b\u00f3l. Wylew krwi pod spoj\u00f3wk\u0119 mo\u017ce by\u0107 spowodowany wieloma czynnikami m.in. kaszlem, wymiotami, znacznym wysi\u0142ek fizycznym, przym\u0119czeniem, urazem ga\u0142ki ocznej spowodowanym uciskiem lub uderzeniem. Niejednokrotnie do powstawania nawracaj\u0105cych wylew\u00f3w podspoj\u00f3wkowych przyczyni\u0107 mo\u017ce si\u0119 stan Twojego zdrowia. Je\u015bli cierpisz na nadci\u015bnienie t\u0119tnicze, mia\u017cd\u017cyc\u0119 lub hipercholesterolemi\u0119 albo masz zaburzenia krzepliwo\u015bci krwi wylew podspoj\u00f3wkowy mo\u017ce si\u0119 pojawi\u0107 bez innej uchwytnej przyczyny. Schorzeniom oka m.in. takim jak alergiczne, bakteryjne lub wirusowe zapalenie spoj\u00f3wek mog\u0105 towarzyszy\u0107 wylewy podspoj\u00f3wkowe. Nale\u017cy pami\u0119ta\u0107, \u017ce wylew podspoj\u00f3wkowy cz\u0119sto jest r\u00f3wnie\u017c objawem wyst\u0119puj\u0105cym po wszelkiego rodzaju zabiegach chirurgii okulistycznej. W wy\u017cej wymienionym przypadku nie nale\u017cy panikowa\u0107 &#8211; wylew ulegnie resorpcji w miar\u0119 gojenia si\u0119 rany pooperacyjnej.<\/p>\n<p style=\"text-align: justify;\">Ka\u017cda inna przyczyna wylewu podspoj\u00f3wkowego powinna Ci\u0119 sk\u0142oni\u0107 do odbycia pilnej kontroli okulistycznej.<\/p>\n<p>[\/vc_column_text][vc_empty_space]<div class=\" agni-image custom-image-container text-center\">\n\t\t\t<figure class=\"agni-image-figure\">\n\t\t\t\t<img loading=\"lazy\" decoding=\"async\" style=\"\" width=\"882\" height=\"299\" src=\"https:\/\/drmika.ch\/wp-content\/uploads\/2021\/03\/wylew-podspojowkowy-2-e1621584562287.jpg\" class=\"fullwidth-image attachment-full  attachment-full\" alt=\"\" title=\"wylew podspojowkowy (2)\" srcset=\"https:\/\/drmika.ch\/wp-content\/uploads\/2021\/03\/wylew-podspojowkowy-2-e1621584562287.jpg 882w, https:\/\/drmika.ch\/wp-content\/uploads\/2021\/03\/wylew-podspojowkowy-2-e1621584562287-300x102.jpg 300w, https:\/\/drmika.ch\/wp-content\/uploads\/2021\/03\/wylew-podspojowkowy-2-e1621584562287-768x260.jpg 768w\" sizes=\"auto, (max-width: 882px) 100vw, 882px\" \/>\n\t\t\t\t<figcaption class=\"vc_figure-caption\"><\/figcaption>\n\t\t\t<\/figure>\n\t\t<\/div>[vc_empty_space][\/vc_column][vc_column width=&#8221;1\/6&#8243;][\/vc_column][\/vc_row][vc_row][vc_column][vc_column_text]<\/p>\n<h5 style=\"text-align: center;\">Przeczytaj wi\u0119cej o sposobach leczenia<\/h5>\n<p>[\/vc_column_text][vc_empty_space][\/vc_column][\/vc_row][vc_row][vc_column bg_color=&#8221;#f4f4f4&#8243; width=&#8221;1\/3&#8243;][vc_empty_space]<div class=\" agni-image custom-image-container text-center\">\n\t\t\t<figure class=\"agni-image-figure\">\n\t\t\t\t<a href=\"https:\/\/drmika.ch\/treatment\/\"  target=\"_self\"><img loading=\"lazy\" decoding=\"async\" style=\"\" width=\"263\" height=\"146\" src=\"https:\/\/drmika.ch\/wp-content\/uploads\/2021\/06\/pikto-1.png\" class=\"fullwidth-image attachment-full  attachment-full\" alt=\"\" title=\"Treatment\" \/><\/a>\n\t\t\t\t<figcaption class=\"vc_figure-caption\"><\/figcaption>\n\t\t\t<\/figure>\n\t\t<\/div>[vc_empty_space][vc_column_text el_class=&#8221;text_element&#8221;]<\/p>\n<h5 style=\"text-align: center;\"><a href=\"https:\/\/drmika.ch\/treatment\/\">Leczenie<\/a><\/h5>\n<p>[\/vc_column_text][\/vc_column][vc_column width=&#8221;1\/3&#8243;][\/vc_column][vc_column bg_color=&#8221;#f4f4f4&#8243; width=&#8221;1\/3&#8243;][vc_empty_space]<div class=\" agni-image custom-image-container text-center\">\n\t\t\t<figure class=\"agni-image-figure\">\n\t\t\t\t<a href=\"https:\/\/drmika.ch\/surgery\/intraocular-vitreoretinal-surgery\/\"  target=\"_self\"><img loading=\"lazy\" decoding=\"async\" style=\"\" width=\"263\" height=\"146\" src=\"https:\/\/drmika.ch\/wp-content\/uploads\/2021\/06\/pikto-5.png\" class=\"fullwidth-image attachment-full  attachment-full\" alt=\"\" title=\"Surgery\" \/><\/a>\n\t\t\t\t<figcaption class=\"vc_figure-caption\"><\/figcaption>\n\t\t\t<\/figure>\n\t\t<\/div>[vc_empty_space height=&#8221;15px&#8221;][vc_column_text el_class=&#8221;text_element&#8221;]<\/p>\n<h5 class=\"section-heading-text \" style=\"text-align: center;\"><a href=\"https:\/\/drmika.ch\/surgery\/intraocular-vitreoretinal-surgery\/\">Chirurgia wewn\u0105trzga\u0142kowa<\/a><\/h5>\n<p>[\/vc_column_text][\/vc_column][\/vc_row][vc_row][vc_column][vc_empty_space height=&#8221;50&#8243;][\/vc_column][\/vc_row]<\/p>\n<p><\/p>\n<\/section>","protected":false},"excerpt":{"rendered":"<p>[vc_row][vc_column width=&#8221;1\/6&#8243;][\/vc_column][vc_column width=&#8221;2\/3&#8243;][vc_empty_space][vc_column_text] Wylew podspoj\u00f3wkowy\u00a0\u2013 zto wylanie si\u0119 krwi pod spoj\u00f3wk\u0119 oka. Spoj\u00f3wka zawiera liczne naczynia krwiono\u015bne, kt\u00f3rych ci\u0105g\u0142o\u015b\u0107 mo\u017ce ulec przerwaniu, powoduj\u0105c mocne zaczerwienienie oka oraz uczucie ciala obcego czy obrz\u0119ku pod powiek\u0105. Sporadycznie pojawia si\u0119 lekki b\u00f3l. Wylew krwi pod spoj\u00f3wk\u0119 mo\u017ce by\u0107 spowodowany wieloma czynnikami m.in. kaszlem, wymiotami, znacznym wysi\u0142ek fizycznym, przym\u0119czeniem, [&hellip;]<\/p>\n","protected":false},"author":1,"featured_media":0,"parent":20,"menu_order":0,"comment_status":"closed","ping_status":"closed","template":"","meta":{"footnotes":""},"class_list":["post-389","page","type-page","status-publish","hentry"],"_links":{"self":[{"href":"https:\/\/drmika.ch\/pl\/wp-json\/wp\/v2\/pages\/389","targetHints":{"allow":["GET"]}}],"collection":[{"href":"https:\/\/drmika.ch\/pl\/wp-json\/wp\/v2\/pages"}],"about":[{"href":"https:\/\/drmika.ch\/pl\/wp-json\/wp\/v2\/types\/page"}],"author":[{"embeddable":true,"href":"https:\/\/drmika.ch\/pl\/wp-json\/wp\/v2\/users\/1"}],"replies":[{"embeddable":true,"href":"https:\/\/drmika.ch\/pl\/wp-json\/wp\/v2\/comments?post=389"}],"version-history":[{"count":11,"href":"https:\/\/drmika.ch\/pl\/wp-json\/wp\/v2\/pages\/389\/revisions"}],"predecessor-version":[{"id":4118,"href":"https:\/\/drmika.ch\/pl\/wp-json\/wp\/v2\/pages\/389\/revisions\/4118"}],"up":[{"embeddable":true,"href":"https:\/\/drmika.ch\/pl\/wp-json\/wp\/v2\/pages\/20"}],"wp:attachment":[{"href":"https:\/\/drmika.ch\/pl\/wp-json\/wp\/v2\/media?parent=389"}],"curies":[{"name":"wp","href":"https:\/\/api.w.org\/{rel}","templated":true}]}}