{"id":632,"date":"2021-03-15T10:55:49","date_gmt":"2021-03-15T10:55:49","guid":{"rendered":"https:\/\/drmika.ch\/?page_id=632"},"modified":"2024-08-31T06:40:49","modified_gmt":"2024-08-31T06:40:49","slug":"blepharitis","status":"publish","type":"page","link":"https:\/\/drmika.ch\/pl\/eye-disorders\/blepharitis\/","title":{"rendered":"Zapalenie brzeg\u00f3w powiek"},"content":{"rendered":"<section class=\"wpb-content-wrapper\"><p>[vc_row][vc_column width=&#8221;1\/6&#8243;][\/vc_column][vc_column width=&#8221;2\/3&#8243;][vc_empty_space]<div class=\" agni-section-heading text-center ihda\" ><h2 class=\"section-heading-text \" style=\"font-size:30px;\"><span>Zapalenie brzeg\u00f3w powiek<\/span><\/h2><div class=\"section-divide-line divide-line text-center\"><span style=\"width:90px; height:1px; background-color:#ff655c\"><\/span><\/div><\/div>[vc_column_text]<\/p>\n<p style=\"text-align: justify;\"><strong>Zapalenie brzeg\u00f3w powiek<\/strong> to stan zapalny powiek, w kt\u00f3rym powieki staj\u0105 si\u0119 zaczerwienione, podra\u017cnione i sw\u0119dz\u0105ce, a na rz\u0119sach tworz\u0105 si\u0119 przypominaj\u0105ce \u0142upie\u017c \u0142uski. Jest to cz\u0119sto wyst\u0119puj\u0105ce schorzenie wywo\u0142ywane przez bakterie, paso\u017cyty (demodex folliculorum) lub schorzenia sk\u00f3ry, takie jak \u0142upie\u017c sk\u00f3ry g\u0142owy lub tr\u0105dzik r\u00f3\u017cowaty.<\/p>\n<p>[\/vc_column_text][vc_empty_space]<div class=\" agni-image custom-image-container text-center\">\n\t\t\t<figure class=\"agni-image-figure\">\n\t\t\t\t<img loading=\"lazy\" decoding=\"async\" style=\"\" width=\"882\" height=\"299\" src=\"https:\/\/drmika.ch\/wp-content\/uploads\/2021\/03\/zapalenie-brzegow-powiek-e1621584167200.png\" class=\"fullwidth-image attachment-full  attachment-full\" alt=\"\" title=\"zapalenie brzegow powiek\" srcset=\"https:\/\/drmika.ch\/wp-content\/uploads\/2021\/03\/zapalenie-brzegow-powiek-e1621584167200.png 882w, https:\/\/drmika.ch\/wp-content\/uploads\/2021\/03\/zapalenie-brzegow-powiek-e1621584167200-300x102.png 300w, https:\/\/drmika.ch\/wp-content\/uploads\/2021\/03\/zapalenie-brzegow-powiek-e1621584167200-768x260.png 768w\" sizes=\"auto, (max-width: 882px) 100vw, 882px\" \/>\n\t\t\t\t<figcaption class=\"vc_figure-caption\"><\/figcaption>\n\t\t\t<\/figure>\n\t\t<\/div>[vc_empty_space][\/vc_column][vc_column width=&#8221;1\/6&#8243;][\/vc_column][\/vc_row][vc_row][vc_column]<div class=\"agni-content-block\"><section class=\"wpb-content-wrapper\"><p>[vc_row][vc_column width=&#8221;1\/6&#8243;][\/vc_column][vc_column width=&#8221;2\/3&#8243;][vc_column_text]<\/p>\n<h5 style=\"text-align: center;\">Przeczytaj wi\u0119cej o sposobach leczenia<\/h5>\n<p>[\/vc_column_text][vc_empty_space][vc_row_inner][vc_column_inner width=&#8221;1\/3&#8243;][\/vc_column_inner][vc_column_inner bg_color=&#8221;#f4f4f4&#8243; width=&#8221;1\/3&#8243;][vc_empty_space]<div class=\" agni-image custom-image-container text-center\">\n\t\t\t<figure class=\"agni-image-figure\">\n\t\t\t\t<a href=\"https:\/\/drmika.ch\/pl\/treatment\/\"  target=\"_self\"><img loading=\"lazy\" decoding=\"async\" style=\"\" width=\"263\" height=\"146\" src=\"https:\/\/drmika.ch\/wp-content\/uploads\/2021\/06\/pikto-1.png\" class=\"fullwidth-image attachment-full  attachment-full\" alt=\"\" title=\"Treatment\" \/><\/a>\n\t\t\t\t<figcaption class=\"vc_figure-caption\"><\/figcaption>\n\t\t\t<\/figure>\n\t\t<\/div>[vc_empty_space][vc_column_text el_class=&#8221;text_element&#8221;]<\/p>\n<h5 style=\"text-align: center;\"><a href=\"https:\/\/drmika.ch\/pl\/treatment\/\">Leczenie<\/a><\/h5>\n<p>[\/vc_column_text][\/vc_column_inner][vc_column_inner width=&#8221;1\/3&#8243;][\/vc_column_inner][\/vc_row_inner][\/vc_column][vc_column width=&#8221;1\/6&#8243;][\/vc_column][\/vc_row]<\/p>\n<\/section><\/div>[\/vc_column][\/vc_row][vc_row][vc_column][vc_empty_space height=&#8221;50&#8243;][\/vc_column][\/vc_row]<\/p>\n<\/section>","protected":false},"excerpt":{"rendered":"<p>[vc_row][vc_column width=&#8221;1\/6&#8243;][\/vc_column][vc_column width=&#8221;2\/3&#8243;][vc_empty_space][vc_column_text] Zapalenie brzeg\u00f3w powiek to stan zapalny powiek, w kt\u00f3rym powieki staj\u0105 si\u0119 zaczerwienione, podra\u017cnione i sw\u0119dz\u0105ce, a na rz\u0119sach tworz\u0105 si\u0119 przypominaj\u0105ce \u0142upie\u017c \u0142uski. Jest to cz\u0119sto wyst\u0119puj\u0105ce schorzenie wywo\u0142ywane przez bakterie, paso\u017cyty (demodex folliculorum) lub schorzenia sk\u00f3ry, takie jak \u0142upie\u017c sk\u00f3ry g\u0142owy lub tr\u0105dzik r\u00f3\u017cowaty. [\/vc_column_text][vc_empty_space][vc_empty_space][\/vc_column][vc_column width=&#8221;1\/6&#8243;][\/vc_column][\/vc_row][vc_row][vc_column][\/vc_column][\/vc_row][vc_row][vc_column][vc_empty_space height=&#8221;50&#8243;][\/vc_column][\/vc_row]<\/p>\n","protected":false},"author":1,"featured_media":0,"parent":20,"menu_order":0,"comment_status":"closed","ping_status":"closed","template":"","meta":{"footnotes":""},"class_list":["post-632","page","type-page","status-publish","hentry"],"_links":{"self":[{"href":"https:\/\/drmika.ch\/pl\/wp-json\/wp\/v2\/pages\/632","targetHints":{"allow":["GET"]}}],"collection":[{"href":"https:\/\/drmika.ch\/pl\/wp-json\/wp\/v2\/pages"}],"about":[{"href":"https:\/\/drmika.ch\/pl\/wp-json\/wp\/v2\/types\/page"}],"author":[{"embeddable":true,"href":"https:\/\/drmika.ch\/pl\/wp-json\/wp\/v2\/users\/1"}],"replies":[{"embeddable":true,"href":"https:\/\/drmika.ch\/pl\/wp-json\/wp\/v2\/comments?post=632"}],"version-history":[{"count":5,"href":"https:\/\/drmika.ch\/pl\/wp-json\/wp\/v2\/pages\/632\/revisions"}],"predecessor-version":[{"id":3521,"href":"https:\/\/drmika.ch\/pl\/wp-json\/wp\/v2\/pages\/632\/revisions\/3521"}],"up":[{"embeddable":true,"href":"https:\/\/drmika.ch\/pl\/wp-json\/wp\/v2\/pages\/20"}],"wp:attachment":[{"href":"https:\/\/drmika.ch\/pl\/wp-json\/wp\/v2\/media?parent=632"}],"curies":[{"name":"wp","href":"https:\/\/api.w.org\/{rel}","templated":true}]}}